{"id":17420,"date":"2024-06-17T19:35:08","date_gmt":"2024-06-17T19:35:08","guid":{"rendered":"https:\/\/www.largedisplaysolutions.com\/einfuehrung-in-die-software-fuer-sportanzeigetafeln\/modell-einer-videoanzeigetafel-fuer-fussball\/"},"modified":"2024-06-18T13:41:19","modified_gmt":"2024-06-18T13:41:19","slug":"modell-einer-videoanzeigetafel-fuer-fussball","status":"publish","type":"page","link":"https:\/\/www.largedisplaysolutions.com\/de\/einfuehrung-in-die-software-fuer-sportanzeigetafeln\/modell-einer-videoanzeigetafel-fuer-fussball\/","title":{"rendered":"Video-Anzeigetafel f\u00fcr Fu\u00dfball"},"content":{"rendered":"<div class=\"fusion-fullwidth fullwidth-box fusion-builder-row-1 fusion-flex-container has-pattern-background has-mask-background nonhundred-percent-fullwidth non-hundred-percent-height-scrolling\" style=\"--awb-border-radius-top-left:0px;--awb-border-radius-top-right:0px;--awb-border-radius-bottom-right:0px;--awb-border-radius-bottom-left:0px;--awb-flex-wrap:wrap;\" ><div class=\"fusion-builder-row fusion-row fusion-flex-align-items-flex-start fusion-flex-content-wrap\" style=\"max-width:1976px;margin-left: calc(-4% \/ 2 );margin-right: calc(-4% \/ 2 );\"><div class=\"fusion-layout-column fusion_builder_column fusion-builder-column-0 fusion_builder_column_1_6 1_6 fusion-flex-column\" style=\"--awb-bg-size:cover;--awb-width-large:16.666666666667%;--awb-margin-top-large:0px;--awb-spacing-right-large:11.52%;--awb-margin-bottom-large:20px;--awb-spacing-left-large:11.52%;--awb-width-medium:16.666666666667%;--awb-order-medium:0;--awb-spacing-right-medium:11.52%;--awb-spacing-left-medium:11.52%;--awb-width-small:100%;--awb-order-small:0;--awb-spacing-right-small:1.92%;--awb-spacing-left-small:1.92%;\"><div class=\"fusion-column-wrapper fusion-column-has-shadow fusion-flex-justify-content-flex-start fusion-content-layout-column\"><\/div><\/div><div class=\"fusion-layout-column fusion_builder_column fusion-builder-column-1 fusion_builder_column_2_3 2_3 fusion-flex-column\" style=\"--awb-bg-size:cover;--awb-width-large:66.666666666667%;--awb-margin-top-large:0px;--awb-spacing-right-large:2.88%;--awb-margin-bottom-large:20px;--awb-spacing-left-large:2.88%;--awb-width-medium:66.666666666667%;--awb-order-medium:0;--awb-spacing-right-medium:2.88%;--awb-spacing-left-medium:2.88%;--awb-width-small:100%;--awb-order-small:0;--awb-spacing-right-small:1.92%;--awb-spacing-left-small:1.92%;\"><div class=\"fusion-column-wrapper fusion-column-has-shadow fusion-flex-justify-content-flex-start fusion-content-layout-column\"><div class=\"fusion-title title fusion-title-1 fusion-sep-none fusion-title-center fusion-title-text fusion-title-size-one\" style=\"--awb-margin-top-small:10px;--awb-margin-right-small:0px;--awb-margin-bottom-small:10px;--awb-margin-left-small:0px;\"><h1 class=\"fusion-title-heading title-heading-center\" style=\"margin:0;\">Verwendung des Modells der Videoanzeigetafel f\u00fcr Fu\u00dfball<\/h1><\/div><div class=\"fusion-text fusion-text-1\"><p><span style=\"font-weight: 400;\"><a href=\"https:\/\/www.largedisplaysolutions.com\/de\/software-fur-sportanzeigetafeln\/\">LDSscoreboard<\/a> enth\u00e4lt eine Reihe von Fu\u00dfballvideo-Anzeigetafelmodellen in verschiedenen Seitenverh\u00e4ltnissen, um die Erstellung der richtigen Anzeigetafel f\u00fcr Ihr Team zu vereinfachen. F\u00fcr den speziellen Fall des Fu\u00dfballs sind zwei Videoanzeigetafeln f\u00fcr Fu\u00dfball enthalten, eine f\u00fcr Bildschirme mit einem Seitenverh\u00e4ltnis von 4:3 und eine f\u00fcr Bildschirme mit einem Seitenverh\u00e4ltnis von 5:1. Das hei\u00dft, wenn Sie einen Bildschirm mit einer Aufl\u00f6sung von 800&#215;600, 1200&#215;900 oder \u00e4hnlichem haben, k\u00f6nnen Sie das Modell im Verh\u00e4ltnis 4:3 als Referenz nehmen und es an Ihre Aufl\u00f6sung anpassen, wenn die Art der Projektion nicht ganz passt. <\/span><\/p>\n<p><span style=\"font-weight: 400;\">Im Falle des Verh\u00e4ltnisses 5:1 ist es f\u00fcr Bildschirme mit einer Gr\u00f6\u00dfe von 640&#215;128 ausgelegt, was ein h\u00e4ufig verwendeter Bildschirm in nicht-professionellen Fu\u00dfballstadien ist.<\/span><\/p>\n<p>Denken Sie daran, dass LDSscoreboard ein Editor f\u00fcr Videoanzeigetafeln ist, d.h. Sie k\u00f6nnen die Anzeigetafel so bearbeiten, dass Sie die gew\u00fcnschten Informationen pr\u00e4sentieren k\u00f6nnen: Sponsoren, Meldungen, Videos, Bilder usw.. Deshalb ist es wichtig, eine Vorlage zu haben, mit der Sie die von Ihrem Team gew\u00fcnschte Videoanzeigetafel mit so wenig Aufwand wie m\u00f6glich erstellen k\u00f6nnen.<\/p>\n<\/div><div class=\"fusion-title title fusion-title-2 fusion-sep-none fusion-title-text fusion-title-size-two\" style=\"--awb-margin-top-small:10px;--awb-margin-right-small:0px;--awb-margin-bottom-small:10px;--awb-margin-left-small:0px;\"><h2 class=\"fusion-title-heading title-heading-left\" style=\"margin:0;\">Anpassbare Video-Anzeigetafel<\/h2><\/div><div class=\"fusion-image-carousel fusion-image-carousel-fixed fusion-image-carousel-1 fusion-carousel-border\"><div class=\"awb-carousel awb-swiper awb-swiper-carousel awb-carousel--carousel awb-swiper-dots-position-bottom\" data-layout=\"carousel\" data-autoplay=\"no\" data-autoplayspeed=\"2500\" data-autoplaypause=\"no\" data-columns=\"5\" data-columnsmedium=\"1\" data-columnssmall=\"1\" data-itemmargin=\"13\" data-itemwidth=\"180\" data-touchscroll=\"no\" data-freemode=\"no\" data-imagesize=\"fixed\" data-scrollitems=\"0\" data-centeredslides=\"no\" data-rotationangle=\"50\" data-depth=\"100\" data-speed=\"500\" data-shadow=\"no\" data-pagination=\"bullets\" style=\"--awb-border-width:1px;--awb-border-color:#e9eaee;\"><div class=\"swiper-wrapper awb-image-carousel-wrapper fusion-flex-align-items-center\"><div class=\"swiper-slide\"><div class=\"fusion-carousel-item-wrapper\"><div class=\"fusion-image-wrapper hover-type-none\"><img loading=\"lazy\" decoding=\"async\" width=\"269\" height=\"202\" src=\"https:\/\/www.largedisplaysolutions.com\/wp-content\/uploads\/2024\/06\/2024-06-17-2-320x240.png\" class=\"attachment-blog-medium size-blog-medium\" alt=\"Video-Anzeigetafel f\u00fcr Fu\u00dfball\" srcset=\"https:\/\/www.largedisplaysolutions.com\/wp-content\/uploads\/2024\/06\/2024-06-17-2-200x150.png 200w, https:\/\/www.largedisplaysolutions.com\/wp-content\/uploads\/2024\/06\/2024-06-17-2-400x300.png 400w, https:\/\/www.largedisplaysolutions.com\/wp-content\/uploads\/2024\/06\/2024-06-17-2-600x450.png 600w, https:\/\/www.largedisplaysolutions.com\/wp-content\/uploads\/2024\/06\/2024-06-17-2-800x600.png 800w, https:\/\/www.largedisplaysolutions.com\/wp-content\/uploads\/2024\/06\/2024-06-17-2.png 1200w\" sizes=\"auto, (min-width: 2200px) 100vw, (min-width: 928px) 370px, (min-width: 856px) 462px, (min-width: 784px) 616px, (min-width: 712px) 784px, (min-width: 640px) 712px, \" \/><\/div><\/div><\/div><div class=\"swiper-slide\"><div class=\"fusion-carousel-item-wrapper\"><div class=\"fusion-image-wrapper hover-type-none\"><img loading=\"lazy\" decoding=\"async\" width=\"269\" height=\"202\" src=\"https:\/\/www.largedisplaysolutions.com\/wp-content\/uploads\/2024\/06\/2024-06-17-4-320x240.png\" class=\"attachment-blog-medium size-blog-medium\" alt=\"Videoanzeigetafel f\u00fcr Fu\u00dfball, gelbe Karte.\" srcset=\"https:\/\/www.largedisplaysolutions.com\/wp-content\/uploads\/2024\/06\/2024-06-17-4-200x150.png 200w, https:\/\/www.largedisplaysolutions.com\/wp-content\/uploads\/2024\/06\/2024-06-17-4-400x300.png 400w, https:\/\/www.largedisplaysolutions.com\/wp-content\/uploads\/2024\/06\/2024-06-17-4-600x450.png 600w, https:\/\/www.largedisplaysolutions.com\/wp-content\/uploads\/2024\/06\/2024-06-17-4-800x600.png 800w, https:\/\/www.largedisplaysolutions.com\/wp-content\/uploads\/2024\/06\/2024-06-17-4.png 1200w\" sizes=\"auto, (min-width: 2200px) 100vw, (min-width: 928px) 370px, (min-width: 856px) 462px, (min-width: 784px) 616px, (min-width: 712px) 784px, (min-width: 640px) 712px, \" \/><\/div><\/div><\/div><div class=\"swiper-slide\"><div class=\"fusion-carousel-item-wrapper\"><div class=\"fusion-image-wrapper hover-type-none\"><img loading=\"lazy\" decoding=\"async\" width=\"269\" height=\"202\" src=\"https:\/\/www.largedisplaysolutions.com\/wp-content\/uploads\/2024\/06\/2024-06-17-1-320x240.png\" class=\"attachment-blog-medium size-blog-medium\" alt=\"Videoanzeigetafel f\u00fcr Fu\u00dfball, Ersatz.\" srcset=\"https:\/\/www.largedisplaysolutions.com\/wp-content\/uploads\/2024\/06\/2024-06-17-1-200x150.png 200w, https:\/\/www.largedisplaysolutions.com\/wp-content\/uploads\/2024\/06\/2024-06-17-1-400x300.png 400w, https:\/\/www.largedisplaysolutions.com\/wp-content\/uploads\/2024\/06\/2024-06-17-1-600x450.png 600w, https:\/\/www.largedisplaysolutions.com\/wp-content\/uploads\/2024\/06\/2024-06-17-1-800x600.png 800w, https:\/\/www.largedisplaysolutions.com\/wp-content\/uploads\/2024\/06\/2024-06-17-1.png 1200w\" sizes=\"auto, (min-width: 2200px) 100vw, (min-width: 928px) 370px, (min-width: 856px) 462px, (min-width: 784px) 616px, (min-width: 712px) 784px, (min-width: 640px) 712px, \" \/><\/div><\/div><\/div><div class=\"swiper-slide\"><div class=\"fusion-carousel-item-wrapper\"><div class=\"fusion-image-wrapper hover-type-none\"><img loading=\"lazy\" decoding=\"async\" width=\"320\" height=\"64\" src=\"https:\/\/www.largedisplaysolutions.com\/wp-content\/uploads\/2024\/06\/2024-06-17-6-320x64.png\" class=\"attachment-blog-medium size-blog-medium\" alt=\"Videoanzeigetafel f\u00fcr Fu\u00dfball, Ersatz.\" srcset=\"https:\/\/www.largedisplaysolutions.com\/wp-content\/uploads\/2024\/06\/2024-06-17-6-200x40.png 200w, https:\/\/www.largedisplaysolutions.com\/wp-content\/uploads\/2024\/06\/2024-06-17-6-400x80.png 400w, https:\/\/www.largedisplaysolutions.com\/wp-content\/uploads\/2024\/06\/2024-06-17-6-600x120.png 600w, https:\/\/www.largedisplaysolutions.com\/wp-content\/uploads\/2024\/06\/2024-06-17-6-800x160.png 800w, https:\/\/www.largedisplaysolutions.com\/wp-content\/uploads\/2024\/06\/2024-06-17-6.png 960w\" sizes=\"auto, (min-width: 2200px) 100vw, (min-width: 928px) 370px, (min-width: 856px) 462px, (min-width: 784px) 616px, (min-width: 712px) 784px, (min-width: 640px) 712px, \" \/><\/div><\/div><\/div><div class=\"swiper-slide\"><div class=\"fusion-carousel-item-wrapper\"><div class=\"fusion-image-wrapper hover-type-none\"><img loading=\"lazy\" decoding=\"async\" width=\"320\" height=\"64\" src=\"https:\/\/www.largedisplaysolutions.com\/wp-content\/uploads\/2024\/06\/2024-06-17-5-320x64.png\" class=\"attachment-blog-medium size-blog-medium\" alt=\"Video-Anzeigetafel f\u00fcr Fu\u00dfball, 5:1.\" srcset=\"https:\/\/www.largedisplaysolutions.com\/wp-content\/uploads\/2024\/06\/2024-06-17-5-200x40.png 200w, https:\/\/www.largedisplaysolutions.com\/wp-content\/uploads\/2024\/06\/2024-06-17-5-400x80.png 400w, https:\/\/www.largedisplaysolutions.com\/wp-content\/uploads\/2024\/06\/2024-06-17-5-600x120.png 600w, https:\/\/www.largedisplaysolutions.com\/wp-content\/uploads\/2024\/06\/2024-06-17-5-800x160.png 800w, https:\/\/www.largedisplaysolutions.com\/wp-content\/uploads\/2024\/06\/2024-06-17-5.png 960w\" sizes=\"auto, (min-width: 2200px) 100vw, (min-width: 928px) 370px, (min-width: 856px) 462px, (min-width: 784px) 616px, (min-width: 712px) 784px, (min-width: 640px) 712px, \" \/><\/div><\/div><\/div><\/div><div class=\"awb-swiper-button awb-swiper-button-prev\"><i class=\"awb-icon-angle-left\" aria-hidden=\"true\"><\/i><\/div><div class=\"awb-swiper-button awb-swiper-button-next\"><i class=\"awb-icon-angle-right\" aria-hidden=\"true\"><\/i><\/div><\/div><\/div><div class=\"fusion-title title fusion-title-3 fusion-sep-none fusion-title-text fusion-title-size-two\" style=\"--awb-margin-top-small:10px;--awb-margin-right-small:0px;--awb-margin-bottom-small:10px;--awb-margin-left-small:0px;\"><h2 class=\"fusion-title-heading title-heading-left\" style=\"margin:0;\">In der Anzeigetafel enthaltene Ansichten<\/h2><\/div><div class=\"fusion-text fusion-text-2\"><p><span style=\"font-weight: 400;\">Damit Sie die Anzeigetafel so schnell wie m\u00f6glich fertigstellen k\u00f6nnen, bieten wir Ihnen eine Reihe von Ansichten oder Folien an, die normalerweise in einer Videoanzeigetafel dieser Art verwendet werden.<\/span><\/p>\n<ul>\n<li style=\"font-weight: 400;\" aria-level=\"1\"><span style=\"font-weight: 400;\">Spielstand<\/span><\/li>\n<li style=\"font-weight: 400;\" aria-level=\"1\"><span style=\"font-weight: 400;\">Auswechslung von Spielern f\u00fcr das Heim- und das Ausw\u00e4rtsteam<\/span><\/li>\n<li style=\"font-weight: 400;\" aria-level=\"1\"><span style=\"font-weight: 400;\">Gelbe Karten f\u00fcr Heim- und Ausw\u00e4rtsteam<\/span><\/li>\n<li style=\"font-weight: 400;\" aria-level=\"1\"><span style=\"font-weight: 400;\">Rote Karte f\u00fcr Heim- und Ausw\u00e4rtsteam<\/span><\/li>\n<li style=\"font-weight: 400;\" aria-level=\"1\"><span style=\"font-weight: 400;\">Pr\u00e4sentation der Spieler mit Fotos.<\/span><\/li>\n<\/ul>\n<\/div><div class=\"fusion-text fusion-text-3\"><p><span style=\"font-weight: 400;\">Mit diesen Modellen von Video-Anzeigetafeln f\u00fcr den Fu\u00dfball haben Sie in wenigen Minuten eine funktionierende Video-Anzeigetafel. Gleichzeitig k\u00f6nnen Sie sie aber auch vollst\u00e4ndig anpassen, so dass das Team mit wenig Aufwand \u00fcber ein v\u00f6llig individuelles System verf\u00fcgt.<\/span><\/p>\n<p>Denken Sie daran, dass diese Modelle in der Anwendung <a href=\"https:\/\/www.largedisplaysolutions.com\/de\/software-fur-sportanzeigetafeln\/\">LDSscoreboard<\/a> enthalten sind, die Sie im<a href=\"https:\/\/www.largedisplaysolutions.com\/de\/herunterladen\/\"> Download-Bereich<\/a> dieser Website herunterladen k\u00f6nnen.<\/p>\n<\/div><\/div><\/div><div class=\"fusion-layout-column fusion_builder_column fusion-builder-column-2 fusion_builder_column_1_6 1_6 fusion-flex-column\" style=\"--awb-bg-size:cover;--awb-width-large:16.666666666667%;--awb-margin-top-large:0px;--awb-spacing-right-large:11.52%;--awb-margin-bottom-large:20px;--awb-spacing-left-large:11.52%;--awb-width-medium:16.666666666667%;--awb-order-medium:0;--awb-spacing-right-medium:11.52%;--awb-spacing-left-medium:11.52%;--awb-width-small:100%;--awb-order-small:0;--awb-spacing-right-small:1.92%;--awb-spacing-left-small:1.92%;\"><div class=\"fusion-column-wrapper fusion-column-has-shadow fusion-flex-justify-content-flex-start fusion-content-layout-column\"><\/div><\/div><\/div><\/div>\n","protected":false},"excerpt":{"rendered":"","protected":false},"author":1,"featured_media":0,"parent":16676,"menu_order":0,"comment_status":"closed","ping_status":"closed","template":"","meta":{"footnotes":""},"class_list":["post-17420","page","type-page","status-publish","hentry"],"yoast_head":"<!-- This site is optimized with the Yoast SEO plugin v27.4 - https:\/\/yoast.com\/product\/yoast-seo-wordpress\/ -->\n<title>Video-Anzeigetafel f\u00fcr Fu\u00dfball - Large Display Solutions<\/title>\n<meta name=\"description\" content=\"Vorlage f\u00fcr eine Fu\u00dfball-Videoanzeigetafel, die Sie mit LDSscoreboard verwenden und Ihren Interessen entsprechend anpassen k\u00f6nnen.\" \/>\n<meta name=\"robots\" content=\"index, follow, max-snippet:-1, max-image-preview:large, max-video-preview:-1\" \/>\n<link rel=\"canonical\" href=\"https:\/\/www.largedisplaysolutions.com\/de\/einfuehrung-in-die-software-fuer-sportanzeigetafeln\/modell-einer-videoanzeigetafel-fuer-fussball\/\" \/>\n<meta property=\"og:locale\" content=\"de_DE\" \/>\n<meta property=\"og:type\" content=\"article\" \/>\n<meta property=\"og:title\" content=\"Video-Anzeigetafel f\u00fcr Fu\u00dfball - Large Display Solutions\" \/>\n<meta property=\"og:description\" content=\"Vorlage f\u00fcr eine Fu\u00dfball-Videoanzeigetafel, die Sie mit LDSscoreboard verwenden und Ihren Interessen entsprechend anpassen k\u00f6nnen.\" \/>\n<meta property=\"og:url\" content=\"https:\/\/www.largedisplaysolutions.com\/de\/einfuehrung-in-die-software-fuer-sportanzeigetafeln\/modell-einer-videoanzeigetafel-fuer-fussball\/\" \/>\n<meta property=\"og:site_name\" content=\"Large Display Solutions\" \/>\n<meta property=\"article:modified_time\" content=\"2024-06-18T13:41:19+00:00\" \/>\n<meta name=\"twitter:card\" content=\"summary_large_image\" \/>\n<meta name=\"twitter:label1\" content=\"Gesch\u00e4tzte Lesezeit\" \/>\n\t<meta name=\"twitter:data1\" content=\"17\u00a0Minuten\" \/>\n<script type=\"application\/ld+json\" class=\"yoast-schema-graph\">{\"@context\":\"https:\\\/\\\/schema.org\",\"@graph\":[{\"@type\":\"WebPage\",\"@id\":\"https:\\\/\\\/www.largedisplaysolutions.com\\\/de\\\/einfuehrung-in-die-software-fuer-sportanzeigetafeln\\\/modell-einer-videoanzeigetafel-fuer-fussball\\\/\",\"url\":\"https:\\\/\\\/www.largedisplaysolutions.com\\\/de\\\/einfuehrung-in-die-software-fuer-sportanzeigetafeln\\\/modell-einer-videoanzeigetafel-fuer-fussball\\\/\",\"name\":\"Video-Anzeigetafel f\u00fcr Fu\u00dfball - Large Display Solutions\",\"isPartOf\":{\"@id\":\"https:\\\/\\\/www.largedisplaysolutions.com\\\/de\\\/#website\"},\"datePublished\":\"2024-06-17T19:35:08+00:00\",\"dateModified\":\"2024-06-18T13:41:19+00:00\",\"description\":\"Vorlage f\u00fcr eine Fu\u00dfball-Videoanzeigetafel, die Sie mit LDSscoreboard verwenden und Ihren Interessen entsprechend anpassen k\u00f6nnen.\",\"breadcrumb\":{\"@id\":\"https:\\\/\\\/www.largedisplaysolutions.com\\\/de\\\/einfuehrung-in-die-software-fuer-sportanzeigetafeln\\\/modell-einer-videoanzeigetafel-fuer-fussball\\\/#breadcrumb\"},\"inLanguage\":\"de\",\"potentialAction\":[{\"@type\":\"ReadAction\",\"target\":[\"https:\\\/\\\/www.largedisplaysolutions.com\\\/de\\\/einfuehrung-in-die-software-fuer-sportanzeigetafeln\\\/modell-einer-videoanzeigetafel-fuer-fussball\\\/\"]}]},{\"@type\":\"BreadcrumbList\",\"@id\":\"https:\\\/\\\/www.largedisplaysolutions.com\\\/de\\\/einfuehrung-in-die-software-fuer-sportanzeigetafeln\\\/modell-einer-videoanzeigetafel-fuer-fussball\\\/#breadcrumb\",\"itemListElement\":[{\"@type\":\"ListItem\",\"position\":1,\"name\":\"Home\",\"item\":\"https:\\\/\\\/www.largedisplaysolutions.com\\\/de\\\/\"},{\"@type\":\"ListItem\",\"position\":2,\"name\":\"Einf\u00fchrung in die Software f\u00fcr Sportanzeigetafeln\",\"item\":\"https:\\\/\\\/www.largedisplaysolutions.com\\\/de\\\/einfuehrung-in-die-software-fuer-sportanzeigetafeln\\\/\"},{\"@type\":\"ListItem\",\"position\":3,\"name\":\"Video-Anzeigetafel f\u00fcr Fu\u00dfball\"}]},{\"@type\":\"WebSite\",\"@id\":\"https:\\\/\\\/www.largedisplaysolutions.com\\\/de\\\/#website\",\"url\":\"https:\\\/\\\/www.largedisplaysolutions.com\\\/de\\\/\",\"name\":\"Large Display Solutions\",\"description\":\"Software solutions for LED perimeter systems\",\"publisher\":{\"@id\":\"https:\\\/\\\/www.largedisplaysolutions.com\\\/de\\\/#organization\"},\"potentialAction\":[{\"@type\":\"SearchAction\",\"target\":{\"@type\":\"EntryPoint\",\"urlTemplate\":\"https:\\\/\\\/www.largedisplaysolutions.com\\\/de\\\/?s={search_term_string}\"},\"query-input\":{\"@type\":\"PropertyValueSpecification\",\"valueRequired\":true,\"valueName\":\"search_term_string\"}}],\"inLanguage\":\"de\"},{\"@type\":\"Organization\",\"@id\":\"https:\\\/\\\/www.largedisplaysolutions.com\\\/de\\\/#organization\",\"name\":\"Large Display Solutions\",\"url\":\"https:\\\/\\\/www.largedisplaysolutions.com\\\/de\\\/\",\"logo\":{\"@type\":\"ImageObject\",\"inLanguage\":\"de\",\"@id\":\"https:\\\/\\\/www.largedisplaysolutions.com\\\/de\\\/#\\\/schema\\\/logo\\\/image\\\/\",\"url\":\"https:\\\/\\\/www.largedisplaysolutions.com\\\/wp-content\\\/uploads\\\/2021\\\/06\\\/LogotipoLDS_128x40.png\",\"contentUrl\":\"https:\\\/\\\/www.largedisplaysolutions.com\\\/wp-content\\\/uploads\\\/2021\\\/06\\\/LogotipoLDS_128x40.png\",\"width\":128,\"height\":40,\"caption\":\"Large Display Solutions\"},\"image\":{\"@id\":\"https:\\\/\\\/www.largedisplaysolutions.com\\\/de\\\/#\\\/schema\\\/logo\\\/image\\\/\"}}]}<\/script>\n<!-- \/ Yoast SEO plugin. -->","yoast_head_json":{"title":"Video-Anzeigetafel f\u00fcr Fu\u00dfball - Large Display Solutions","description":"Vorlage f\u00fcr eine Fu\u00dfball-Videoanzeigetafel, die Sie mit LDSscoreboard verwenden und Ihren Interessen entsprechend anpassen k\u00f6nnen.","robots":{"index":"index","follow":"follow","max-snippet":"max-snippet:-1","max-image-preview":"max-image-preview:large","max-video-preview":"max-video-preview:-1"},"canonical":"https:\/\/www.largedisplaysolutions.com\/de\/einfuehrung-in-die-software-fuer-sportanzeigetafeln\/modell-einer-videoanzeigetafel-fuer-fussball\/","og_locale":"de_DE","og_type":"article","og_title":"Video-Anzeigetafel f\u00fcr Fu\u00dfball - Large Display Solutions","og_description":"Vorlage f\u00fcr eine Fu\u00dfball-Videoanzeigetafel, die Sie mit LDSscoreboard verwenden und Ihren Interessen entsprechend anpassen k\u00f6nnen.","og_url":"https:\/\/www.largedisplaysolutions.com\/de\/einfuehrung-in-die-software-fuer-sportanzeigetafeln\/modell-einer-videoanzeigetafel-fuer-fussball\/","og_site_name":"Large Display Solutions","article_modified_time":"2024-06-18T13:41:19+00:00","twitter_card":"summary_large_image","twitter_misc":{"Gesch\u00e4tzte Lesezeit":"17\u00a0Minuten"},"schema":{"@context":"https:\/\/schema.org","@graph":[{"@type":"WebPage","@id":"https:\/\/www.largedisplaysolutions.com\/de\/einfuehrung-in-die-software-fuer-sportanzeigetafeln\/modell-einer-videoanzeigetafel-fuer-fussball\/","url":"https:\/\/www.largedisplaysolutions.com\/de\/einfuehrung-in-die-software-fuer-sportanzeigetafeln\/modell-einer-videoanzeigetafel-fuer-fussball\/","name":"Video-Anzeigetafel f\u00fcr Fu\u00dfball - Large Display Solutions","isPartOf":{"@id":"https:\/\/www.largedisplaysolutions.com\/de\/#website"},"datePublished":"2024-06-17T19:35:08+00:00","dateModified":"2024-06-18T13:41:19+00:00","description":"Vorlage f\u00fcr eine Fu\u00dfball-Videoanzeigetafel, die Sie mit LDSscoreboard verwenden und Ihren Interessen entsprechend anpassen k\u00f6nnen.","breadcrumb":{"@id":"https:\/\/www.largedisplaysolutions.com\/de\/einfuehrung-in-die-software-fuer-sportanzeigetafeln\/modell-einer-videoanzeigetafel-fuer-fussball\/#breadcrumb"},"inLanguage":"de","potentialAction":[{"@type":"ReadAction","target":["https:\/\/www.largedisplaysolutions.com\/de\/einfuehrung-in-die-software-fuer-sportanzeigetafeln\/modell-einer-videoanzeigetafel-fuer-fussball\/"]}]},{"@type":"BreadcrumbList","@id":"https:\/\/www.largedisplaysolutions.com\/de\/einfuehrung-in-die-software-fuer-sportanzeigetafeln\/modell-einer-videoanzeigetafel-fuer-fussball\/#breadcrumb","itemListElement":[{"@type":"ListItem","position":1,"name":"Home","item":"https:\/\/www.largedisplaysolutions.com\/de\/"},{"@type":"ListItem","position":2,"name":"Einf\u00fchrung in die Software f\u00fcr Sportanzeigetafeln","item":"https:\/\/www.largedisplaysolutions.com\/de\/einfuehrung-in-die-software-fuer-sportanzeigetafeln\/"},{"@type":"ListItem","position":3,"name":"Video-Anzeigetafel f\u00fcr Fu\u00dfball"}]},{"@type":"WebSite","@id":"https:\/\/www.largedisplaysolutions.com\/de\/#website","url":"https:\/\/www.largedisplaysolutions.com\/de\/","name":"Large Display Solutions","description":"Software solutions for LED perimeter systems","publisher":{"@id":"https:\/\/www.largedisplaysolutions.com\/de\/#organization"},"potentialAction":[{"@type":"SearchAction","target":{"@type":"EntryPoint","urlTemplate":"https:\/\/www.largedisplaysolutions.com\/de\/?s={search_term_string}"},"query-input":{"@type":"PropertyValueSpecification","valueRequired":true,"valueName":"search_term_string"}}],"inLanguage":"de"},{"@type":"Organization","@id":"https:\/\/www.largedisplaysolutions.com\/de\/#organization","name":"Large Display Solutions","url":"https:\/\/www.largedisplaysolutions.com\/de\/","logo":{"@type":"ImageObject","inLanguage":"de","@id":"https:\/\/www.largedisplaysolutions.com\/de\/#\/schema\/logo\/image\/","url":"https:\/\/www.largedisplaysolutions.com\/wp-content\/uploads\/2021\/06\/LogotipoLDS_128x40.png","contentUrl":"https:\/\/www.largedisplaysolutions.com\/wp-content\/uploads\/2021\/06\/LogotipoLDS_128x40.png","width":128,"height":40,"caption":"Large Display Solutions"},"image":{"@id":"https:\/\/www.largedisplaysolutions.com\/de\/#\/schema\/logo\/image\/"}}]}},"_links":{"self":[{"href":"https:\/\/www.largedisplaysolutions.com\/de\/wp-json\/wp\/v2\/pages\/17420","targetHints":{"allow":["GET"]}}],"collection":[{"href":"https:\/\/www.largedisplaysolutions.com\/de\/wp-json\/wp\/v2\/pages"}],"about":[{"href":"https:\/\/www.largedisplaysolutions.com\/de\/wp-json\/wp\/v2\/types\/page"}],"author":[{"embeddable":true,"href":"https:\/\/www.largedisplaysolutions.com\/de\/wp-json\/wp\/v2\/users\/1"}],"replies":[{"embeddable":true,"href":"https:\/\/www.largedisplaysolutions.com\/de\/wp-json\/wp\/v2\/comments?post=17420"}],"version-history":[{"count":8,"href":"https:\/\/www.largedisplaysolutions.com\/de\/wp-json\/wp\/v2\/pages\/17420\/revisions"}],"predecessor-version":[{"id":17461,"href":"https:\/\/www.largedisplaysolutions.com\/de\/wp-json\/wp\/v2\/pages\/17420\/revisions\/17461"}],"up":[{"embeddable":true,"href":"https:\/\/www.largedisplaysolutions.com\/de\/wp-json\/wp\/v2\/pages\/16676"}],"wp:attachment":[{"href":"https:\/\/www.largedisplaysolutions.com\/de\/wp-json\/wp\/v2\/media?parent=17420"}],"curies":[{"name":"wp","href":"https:\/\/api.w.org\/{rel}","templated":true}]}}