{"id":17500,"date":"2024-06-18T21:31:47","date_gmt":"2024-06-18T21:31:47","guid":{"rendered":"https:\/\/www.largedisplaysolutions.com\/einfuehrung-in-die-software-fuer-sportanzeigetafeln\/baseball-anzeigetafel-video\/"},"modified":"2024-06-18T21:44:09","modified_gmt":"2024-06-18T21:44:09","slug":"baseball-anzeigetafel-video","status":"publish","type":"page","link":"https:\/\/www.largedisplaysolutions.com\/de\/einfuehrung-in-die-software-fuer-sportanzeigetafeln\/baseball-anzeigetafel-video\/","title":{"rendered":"Baseball Anzeigetafel Video"},"content":{"rendered":"<div class=\"fusion-fullwidth fullwidth-box fusion-builder-row-1 fusion-flex-container has-pattern-background has-mask-background nonhundred-percent-fullwidth non-hundred-percent-height-scrolling\" style=\"--awb-border-radius-top-left:0px;--awb-border-radius-top-right:0px;--awb-border-radius-bottom-right:0px;--awb-border-radius-bottom-left:0px;--awb-flex-wrap:wrap;\" ><div class=\"fusion-builder-row fusion-row fusion-flex-align-items-flex-start fusion-flex-content-wrap\" style=\"max-width:1976px;margin-left: calc(-4% \/ 2 );margin-right: calc(-4% \/ 2 );\"><div class=\"fusion-layout-column fusion_builder_column fusion-builder-column-0 fusion_builder_column_1_6 1_6 fusion-flex-column\" style=\"--awb-bg-size:cover;--awb-width-large:16.666666666667%;--awb-margin-top-large:0px;--awb-spacing-right-large:11.52%;--awb-margin-bottom-large:20px;--awb-spacing-left-large:11.52%;--awb-width-medium:16.666666666667%;--awb-order-medium:0;--awb-spacing-right-medium:11.52%;--awb-spacing-left-medium:11.52%;--awb-width-small:100%;--awb-order-small:0;--awb-spacing-right-small:1.92%;--awb-spacing-left-small:1.92%;\"><div class=\"fusion-column-wrapper fusion-column-has-shadow fusion-flex-justify-content-flex-start fusion-content-layout-column\"><\/div><\/div><div class=\"fusion-layout-column fusion_builder_column fusion-builder-column-1 fusion_builder_column_2_3 2_3 fusion-flex-column\" style=\"--awb-bg-size:cover;--awb-width-large:66.666666666667%;--awb-margin-top-large:0px;--awb-spacing-right-large:2.88%;--awb-margin-bottom-large:20px;--awb-spacing-left-large:2.88%;--awb-width-medium:66.666666666667%;--awb-order-medium:0;--awb-spacing-right-medium:2.88%;--awb-spacing-left-medium:2.88%;--awb-width-small:100%;--awb-order-small:0;--awb-spacing-right-small:1.92%;--awb-spacing-left-small:1.92%;\"><div class=\"fusion-column-wrapper fusion-column-has-shadow fusion-flex-justify-content-flex-start fusion-content-layout-column\"><div class=\"fusion-title title fusion-title-1 fusion-sep-none fusion-title-center fusion-title-text fusion-title-size-one\" style=\"--awb-margin-top-small:10px;--awb-margin-right-small:0px;--awb-margin-bottom-small:10px;--awb-margin-left-small:0px;\"><h1 class=\"fusion-title-heading title-heading-center\" style=\"margin:0;\">Baseball Anzeigetafel Video<\/h1><\/div><div class=\"fusion-text fusion-text-1\"><p><span style=\"font-weight: 400;\"><a href=\"https:\/\/www.largedisplaysolutions.com\/de\/software-fur-sportanzeigetafeln\/\">LDSscoreboard<\/a> enth\u00e4lt eine Reihe von Baseball-Videoanzeigetafelmodellen in zwei Seitenverh\u00e4ltnissen, um die Erstellung der richtigen Anzeigetafel f\u00fcr Ihr Team zu vereinfachen. F\u00fcr den speziellen Fall von Baseball sind zwei Konfigurationsmodelle f\u00fcr Baseball-Videoanzeigetafeln enthalten, eines f\u00fcr Bildschirme mit einem Seitenverh\u00e4ltnis von 4:3 und eines f\u00fcr Bildschirme mit einem Seitenverh\u00e4ltnis von 5:1. Das hei\u00dft, wenn Sie einen Bildschirm mit einer Aufl\u00f6sung von 800&#215;600, 1200&#215;900 oder \u00e4hnlichem haben, k\u00f6nnen Sie das Modell im Verh\u00e4ltnis 4:3 als Referenz nehmen und es an Ihre Aufl\u00f6sung anpassen, wenn die Art der Projektion nicht Ihren Vorstellungen entspricht. <\/span><\/p>\n<p><span style=\"font-weight: 400;\">Im Falle des Verh\u00e4ltnisses 5:1 ist es f\u00fcr Bildschirme mit einer Gr\u00f6\u00dfe von 640&#215;128 ausgelegt, die h\u00e4ufig in nicht-professionellen Baseball-Stadien verwendet werden.<\/span><\/p>\n<\/div><div class=\"fusion-image-carousel fusion-image-carousel-auto fusion-image-carousel-1 fusion-carousel-border\"><div class=\"awb-carousel awb-swiper awb-swiper-carousel awb-carousel--carousel awb-swiper-dots-position-bottom\" data-layout=\"carousel\" data-autoplay=\"no\" data-autoplayspeed=\"2500\" data-autoplaypause=\"no\" data-columns=\"5\" data-columnsmedium=\"1\" data-columnssmall=\"1\" data-itemmargin=\"13\" data-itemwidth=\"180\" data-touchscroll=\"no\" data-freemode=\"no\" data-imagesize=\"auto\" data-scrollitems=\"0\" data-centeredslides=\"no\" data-rotationangle=\"50\" data-depth=\"100\" data-speed=\"500\" data-shadow=\"no\" data-pagination=\"bullets\" style=\"--awb-border-width:1px;--awb-border-color:#e9eaee;\"><div class=\"swiper-wrapper awb-image-carousel-wrapper fusion-flex-align-items-center\"><div class=\"swiper-slide\"><div class=\"fusion-carousel-item-wrapper\"><div class=\"fusion-image-wrapper hover-type-zoomin\"><img loading=\"lazy\" decoding=\"async\" width=\"1200\" height=\"900\" src=\"https:\/\/www.largedisplaysolutions.com\/wp-content\/uploads\/2024\/06\/2024-06-18.png\" class=\"attachment-full size-full\" alt=\"Baseball Anzeigetafel Video\" srcset=\"https:\/\/www.largedisplaysolutions.com\/wp-content\/uploads\/2024\/06\/2024-06-18-200x150.png 200w, https:\/\/www.largedisplaysolutions.com\/wp-content\/uploads\/2024\/06\/2024-06-18-400x300.png 400w, https:\/\/www.largedisplaysolutions.com\/wp-content\/uploads\/2024\/06\/2024-06-18-600x450.png 600w, https:\/\/www.largedisplaysolutions.com\/wp-content\/uploads\/2024\/06\/2024-06-18-800x600.png 800w, https:\/\/www.largedisplaysolutions.com\/wp-content\/uploads\/2024\/06\/2024-06-18.png 1200w\" sizes=\"auto, (min-width: 2200px) 100vw, (min-width: 712px) 784px, (min-width: 640px) 712px, \" \/><\/div><\/div><\/div><div class=\"swiper-slide\"><div class=\"fusion-carousel-item-wrapper\"><div class=\"fusion-image-wrapper hover-type-zoomin\"><img loading=\"lazy\" decoding=\"async\" width=\"960\" height=\"192\" src=\"https:\/\/www.largedisplaysolutions.com\/wp-content\/uploads\/2024\/06\/2024-06-18-1.png\" class=\"attachment-full size-full\" alt=\"Baseball Anzeigetafel Video 5:1\" srcset=\"https:\/\/www.largedisplaysolutions.com\/wp-content\/uploads\/2024\/06\/2024-06-18-1-200x40.png 200w, https:\/\/www.largedisplaysolutions.com\/wp-content\/uploads\/2024\/06\/2024-06-18-1-400x80.png 400w, https:\/\/www.largedisplaysolutions.com\/wp-content\/uploads\/2024\/06\/2024-06-18-1-600x120.png 600w, https:\/\/www.largedisplaysolutions.com\/wp-content\/uploads\/2024\/06\/2024-06-18-1-800x160.png 800w, https:\/\/www.largedisplaysolutions.com\/wp-content\/uploads\/2024\/06\/2024-06-18-1.png 960w\" sizes=\"auto, (min-width: 2200px) 100vw, (min-width: 712px) 784px, (min-width: 640px) 712px, \" \/><\/div><\/div><\/div><\/div><div class=\"awb-swiper-button awb-swiper-button-prev\"><i class=\"awb-icon-angle-left\" aria-hidden=\"true\"><\/i><\/div><div class=\"awb-swiper-button awb-swiper-button-next\"><i class=\"awb-icon-angle-right\" aria-hidden=\"true\"><\/i><\/div><\/div><\/div><div class=\"fusion-title title fusion-title-2 fusion-sep-none fusion-title-text fusion-title-size-two\" style=\"--awb-margin-top-small:10px;--awb-margin-right-small:0px;--awb-margin-bottom-small:10px;--awb-margin-left-small:0px;\"><h2 class=\"fusion-title-heading title-heading-left\" style=\"margin:0;\">Baseball Punktez\u00e4hler<\/h2><\/div><div class=\"fusion-text fusion-text-2\"><p><span style=\"font-weight: 400;\">Damit Sie die Anzeigetafel so schnell wie m\u00f6glich fertigstellen k\u00f6nnen, bieten wir Ihnen eine Ansicht oder Diashow mit dem Spielstand an. Sie k\u00f6nnen jedoch so viele Dias hinzuf\u00fcgen, wie Sie f\u00fcr notwendig halten, um Spieler, Werbung verschiedener Sponsoren oder Pr\u00e4sentationsvideos vorzustellen.<\/span><\/p>\n<\/div><div class=\"fusion-title title fusion-title-3 fusion-sep-none fusion-title-text fusion-title-size-two\" style=\"--awb-margin-top-small:10px;--awb-margin-right-small:0px;--awb-margin-bottom-small:10px;--awb-margin-left-small:0px;\"><h2 class=\"fusion-title-heading title-heading-left\" style=\"margin:0;\">Lesezeichen f\u00fcr die Videobearbeitung<\/h2><\/div><div class=\"fusion-text fusion-text-3\"><p><span style=\"font-weight: 400;\">Da es sich bei <a href=\"https:\/\/www.largedisplaysolutions.com\/de\/software-fur-sportanzeigetafeln\/\">LDSscoreboard<\/a> um einen Editor f\u00fcr Videoanzeigetafeln handelt, k\u00f6nnen Sie Ihre eigenen Folien erstellen. Sie k\u00f6nnen aber auch Folien von anderen Anzeigetafeln kopieren, z. B. von der Fu\u00dfball-Videoanzeigetafel oder von jeder anderen Videoanzeigetafel, die Sie bereits auf Ihrem Computer haben.<\/span><\/p>\n<p><span style=\"font-weight: 400;\"><a href=\"https:\/\/www.largedisplaysolutions.com\/de\/software-fur-sportanzeigetafeln\/\">LDSscoreboard<\/a> enth\u00e4lt einen Editor f\u00fcr Videoanzeigetafeln, mit dem Sie die Anzeigetafeln schnell und einfach bearbeiten k\u00f6nnen, indem Sie verschiedene Elemente wie Bilder, Videos, Texte usw. ziehen und konfigurieren. Denken Sie auch daran, dass dieses Tool st\u00e4ndig weiterentwickelt und verbessert wird, um die bestm\u00f6gliche Benutzererfahrung bei der Erstellung und Bearbeitung von Video-Lesezeichen zu bieten.<\/span><\/p>\n<\/div><\/div><\/div><div class=\"fusion-layout-column fusion_builder_column fusion-builder-column-2 fusion_builder_column_1_6 1_6 fusion-flex-column\" style=\"--awb-bg-size:cover;--awb-width-large:16.666666666667%;--awb-margin-top-large:0px;--awb-spacing-right-large:11.52%;--awb-margin-bottom-large:20px;--awb-spacing-left-large:11.52%;--awb-width-medium:16.666666666667%;--awb-order-medium:0;--awb-spacing-right-medium:11.52%;--awb-spacing-left-medium:11.52%;--awb-width-small:100%;--awb-order-small:0;--awb-spacing-right-small:1.92%;--awb-spacing-left-small:1.92%;\"><div class=\"fusion-column-wrapper fusion-column-has-shadow fusion-flex-justify-content-flex-start fusion-content-layout-column\"><\/div><\/div><\/div><\/div>\n","protected":false},"excerpt":{"rendered":"","protected":false},"author":1,"featured_media":0,"parent":16676,"menu_order":0,"comment_status":"closed","ping_status":"closed","template":"","meta":{"footnotes":""},"class_list":["post-17500","page","type-page","status-publish","hentry"],"yoast_head":"<!-- This site is optimized with the Yoast SEO plugin v27.4 - https:\/\/yoast.com\/product\/yoast-seo-wordpress\/ -->\n<title>Baseball Anzeigetafel Video - Large Display Solutions<\/title>\n<meta name=\"description\" content=\"Die Videoanzeigetafel f\u00fcr Baseball, die f\u00fcr LDSscoreboard entwickelt wurde, erm\u00f6glicht Ihnen ein System zur Kontrolle des Spielstands.\" \/>\n<meta name=\"robots\" content=\"index, follow, max-snippet:-1, max-image-preview:large, max-video-preview:-1\" \/>\n<link rel=\"canonical\" href=\"https:\/\/www.largedisplaysolutions.com\/de\/einfuehrung-in-die-software-fuer-sportanzeigetafeln\/baseball-anzeigetafel-video\/\" \/>\n<meta property=\"og:locale\" content=\"de_DE\" \/>\n<meta property=\"og:type\" content=\"article\" \/>\n<meta property=\"og:title\" content=\"Baseball Anzeigetafel Video - Large Display Solutions\" \/>\n<meta property=\"og:description\" content=\"Die Videoanzeigetafel f\u00fcr Baseball, die f\u00fcr LDSscoreboard entwickelt wurde, erm\u00f6glicht Ihnen ein System zur Kontrolle des Spielstands.\" \/>\n<meta property=\"og:url\" content=\"https:\/\/www.largedisplaysolutions.com\/de\/einfuehrung-in-die-software-fuer-sportanzeigetafeln\/baseball-anzeigetafel-video\/\" \/>\n<meta property=\"og:site_name\" content=\"Large Display Solutions\" \/>\n<meta property=\"article:modified_time\" content=\"2024-06-18T21:44:09+00:00\" \/>\n<meta name=\"twitter:card\" content=\"summary_large_image\" \/>\n<meta name=\"twitter:label1\" content=\"Gesch\u00e4tzte Lesezeit\" \/>\n\t<meta name=\"twitter:data1\" content=\"16\u00a0Minuten\" \/>\n<script type=\"application\/ld+json\" class=\"yoast-schema-graph\">{\"@context\":\"https:\\\/\\\/schema.org\",\"@graph\":[{\"@type\":\"WebPage\",\"@id\":\"https:\\\/\\\/www.largedisplaysolutions.com\\\/de\\\/einfuehrung-in-die-software-fuer-sportanzeigetafeln\\\/baseball-anzeigetafel-video\\\/\",\"url\":\"https:\\\/\\\/www.largedisplaysolutions.com\\\/de\\\/einfuehrung-in-die-software-fuer-sportanzeigetafeln\\\/baseball-anzeigetafel-video\\\/\",\"name\":\"Baseball Anzeigetafel Video - Large Display Solutions\",\"isPartOf\":{\"@id\":\"https:\\\/\\\/www.largedisplaysolutions.com\\\/de\\\/#website\"},\"datePublished\":\"2024-06-18T21:31:47+00:00\",\"dateModified\":\"2024-06-18T21:44:09+00:00\",\"description\":\"Die Videoanzeigetafel f\u00fcr Baseball, die f\u00fcr LDSscoreboard entwickelt wurde, erm\u00f6glicht Ihnen ein System zur Kontrolle des Spielstands.\",\"breadcrumb\":{\"@id\":\"https:\\\/\\\/www.largedisplaysolutions.com\\\/de\\\/einfuehrung-in-die-software-fuer-sportanzeigetafeln\\\/baseball-anzeigetafel-video\\\/#breadcrumb\"},\"inLanguage\":\"de\",\"potentialAction\":[{\"@type\":\"ReadAction\",\"target\":[\"https:\\\/\\\/www.largedisplaysolutions.com\\\/de\\\/einfuehrung-in-die-software-fuer-sportanzeigetafeln\\\/baseball-anzeigetafel-video\\\/\"]}]},{\"@type\":\"BreadcrumbList\",\"@id\":\"https:\\\/\\\/www.largedisplaysolutions.com\\\/de\\\/einfuehrung-in-die-software-fuer-sportanzeigetafeln\\\/baseball-anzeigetafel-video\\\/#breadcrumb\",\"itemListElement\":[{\"@type\":\"ListItem\",\"position\":1,\"name\":\"Home\",\"item\":\"https:\\\/\\\/www.largedisplaysolutions.com\\\/de\\\/\"},{\"@type\":\"ListItem\",\"position\":2,\"name\":\"Einf\u00fchrung in die Software f\u00fcr Sportanzeigetafeln\",\"item\":\"https:\\\/\\\/www.largedisplaysolutions.com\\\/de\\\/einfuehrung-in-die-software-fuer-sportanzeigetafeln\\\/\"},{\"@type\":\"ListItem\",\"position\":3,\"name\":\"Baseball Anzeigetafel Video\"}]},{\"@type\":\"WebSite\",\"@id\":\"https:\\\/\\\/www.largedisplaysolutions.com\\\/de\\\/#website\",\"url\":\"https:\\\/\\\/www.largedisplaysolutions.com\\\/de\\\/\",\"name\":\"Large Display Solutions\",\"description\":\"Software solutions for LED perimeter systems\",\"publisher\":{\"@id\":\"https:\\\/\\\/www.largedisplaysolutions.com\\\/de\\\/#organization\"},\"potentialAction\":[{\"@type\":\"SearchAction\",\"target\":{\"@type\":\"EntryPoint\",\"urlTemplate\":\"https:\\\/\\\/www.largedisplaysolutions.com\\\/de\\\/?s={search_term_string}\"},\"query-input\":{\"@type\":\"PropertyValueSpecification\",\"valueRequired\":true,\"valueName\":\"search_term_string\"}}],\"inLanguage\":\"de\"},{\"@type\":\"Organization\",\"@id\":\"https:\\\/\\\/www.largedisplaysolutions.com\\\/de\\\/#organization\",\"name\":\"Large Display Solutions\",\"url\":\"https:\\\/\\\/www.largedisplaysolutions.com\\\/de\\\/\",\"logo\":{\"@type\":\"ImageObject\",\"inLanguage\":\"de\",\"@id\":\"https:\\\/\\\/www.largedisplaysolutions.com\\\/de\\\/#\\\/schema\\\/logo\\\/image\\\/\",\"url\":\"https:\\\/\\\/www.largedisplaysolutions.com\\\/wp-content\\\/uploads\\\/2021\\\/06\\\/LogotipoLDS_128x40.png\",\"contentUrl\":\"https:\\\/\\\/www.largedisplaysolutions.com\\\/wp-content\\\/uploads\\\/2021\\\/06\\\/LogotipoLDS_128x40.png\",\"width\":128,\"height\":40,\"caption\":\"Large Display Solutions\"},\"image\":{\"@id\":\"https:\\\/\\\/www.largedisplaysolutions.com\\\/de\\\/#\\\/schema\\\/logo\\\/image\\\/\"}}]}<\/script>\n<!-- \/ Yoast SEO plugin. -->","yoast_head_json":{"title":"Baseball Anzeigetafel Video - Large Display Solutions","description":"Die Videoanzeigetafel f\u00fcr Baseball, die f\u00fcr LDSscoreboard entwickelt wurde, erm\u00f6glicht Ihnen ein System zur Kontrolle des Spielstands.","robots":{"index":"index","follow":"follow","max-snippet":"max-snippet:-1","max-image-preview":"max-image-preview:large","max-video-preview":"max-video-preview:-1"},"canonical":"https:\/\/www.largedisplaysolutions.com\/de\/einfuehrung-in-die-software-fuer-sportanzeigetafeln\/baseball-anzeigetafel-video\/","og_locale":"de_DE","og_type":"article","og_title":"Baseball Anzeigetafel Video - Large Display Solutions","og_description":"Die Videoanzeigetafel f\u00fcr Baseball, die f\u00fcr LDSscoreboard entwickelt wurde, erm\u00f6glicht Ihnen ein System zur Kontrolle des Spielstands.","og_url":"https:\/\/www.largedisplaysolutions.com\/de\/einfuehrung-in-die-software-fuer-sportanzeigetafeln\/baseball-anzeigetafel-video\/","og_site_name":"Large Display Solutions","article_modified_time":"2024-06-18T21:44:09+00:00","twitter_card":"summary_large_image","twitter_misc":{"Gesch\u00e4tzte Lesezeit":"16\u00a0Minuten"},"schema":{"@context":"https:\/\/schema.org","@graph":[{"@type":"WebPage","@id":"https:\/\/www.largedisplaysolutions.com\/de\/einfuehrung-in-die-software-fuer-sportanzeigetafeln\/baseball-anzeigetafel-video\/","url":"https:\/\/www.largedisplaysolutions.com\/de\/einfuehrung-in-die-software-fuer-sportanzeigetafeln\/baseball-anzeigetafel-video\/","name":"Baseball Anzeigetafel Video - Large Display Solutions","isPartOf":{"@id":"https:\/\/www.largedisplaysolutions.com\/de\/#website"},"datePublished":"2024-06-18T21:31:47+00:00","dateModified":"2024-06-18T21:44:09+00:00","description":"Die Videoanzeigetafel f\u00fcr Baseball, die f\u00fcr LDSscoreboard entwickelt wurde, erm\u00f6glicht Ihnen ein System zur Kontrolle des Spielstands.","breadcrumb":{"@id":"https:\/\/www.largedisplaysolutions.com\/de\/einfuehrung-in-die-software-fuer-sportanzeigetafeln\/baseball-anzeigetafel-video\/#breadcrumb"},"inLanguage":"de","potentialAction":[{"@type":"ReadAction","target":["https:\/\/www.largedisplaysolutions.com\/de\/einfuehrung-in-die-software-fuer-sportanzeigetafeln\/baseball-anzeigetafel-video\/"]}]},{"@type":"BreadcrumbList","@id":"https:\/\/www.largedisplaysolutions.com\/de\/einfuehrung-in-die-software-fuer-sportanzeigetafeln\/baseball-anzeigetafel-video\/#breadcrumb","itemListElement":[{"@type":"ListItem","position":1,"name":"Home","item":"https:\/\/www.largedisplaysolutions.com\/de\/"},{"@type":"ListItem","position":2,"name":"Einf\u00fchrung in die Software f\u00fcr Sportanzeigetafeln","item":"https:\/\/www.largedisplaysolutions.com\/de\/einfuehrung-in-die-software-fuer-sportanzeigetafeln\/"},{"@type":"ListItem","position":3,"name":"Baseball Anzeigetafel Video"}]},{"@type":"WebSite","@id":"https:\/\/www.largedisplaysolutions.com\/de\/#website","url":"https:\/\/www.largedisplaysolutions.com\/de\/","name":"Large Display Solutions","description":"Software solutions for LED perimeter systems","publisher":{"@id":"https:\/\/www.largedisplaysolutions.com\/de\/#organization"},"potentialAction":[{"@type":"SearchAction","target":{"@type":"EntryPoint","urlTemplate":"https:\/\/www.largedisplaysolutions.com\/de\/?s={search_term_string}"},"query-input":{"@type":"PropertyValueSpecification","valueRequired":true,"valueName":"search_term_string"}}],"inLanguage":"de"},{"@type":"Organization","@id":"https:\/\/www.largedisplaysolutions.com\/de\/#organization","name":"Large Display Solutions","url":"https:\/\/www.largedisplaysolutions.com\/de\/","logo":{"@type":"ImageObject","inLanguage":"de","@id":"https:\/\/www.largedisplaysolutions.com\/de\/#\/schema\/logo\/image\/","url":"https:\/\/www.largedisplaysolutions.com\/wp-content\/uploads\/2021\/06\/LogotipoLDS_128x40.png","contentUrl":"https:\/\/www.largedisplaysolutions.com\/wp-content\/uploads\/2021\/06\/LogotipoLDS_128x40.png","width":128,"height":40,"caption":"Large Display Solutions"},"image":{"@id":"https:\/\/www.largedisplaysolutions.com\/de\/#\/schema\/logo\/image\/"}}]}},"_links":{"self":[{"href":"https:\/\/www.largedisplaysolutions.com\/de\/wp-json\/wp\/v2\/pages\/17500","targetHints":{"allow":["GET"]}}],"collection":[{"href":"https:\/\/www.largedisplaysolutions.com\/de\/wp-json\/wp\/v2\/pages"}],"about":[{"href":"https:\/\/www.largedisplaysolutions.com\/de\/wp-json\/wp\/v2\/types\/page"}],"author":[{"embeddable":true,"href":"https:\/\/www.largedisplaysolutions.com\/de\/wp-json\/wp\/v2\/users\/1"}],"replies":[{"embeddable":true,"href":"https:\/\/www.largedisplaysolutions.com\/de\/wp-json\/wp\/v2\/comments?post=17500"}],"version-history":[{"count":9,"href":"https:\/\/www.largedisplaysolutions.com\/de\/wp-json\/wp\/v2\/pages\/17500\/revisions"}],"predecessor-version":[{"id":17576,"href":"https:\/\/www.largedisplaysolutions.com\/de\/wp-json\/wp\/v2\/pages\/17500\/revisions\/17576"}],"up":[{"embeddable":true,"href":"https:\/\/www.largedisplaysolutions.com\/de\/wp-json\/wp\/v2\/pages\/16676"}],"wp:attachment":[{"href":"https:\/\/www.largedisplaysolutions.com\/de\/wp-json\/wp\/v2\/media?parent=17500"}],"curies":[{"name":"wp","href":"https:\/\/api.w.org\/{rel}","templated":true}]}}