{"id":17372,"date":"2024-06-17T15:04:00","date_gmt":"2024-06-17T15:04:00","guid":{"rendered":"https:\/\/www.largedisplaysolutions.com\/?page_id=17372"},"modified":"2024-06-17T21:08:39","modified_gmt":"2024-06-17T21:08:39","slug":"video-marcador-para-futbol","status":"publish","type":"page","link":"https:\/\/www.largedisplaysolutions.com\/es\/introduccion-al-software-de-marcadores-deportivos\/video-marcador-para-futbol\/","title":{"rendered":"Video marcador para f\u00fatbol"},"content":{"rendered":"<div class=\"fusion-fullwidth fullwidth-box fusion-builder-row-1 fusion-flex-container has-pattern-background has-mask-background nonhundred-percent-fullwidth non-hundred-percent-height-scrolling\" style=\"--awb-border-radius-top-left:0px;--awb-border-radius-top-right:0px;--awb-border-radius-bottom-right:0px;--awb-border-radius-bottom-left:0px;--awb-flex-wrap:wrap;\" ><div class=\"fusion-builder-row fusion-row fusion-flex-align-items-flex-start fusion-flex-content-wrap\" style=\"max-width:1976px;margin-left: calc(-4% \/ 2 );margin-right: calc(-4% \/ 2 );\"><div class=\"fusion-layout-column fusion_builder_column fusion-builder-column-0 fusion_builder_column_1_6 1_6 fusion-flex-column\" style=\"--awb-bg-size:cover;--awb-width-large:16.666666666667%;--awb-margin-top-large:0px;--awb-spacing-right-large:11.52%;--awb-margin-bottom-large:20px;--awb-spacing-left-large:11.52%;--awb-width-medium:16.666666666667%;--awb-order-medium:0;--awb-spacing-right-medium:11.52%;--awb-spacing-left-medium:11.52%;--awb-width-small:100%;--awb-order-small:0;--awb-spacing-right-small:1.92%;--awb-spacing-left-small:1.92%;\"><div class=\"fusion-column-wrapper fusion-column-has-shadow fusion-flex-justify-content-flex-start fusion-content-layout-column\"><\/div><\/div><div class=\"fusion-layout-column fusion_builder_column fusion-builder-column-1 fusion_builder_column_2_3 2_3 fusion-flex-column\" style=\"--awb-bg-size:cover;--awb-width-large:66.666666666667%;--awb-margin-top-large:0px;--awb-spacing-right-large:2.88%;--awb-margin-bottom-large:20px;--awb-spacing-left-large:2.88%;--awb-width-medium:66.666666666667%;--awb-order-medium:0;--awb-spacing-right-medium:2.88%;--awb-spacing-left-medium:2.88%;--awb-width-small:100%;--awb-order-small:0;--awb-spacing-right-small:1.92%;--awb-spacing-left-small:1.92%;\"><div class=\"fusion-column-wrapper fusion-column-has-shadow fusion-flex-justify-content-flex-start fusion-content-layout-column\"><div class=\"fusion-title title fusion-title-1 fusion-sep-none fusion-title-center fusion-title-text fusion-title-size-one\" style=\"--awb-margin-top-small:10px;--awb-margin-right-small:0px;--awb-margin-bottom-small:10px;--awb-margin-left-small:0px;\"><h1 class=\"fusion-title-heading title-heading-center\" style=\"margin:0;\">Uso del modelo de video marcador para f\u00fatbol<\/h1><\/div><div class=\"fusion-text fusion-text-1\"><p><span style=\"font-weight: 400;\"><a href=\"https:\/\/www.largedisplaysolutions.com\/es\/software-de-marcadores-deportivos\/\">LDSscoreboard<\/a> incorpora un conjunto de modelos de video marcadores para f\u00fatbol en varias relaciones de aspecto para simplificar la creaci\u00f3n del marcador adecuado para tu equipo. Para el caso concreto del futbol, se incluyen dos video marcadores para f\u00fatbol, un para pantallas con una resoluci\u00f3n de aspecto de 4:3 y otro para pantallas de 5:1. Esto significa que si tienes una pantalla de una resoluci\u00f3n de 800&#215;600, 1200&#215;900 o parecida puedes tomar como referencia el modelo de ratio 4:3 y adaptarlo a tu resoluci\u00f3n si tal como se proyecta no te acaba de encajar.\u00a0<\/span><\/p>\n<p><span style=\"font-weight: 400;\">En caso de la relaci\u00f3n 5:1 est\u00e1 dise\u00f1ada para pantallas 640&#215;128 que es una pantalla de uso frecuente en los estadios de f\u00fatbol no profesionales.<\/span><\/p>\n<p>Recuerda que LDSscoreboard es un editor de video marcadores, es decir, te permite editar el marcador para que puedas presentar la informaci\u00f3n que consideres oportuna: sponsors, mensajes, videos, im\u00e1genes, etc.. Por esto es importante disponer de unos patrones que te permitan elaborar el video marcador que tu equipo desea con el menor esfuerzo posible.<\/p>\n<\/div><div class=\"fusion-title title fusion-title-2 fusion-sep-none fusion-title-text fusion-title-size-two\" style=\"--awb-margin-top-small:10px;--awb-margin-right-small:0px;--awb-margin-bottom-small:10px;--awb-margin-left-small:0px;\"><h2 class=\"fusion-title-heading title-heading-left\" style=\"margin:0;\">Video marcador personalizable<\/h2><\/div><div class=\"fusion-image-carousel fusion-image-carousel-fixed fusion-image-carousel-1 fusion-carousel-border\"><div class=\"awb-carousel awb-swiper awb-swiper-carousel awb-carousel--carousel awb-swiper-dots-position-bottom\" data-layout=\"carousel\" data-autoplay=\"no\" data-autoplayspeed=\"2500\" data-autoplaypause=\"no\" data-columns=\"5\" data-columnsmedium=\"1\" data-columnssmall=\"1\" data-itemmargin=\"13\" data-itemwidth=\"180\" data-touchscroll=\"no\" data-freemode=\"no\" data-imagesize=\"fixed\" data-scrollitems=\"0\" data-centeredslides=\"no\" data-rotationangle=\"50\" data-depth=\"100\" data-speed=\"500\" data-shadow=\"no\" data-pagination=\"bullets\" style=\"--awb-border-width:1px;--awb-border-color:#e9eaee;\"><div class=\"swiper-wrapper awb-image-carousel-wrapper fusion-flex-align-items-center\"><div class=\"swiper-slide\"><div class=\"fusion-carousel-item-wrapper\"><div class=\"fusion-image-wrapper hover-type-none\"><img loading=\"lazy\" decoding=\"async\" width=\"269\" height=\"202\" src=\"https:\/\/www.largedisplaysolutions.com\/wp-content\/uploads\/2024\/06\/2024-06-17-2-320x240.png\" class=\"attachment-blog-medium size-blog-medium\" alt=\"Video marcador para f\u00fatbol\" srcset=\"https:\/\/www.largedisplaysolutions.com\/wp-content\/uploads\/2024\/06\/2024-06-17-2-200x150.png 200w, https:\/\/www.largedisplaysolutions.com\/wp-content\/uploads\/2024\/06\/2024-06-17-2-400x300.png 400w, https:\/\/www.largedisplaysolutions.com\/wp-content\/uploads\/2024\/06\/2024-06-17-2-600x450.png 600w, https:\/\/www.largedisplaysolutions.com\/wp-content\/uploads\/2024\/06\/2024-06-17-2-800x600.png 800w, https:\/\/www.largedisplaysolutions.com\/wp-content\/uploads\/2024\/06\/2024-06-17-2.png 1200w\" sizes=\"auto, (min-width: 2200px) 100vw, (min-width: 928px) 370px, (min-width: 856px) 462px, (min-width: 784px) 616px, (min-width: 712px) 784px, (min-width: 640px) 712px, \" \/><\/div><\/div><\/div><div class=\"swiper-slide\"><div class=\"fusion-carousel-item-wrapper\"><div class=\"fusion-image-wrapper hover-type-none\"><img loading=\"lazy\" decoding=\"async\" width=\"269\" height=\"202\" src=\"https:\/\/www.largedisplaysolutions.com\/wp-content\/uploads\/2024\/06\/2024-06-17-4-320x240.png\" class=\"attachment-blog-medium size-blog-medium\" alt=\"Video marcador para f\u00fatbol, tarjeta amarilla.\" srcset=\"https:\/\/www.largedisplaysolutions.com\/wp-content\/uploads\/2024\/06\/2024-06-17-4-200x150.png 200w, https:\/\/www.largedisplaysolutions.com\/wp-content\/uploads\/2024\/06\/2024-06-17-4-400x300.png 400w, https:\/\/www.largedisplaysolutions.com\/wp-content\/uploads\/2024\/06\/2024-06-17-4-600x450.png 600w, https:\/\/www.largedisplaysolutions.com\/wp-content\/uploads\/2024\/06\/2024-06-17-4-800x600.png 800w, https:\/\/www.largedisplaysolutions.com\/wp-content\/uploads\/2024\/06\/2024-06-17-4.png 1200w\" sizes=\"auto, (min-width: 2200px) 100vw, (min-width: 928px) 370px, (min-width: 856px) 462px, (min-width: 784px) 616px, (min-width: 712px) 784px, (min-width: 640px) 712px, \" \/><\/div><\/div><\/div><div class=\"swiper-slide\"><div class=\"fusion-carousel-item-wrapper\"><div class=\"fusion-image-wrapper hover-type-none\"><img loading=\"lazy\" decoding=\"async\" width=\"269\" height=\"202\" src=\"https:\/\/www.largedisplaysolutions.com\/wp-content\/uploads\/2024\/06\/2024-06-17-1-320x240.png\" class=\"attachment-blog-medium size-blog-medium\" alt=\"Video marcador para f\u00fatbol, sustituci\u00f3n.\" srcset=\"https:\/\/www.largedisplaysolutions.com\/wp-content\/uploads\/2024\/06\/2024-06-17-1-200x150.png 200w, https:\/\/www.largedisplaysolutions.com\/wp-content\/uploads\/2024\/06\/2024-06-17-1-400x300.png 400w, https:\/\/www.largedisplaysolutions.com\/wp-content\/uploads\/2024\/06\/2024-06-17-1-600x450.png 600w, https:\/\/www.largedisplaysolutions.com\/wp-content\/uploads\/2024\/06\/2024-06-17-1-800x600.png 800w, https:\/\/www.largedisplaysolutions.com\/wp-content\/uploads\/2024\/06\/2024-06-17-1.png 1200w\" sizes=\"auto, (min-width: 2200px) 100vw, (min-width: 928px) 370px, (min-width: 856px) 462px, (min-width: 784px) 616px, (min-width: 712px) 784px, (min-width: 640px) 712px, \" \/><\/div><\/div><\/div><div class=\"swiper-slide\"><div class=\"fusion-carousel-item-wrapper\"><div class=\"fusion-image-wrapper hover-type-none\"><img loading=\"lazy\" decoding=\"async\" width=\"320\" height=\"64\" src=\"https:\/\/www.largedisplaysolutions.com\/wp-content\/uploads\/2024\/06\/2024-06-17-6-320x64.png\" class=\"attachment-blog-medium size-blog-medium\" alt=\"Video marcador para f\u00fatbol, sustituci\u00f3n.\" srcset=\"https:\/\/www.largedisplaysolutions.com\/wp-content\/uploads\/2024\/06\/2024-06-17-6-200x40.png 200w, https:\/\/www.largedisplaysolutions.com\/wp-content\/uploads\/2024\/06\/2024-06-17-6-400x80.png 400w, https:\/\/www.largedisplaysolutions.com\/wp-content\/uploads\/2024\/06\/2024-06-17-6-600x120.png 600w, https:\/\/www.largedisplaysolutions.com\/wp-content\/uploads\/2024\/06\/2024-06-17-6-800x160.png 800w, https:\/\/www.largedisplaysolutions.com\/wp-content\/uploads\/2024\/06\/2024-06-17-6.png 960w\" sizes=\"auto, (min-width: 2200px) 100vw, (min-width: 928px) 370px, (min-width: 856px) 462px, (min-width: 784px) 616px, (min-width: 712px) 784px, (min-width: 640px) 712px, \" \/><\/div><\/div><\/div><div class=\"swiper-slide\"><div class=\"fusion-carousel-item-wrapper\"><div class=\"fusion-image-wrapper hover-type-none\"><img loading=\"lazy\" decoding=\"async\" width=\"320\" height=\"64\" src=\"https:\/\/www.largedisplaysolutions.com\/wp-content\/uploads\/2024\/06\/2024-06-17-5-320x64.png\" class=\"attachment-blog-medium size-blog-medium\" alt=\"Video marcador para f\u00fatbol, 5:1.\" srcset=\"https:\/\/www.largedisplaysolutions.com\/wp-content\/uploads\/2024\/06\/2024-06-17-5-200x40.png 200w, https:\/\/www.largedisplaysolutions.com\/wp-content\/uploads\/2024\/06\/2024-06-17-5-400x80.png 400w, https:\/\/www.largedisplaysolutions.com\/wp-content\/uploads\/2024\/06\/2024-06-17-5-600x120.png 600w, https:\/\/www.largedisplaysolutions.com\/wp-content\/uploads\/2024\/06\/2024-06-17-5-800x160.png 800w, https:\/\/www.largedisplaysolutions.com\/wp-content\/uploads\/2024\/06\/2024-06-17-5.png 960w\" sizes=\"auto, (min-width: 2200px) 100vw, (min-width: 928px) 370px, (min-width: 856px) 462px, (min-width: 784px) 616px, (min-width: 712px) 784px, (min-width: 640px) 712px, \" \/><\/div><\/div><\/div><\/div><div class=\"awb-swiper-button awb-swiper-button-prev\"><i class=\"awb-icon-angle-left\" aria-hidden=\"true\"><\/i><\/div><div class=\"awb-swiper-button awb-swiper-button-next\"><i class=\"awb-icon-angle-right\" aria-hidden=\"true\"><\/i><\/div><\/div><\/div><div class=\"fusion-title title fusion-title-3 fusion-sep-none fusion-title-text fusion-title-size-two\" style=\"--awb-margin-top-small:10px;--awb-margin-right-small:0px;--awb-margin-bottom-small:10px;--awb-margin-left-small:0px;\"><h2 class=\"fusion-title-heading title-heading-left\" style=\"margin:0;\">Vistas incluidas en el marcador de f\u00fatbol<\/h2><\/div><div class=\"fusion-text fusion-text-2\"><p><span style=\"font-weight: 400;\">Con el objetivo de que puedas tener el marcador a punto cuanto antes, te ofrecemos un conjunto de vistas o diapositivas que suelen ser de uso habitual en un video marcador de estas caracter\u00edsticas.<\/span><\/p>\n<ul>\n<li style=\"font-weight: 400;\" aria-level=\"1\"><span style=\"font-weight: 400;\">Marcador de partido<\/span><\/li>\n<li style=\"font-weight: 400;\" aria-level=\"1\"><span style=\"font-weight: 400;\">Sustituci\u00f3n de jugadores para el equipo local y visitante<\/span><\/li>\n<li style=\"font-weight: 400;\" aria-level=\"1\"><span style=\"font-weight: 400;\">Tarjeta amarilla para equipo local y visitante<\/span><\/li>\n<li style=\"font-weight: 400;\" aria-level=\"1\"><span style=\"font-weight: 400;\">Tarjeta roja para equipo local y visitante<\/span><\/li>\n<li style=\"font-weight: 400;\" aria-level=\"1\"><span style=\"font-weight: 400;\">Presentaci\u00f3n de los jugadores con fotograf\u00edas.<\/span><\/li>\n<\/ul>\n<\/div><div class=\"fusion-text fusion-text-3\"><p><span style=\"font-weight: 400;\">Con estos modelos de video marcador para f\u00fatbol podr\u00e1s en pocos minutos tener un video marcador funcionando, pero a la vez, lo puedes personalizar por completo de forma que el equipo disponga de un sistema totalmente personalizado con poco esfuerzo.<\/span><\/p>\n<p>Recuerda que estos modelos vienen incluidos en la aplicaci\u00f3n <a href=\"https:\/\/www.largedisplaysolutions.com\/es\/software-de-marcadores-deportivos\/\">LDSscoreboard<\/a> que podr\u00e0s descargar en el<a href=\"https:\/\/www.largedisplaysolutions.com\/es\/downloads\/\"> \u00e1rea de descargas<\/a> de esta web.<\/p>\n<\/div><\/div><\/div><div class=\"fusion-layout-column fusion_builder_column fusion-builder-column-2 fusion_builder_column_1_6 1_6 fusion-flex-column\" style=\"--awb-bg-size:cover;--awb-width-large:16.666666666667%;--awb-margin-top-large:0px;--awb-spacing-right-large:11.52%;--awb-margin-bottom-large:20px;--awb-spacing-left-large:11.52%;--awb-width-medium:16.666666666667%;--awb-order-medium:0;--awb-spacing-right-medium:11.52%;--awb-spacing-left-medium:11.52%;--awb-width-small:100%;--awb-order-small:0;--awb-spacing-right-small:1.92%;--awb-spacing-left-small:1.92%;\"><div class=\"fusion-column-wrapper fusion-column-has-shadow fusion-flex-justify-content-flex-start fusion-content-layout-column\"><\/div><\/div><\/div><\/div>\n","protected":false},"excerpt":{"rendered":"","protected":false},"author":1,"featured_media":0,"parent":16521,"menu_order":0,"comment_status":"closed","ping_status":"closed","template":"","meta":{"footnotes":""},"class_list":["post-17372","page","type-page","status-publish","hentry"],"yoast_head":"<!-- This site is optimized with the Yoast SEO plugin v27.4 - https:\/\/yoast.com\/product\/yoast-seo-wordpress\/ -->\n<title>Video marcador para f\u00fatbol - Large Display Solutions<\/title>\n<meta name=\"description\" content=\"Modelo para un video marcador para f\u00fatbol que puedes emplear con LDSscoreboard y personalizar seg\u00fan tus intereses.\" \/>\n<meta name=\"robots\" content=\"index, follow, max-snippet:-1, max-image-preview:large, max-video-preview:-1\" \/>\n<link rel=\"canonical\" href=\"https:\/\/www.largedisplaysolutions.com\/es\/introduccion-al-software-de-marcadores-deportivos\/video-marcador-para-futbol\/\" \/>\n<meta property=\"og:locale\" content=\"es_ES\" \/>\n<meta property=\"og:type\" content=\"article\" \/>\n<meta property=\"og:title\" content=\"Video marcador para f\u00fatbol - Large Display Solutions\" \/>\n<meta property=\"og:description\" content=\"Modelo para un video marcador para f\u00fatbol que puedes emplear con LDSscoreboard y personalizar seg\u00fan tus intereses.\" \/>\n<meta property=\"og:url\" content=\"https:\/\/www.largedisplaysolutions.com\/es\/introduccion-al-software-de-marcadores-deportivos\/video-marcador-para-futbol\/\" \/>\n<meta property=\"og:site_name\" content=\"Large Display Solutions\" \/>\n<meta property=\"article:modified_time\" content=\"2024-06-17T21:08:39+00:00\" \/>\n<meta name=\"twitter:card\" content=\"summary_large_image\" \/>\n<meta name=\"twitter:label1\" content=\"Tiempo de lectura\" \/>\n\t<meta name=\"twitter:data1\" content=\"3 minutos\" \/>\n<script type=\"application\/ld+json\" class=\"yoast-schema-graph\">{\"@context\":\"https:\\\/\\\/schema.org\",\"@graph\":[{\"@type\":\"WebPage\",\"@id\":\"https:\\\/\\\/www.largedisplaysolutions.com\\\/es\\\/introduccion-al-software-de-marcadores-deportivos\\\/video-marcador-para-futbol\\\/\",\"url\":\"https:\\\/\\\/www.largedisplaysolutions.com\\\/es\\\/introduccion-al-software-de-marcadores-deportivos\\\/video-marcador-para-futbol\\\/\",\"name\":\"Video marcador para f\u00fatbol - Large Display Solutions\",\"isPartOf\":{\"@id\":\"https:\\\/\\\/www.largedisplaysolutions.com\\\/es\\\/#website\"},\"datePublished\":\"2024-06-17T15:04:00+00:00\",\"dateModified\":\"2024-06-17T21:08:39+00:00\",\"description\":\"Modelo para un video marcador para f\u00fatbol que puedes emplear con LDSscoreboard y personalizar seg\u00fan tus intereses.\",\"breadcrumb\":{\"@id\":\"https:\\\/\\\/www.largedisplaysolutions.com\\\/es\\\/introduccion-al-software-de-marcadores-deportivos\\\/video-marcador-para-futbol\\\/#breadcrumb\"},\"inLanguage\":\"es\",\"potentialAction\":[{\"@type\":\"ReadAction\",\"target\":[\"https:\\\/\\\/www.largedisplaysolutions.com\\\/es\\\/introduccion-al-software-de-marcadores-deportivos\\\/video-marcador-para-futbol\\\/\"]}]},{\"@type\":\"BreadcrumbList\",\"@id\":\"https:\\\/\\\/www.largedisplaysolutions.com\\\/es\\\/introduccion-al-software-de-marcadores-deportivos\\\/video-marcador-para-futbol\\\/#breadcrumb\",\"itemListElement\":[{\"@type\":\"ListItem\",\"position\":1,\"name\":\"Home\",\"item\":\"https:\\\/\\\/www.largedisplaysolutions.com\\\/es\\\/\"},{\"@type\":\"ListItem\",\"position\":2,\"name\":\"Introducci\u00f3n al software de marcadores deportivos\",\"item\":\"https:\\\/\\\/www.largedisplaysolutions.com\\\/es\\\/introduccion-al-software-de-marcadores-deportivos\\\/\"},{\"@type\":\"ListItem\",\"position\":3,\"name\":\"Video marcador para f\u00fatbol\"}]},{\"@type\":\"WebSite\",\"@id\":\"https:\\\/\\\/www.largedisplaysolutions.com\\\/es\\\/#website\",\"url\":\"https:\\\/\\\/www.largedisplaysolutions.com\\\/es\\\/\",\"name\":\"Large Display Solutions\",\"description\":\"Software solutions for LED perimeter systems\",\"publisher\":{\"@id\":\"https:\\\/\\\/www.largedisplaysolutions.com\\\/es\\\/#organization\"},\"potentialAction\":[{\"@type\":\"SearchAction\",\"target\":{\"@type\":\"EntryPoint\",\"urlTemplate\":\"https:\\\/\\\/www.largedisplaysolutions.com\\\/es\\\/?s={search_term_string}\"},\"query-input\":{\"@type\":\"PropertyValueSpecification\",\"valueRequired\":true,\"valueName\":\"search_term_string\"}}],\"inLanguage\":\"es\"},{\"@type\":\"Organization\",\"@id\":\"https:\\\/\\\/www.largedisplaysolutions.com\\\/es\\\/#organization\",\"name\":\"Large Display Solutions\",\"url\":\"https:\\\/\\\/www.largedisplaysolutions.com\\\/es\\\/\",\"logo\":{\"@type\":\"ImageObject\",\"inLanguage\":\"es\",\"@id\":\"https:\\\/\\\/www.largedisplaysolutions.com\\\/es\\\/#\\\/schema\\\/logo\\\/image\\\/\",\"url\":\"https:\\\/\\\/www.largedisplaysolutions.com\\\/wp-content\\\/uploads\\\/2021\\\/06\\\/LogotipoLDS_128x40.png\",\"contentUrl\":\"https:\\\/\\\/www.largedisplaysolutions.com\\\/wp-content\\\/uploads\\\/2021\\\/06\\\/LogotipoLDS_128x40.png\",\"width\":128,\"height\":40,\"caption\":\"Large Display Solutions\"},\"image\":{\"@id\":\"https:\\\/\\\/www.largedisplaysolutions.com\\\/es\\\/#\\\/schema\\\/logo\\\/image\\\/\"}}]}<\/script>\n<!-- \/ Yoast SEO plugin. -->","yoast_head_json":{"title":"Video marcador para f\u00fatbol - Large Display Solutions","description":"Modelo para un video marcador para f\u00fatbol que puedes emplear con LDSscoreboard y personalizar seg\u00fan tus intereses.","robots":{"index":"index","follow":"follow","max-snippet":"max-snippet:-1","max-image-preview":"max-image-preview:large","max-video-preview":"max-video-preview:-1"},"canonical":"https:\/\/www.largedisplaysolutions.com\/es\/introduccion-al-software-de-marcadores-deportivos\/video-marcador-para-futbol\/","og_locale":"es_ES","og_type":"article","og_title":"Video marcador para f\u00fatbol - Large Display Solutions","og_description":"Modelo para un video marcador para f\u00fatbol que puedes emplear con LDSscoreboard y personalizar seg\u00fan tus intereses.","og_url":"https:\/\/www.largedisplaysolutions.com\/es\/introduccion-al-software-de-marcadores-deportivos\/video-marcador-para-futbol\/","og_site_name":"Large Display Solutions","article_modified_time":"2024-06-17T21:08:39+00:00","twitter_card":"summary_large_image","twitter_misc":{"Tiempo de lectura":"3 minutos"},"schema":{"@context":"https:\/\/schema.org","@graph":[{"@type":"WebPage","@id":"https:\/\/www.largedisplaysolutions.com\/es\/introduccion-al-software-de-marcadores-deportivos\/video-marcador-para-futbol\/","url":"https:\/\/www.largedisplaysolutions.com\/es\/introduccion-al-software-de-marcadores-deportivos\/video-marcador-para-futbol\/","name":"Video marcador para f\u00fatbol - Large Display Solutions","isPartOf":{"@id":"https:\/\/www.largedisplaysolutions.com\/es\/#website"},"datePublished":"2024-06-17T15:04:00+00:00","dateModified":"2024-06-17T21:08:39+00:00","description":"Modelo para un video marcador para f\u00fatbol que puedes emplear con LDSscoreboard y personalizar seg\u00fan tus intereses.","breadcrumb":{"@id":"https:\/\/www.largedisplaysolutions.com\/es\/introduccion-al-software-de-marcadores-deportivos\/video-marcador-para-futbol\/#breadcrumb"},"inLanguage":"es","potentialAction":[{"@type":"ReadAction","target":["https:\/\/www.largedisplaysolutions.com\/es\/introduccion-al-software-de-marcadores-deportivos\/video-marcador-para-futbol\/"]}]},{"@type":"BreadcrumbList","@id":"https:\/\/www.largedisplaysolutions.com\/es\/introduccion-al-software-de-marcadores-deportivos\/video-marcador-para-futbol\/#breadcrumb","itemListElement":[{"@type":"ListItem","position":1,"name":"Home","item":"https:\/\/www.largedisplaysolutions.com\/es\/"},{"@type":"ListItem","position":2,"name":"Introducci\u00f3n al software de marcadores deportivos","item":"https:\/\/www.largedisplaysolutions.com\/es\/introduccion-al-software-de-marcadores-deportivos\/"},{"@type":"ListItem","position":3,"name":"Video marcador para f\u00fatbol"}]},{"@type":"WebSite","@id":"https:\/\/www.largedisplaysolutions.com\/es\/#website","url":"https:\/\/www.largedisplaysolutions.com\/es\/","name":"Large Display Solutions","description":"Software solutions for LED perimeter systems","publisher":{"@id":"https:\/\/www.largedisplaysolutions.com\/es\/#organization"},"potentialAction":[{"@type":"SearchAction","target":{"@type":"EntryPoint","urlTemplate":"https:\/\/www.largedisplaysolutions.com\/es\/?s={search_term_string}"},"query-input":{"@type":"PropertyValueSpecification","valueRequired":true,"valueName":"search_term_string"}}],"inLanguage":"es"},{"@type":"Organization","@id":"https:\/\/www.largedisplaysolutions.com\/es\/#organization","name":"Large Display Solutions","url":"https:\/\/www.largedisplaysolutions.com\/es\/","logo":{"@type":"ImageObject","inLanguage":"es","@id":"https:\/\/www.largedisplaysolutions.com\/es\/#\/schema\/logo\/image\/","url":"https:\/\/www.largedisplaysolutions.com\/wp-content\/uploads\/2021\/06\/LogotipoLDS_128x40.png","contentUrl":"https:\/\/www.largedisplaysolutions.com\/wp-content\/uploads\/2021\/06\/LogotipoLDS_128x40.png","width":128,"height":40,"caption":"Large Display Solutions"},"image":{"@id":"https:\/\/www.largedisplaysolutions.com\/es\/#\/schema\/logo\/image\/"}}]}},"_links":{"self":[{"href":"https:\/\/www.largedisplaysolutions.com\/es\/wp-json\/wp\/v2\/pages\/17372","targetHints":{"allow":["GET"]}}],"collection":[{"href":"https:\/\/www.largedisplaysolutions.com\/es\/wp-json\/wp\/v2\/pages"}],"about":[{"href":"https:\/\/www.largedisplaysolutions.com\/es\/wp-json\/wp\/v2\/types\/page"}],"author":[{"embeddable":true,"href":"https:\/\/www.largedisplaysolutions.com\/es\/wp-json\/wp\/v2\/users\/1"}],"replies":[{"embeddable":true,"href":"https:\/\/www.largedisplaysolutions.com\/es\/wp-json\/wp\/v2\/comments?post=17372"}],"version-history":[{"count":10,"href":"https:\/\/www.largedisplaysolutions.com\/es\/wp-json\/wp\/v2\/pages\/17372\/revisions"}],"predecessor-version":[{"id":17446,"href":"https:\/\/www.largedisplaysolutions.com\/es\/wp-json\/wp\/v2\/pages\/17372\/revisions\/17446"}],"up":[{"embeddable":true,"href":"https:\/\/www.largedisplaysolutions.com\/es\/wp-json\/wp\/v2\/pages\/16521"}],"wp:attachment":[{"href":"https:\/\/www.largedisplaysolutions.com\/es\/wp-json\/wp\/v2\/media?parent=17372"}],"curies":[{"name":"wp","href":"https:\/\/api.w.org\/{rel}","templated":true}]}}