{"id":17475,"date":"2024-06-18T21:24:21","date_gmt":"2024-06-18T21:24:21","guid":{"rendered":"https:\/\/www.largedisplaysolutions.com\/?page_id=17475"},"modified":"2024-06-18T21:43:21","modified_gmt":"2024-06-18T21:43:21","slug":"video-marcador-baseball","status":"publish","type":"page","link":"https:\/\/www.largedisplaysolutions.com\/es\/introduccion-al-software-de-marcadores-deportivos\/video-marcador-baseball\/","title":{"rendered":"Video marcador de baseball"},"content":{"rendered":"<div class=\"fusion-fullwidth fullwidth-box fusion-builder-row-1 fusion-flex-container has-pattern-background has-mask-background nonhundred-percent-fullwidth non-hundred-percent-height-scrolling\" style=\"--awb-border-radius-top-left:0px;--awb-border-radius-top-right:0px;--awb-border-radius-bottom-right:0px;--awb-border-radius-bottom-left:0px;--awb-flex-wrap:wrap;\" ><div class=\"fusion-builder-row fusion-row fusion-flex-align-items-flex-start fusion-flex-content-wrap\" style=\"max-width:1976px;margin-left: calc(-4% \/ 2 );margin-right: calc(-4% \/ 2 );\"><div class=\"fusion-layout-column fusion_builder_column fusion-builder-column-0 fusion_builder_column_1_6 1_6 fusion-flex-column\" style=\"--awb-bg-size:cover;--awb-width-large:16.666666666667%;--awb-margin-top-large:0px;--awb-spacing-right-large:11.52%;--awb-margin-bottom-large:20px;--awb-spacing-left-large:11.52%;--awb-width-medium:16.666666666667%;--awb-order-medium:0;--awb-spacing-right-medium:11.52%;--awb-spacing-left-medium:11.52%;--awb-width-small:100%;--awb-order-small:0;--awb-spacing-right-small:1.92%;--awb-spacing-left-small:1.92%;\"><div class=\"fusion-column-wrapper fusion-column-has-shadow fusion-flex-justify-content-flex-start fusion-content-layout-column\"><\/div><\/div><div class=\"fusion-layout-column fusion_builder_column fusion-builder-column-1 fusion_builder_column_2_3 2_3 fusion-flex-column\" style=\"--awb-bg-size:cover;--awb-width-large:66.666666666667%;--awb-margin-top-large:0px;--awb-spacing-right-large:2.88%;--awb-margin-bottom-large:20px;--awb-spacing-left-large:2.88%;--awb-width-medium:66.666666666667%;--awb-order-medium:0;--awb-spacing-right-medium:2.88%;--awb-spacing-left-medium:2.88%;--awb-width-small:100%;--awb-order-small:0;--awb-spacing-right-small:1.92%;--awb-spacing-left-small:1.92%;\"><div class=\"fusion-column-wrapper fusion-column-has-shadow fusion-flex-justify-content-flex-start fusion-content-layout-column\"><div class=\"fusion-title title fusion-title-1 fusion-sep-none fusion-title-center fusion-title-text fusion-title-size-one\" style=\"--awb-margin-top-small:10px;--awb-margin-right-small:0px;--awb-margin-bottom-small:10px;--awb-margin-left-small:0px;\"><h1 class=\"fusion-title-heading title-heading-center\" style=\"margin:0;\">Video marcador de baseball<\/h1><\/div><div class=\"fusion-text fusion-text-1\"><p><span style=\"font-weight: 400;\"><a href=\"https:\/\/www.largedisplaysolutions.com\/es\/software-de-marcadores-deportivos\/\">LDSscoreboard<\/a> incorpora un conjunto de modelos de video marcadores para baseball en dos relaciones de aspecto para simplificar la creaci\u00f3n del marcador adecuado para tu equipo. Para el caso concreto del baseball, se incluyen dos modelos de configuraci\u00f3n para video marcadores para baseball, un para pantallas con una resoluci\u00f3n de aspecto de 4:3 y otro para pantallas de 5:1. Esto significa que si tienes una pantalla de una resoluci\u00f3n de 800&#215;600, 1200&#215;900 o parecida puedes tomar como referencia el modelo de ratio 4:3 y adaptarlo a tu resoluci\u00f3n si tal como se proyecta no es como quieres que se acabe presentando.\u00a0<\/span><\/p>\n<p><span style=\"font-weight: 400;\">En caso de la relaci\u00f3n 5:1 est\u00e1 dise\u00f1ada para pantallas 640&#215;128 que es una pantalla de uso frecuente en los estadios de baseball no profesionales.<\/span><\/p>\n<\/div><div class=\"fusion-image-carousel fusion-image-carousel-auto fusion-image-carousel-1 fusion-carousel-border\"><div class=\"awb-carousel awb-swiper awb-swiper-carousel awb-carousel--carousel awb-swiper-dots-position-bottom\" data-layout=\"carousel\" data-autoplay=\"no\" data-autoplayspeed=\"2500\" data-autoplaypause=\"no\" data-columns=\"5\" data-columnsmedium=\"1\" data-columnssmall=\"1\" data-itemmargin=\"13\" data-itemwidth=\"180\" data-touchscroll=\"no\" data-freemode=\"no\" data-imagesize=\"auto\" data-scrollitems=\"0\" data-centeredslides=\"no\" data-rotationangle=\"50\" data-depth=\"100\" data-speed=\"500\" data-shadow=\"no\" data-pagination=\"bullets\" style=\"--awb-border-width:1px;--awb-border-color:#e9eaee;\"><div class=\"swiper-wrapper awb-image-carousel-wrapper fusion-flex-align-items-center\"><div class=\"swiper-slide\"><div class=\"fusion-carousel-item-wrapper\"><div class=\"fusion-image-wrapper hover-type-zoomin\"><img loading=\"lazy\" decoding=\"async\" width=\"1200\" height=\"900\" src=\"https:\/\/www.largedisplaysolutions.com\/wp-content\/uploads\/2024\/06\/2024-06-18.png\" class=\"attachment-full size-full\" alt=\"Video marcador baseball\" srcset=\"https:\/\/www.largedisplaysolutions.com\/wp-content\/uploads\/2024\/06\/2024-06-18-200x150.png 200w, https:\/\/www.largedisplaysolutions.com\/wp-content\/uploads\/2024\/06\/2024-06-18-400x300.png 400w, https:\/\/www.largedisplaysolutions.com\/wp-content\/uploads\/2024\/06\/2024-06-18-600x450.png 600w, https:\/\/www.largedisplaysolutions.com\/wp-content\/uploads\/2024\/06\/2024-06-18-800x600.png 800w, https:\/\/www.largedisplaysolutions.com\/wp-content\/uploads\/2024\/06\/2024-06-18.png 1200w\" sizes=\"auto, (min-width: 2200px) 100vw, (min-width: 712px) 784px, (min-width: 640px) 712px, \" \/><\/div><\/div><\/div><div class=\"swiper-slide\"><div class=\"fusion-carousel-item-wrapper\"><div class=\"fusion-image-wrapper hover-type-zoomin\"><img loading=\"lazy\" decoding=\"async\" width=\"960\" height=\"192\" src=\"https:\/\/www.largedisplaysolutions.com\/wp-content\/uploads\/2024\/06\/2024-06-18-1.png\" class=\"attachment-full size-full\" alt=\"Video marcador baseball 5:1\" srcset=\"https:\/\/www.largedisplaysolutions.com\/wp-content\/uploads\/2024\/06\/2024-06-18-1-200x40.png 200w, https:\/\/www.largedisplaysolutions.com\/wp-content\/uploads\/2024\/06\/2024-06-18-1-400x80.png 400w, https:\/\/www.largedisplaysolutions.com\/wp-content\/uploads\/2024\/06\/2024-06-18-1-600x120.png 600w, https:\/\/www.largedisplaysolutions.com\/wp-content\/uploads\/2024\/06\/2024-06-18-1-800x160.png 800w, https:\/\/www.largedisplaysolutions.com\/wp-content\/uploads\/2024\/06\/2024-06-18-1.png 960w\" sizes=\"auto, (min-width: 2200px) 100vw, (min-width: 712px) 784px, (min-width: 640px) 712px, \" \/><\/div><\/div><\/div><\/div><div class=\"awb-swiper-button awb-swiper-button-prev\"><i class=\"awb-icon-angle-left\" aria-hidden=\"true\"><\/i><\/div><div class=\"awb-swiper-button awb-swiper-button-next\"><i class=\"awb-icon-angle-right\" aria-hidden=\"true\"><\/i><\/div><\/div><\/div><div class=\"fusion-title title fusion-title-2 fusion-sep-none fusion-title-text fusion-title-size-two\" style=\"--awb-margin-top-small:10px;--awb-margin-right-small:0px;--awb-margin-bottom-small:10px;--awb-margin-left-small:0px;\"><h2 class=\"fusion-title-heading title-heading-left\" style=\"margin:0;\">Contador de tanteo de baseball<\/h2><\/div><div class=\"fusion-text fusion-text-2\"><p><span style=\"font-weight: 400;\">Con el objetivo de que puedas tener el marcador a punto cuanto antes, te ofrecemos un las vistas, o diapositivas, que presentan el tanteo del partido, pero puedes a\u00f1adir tantas diapositivas como consideres necesarias, presentando jugadores, publicidad de diversos sponsors o videos de presentaci\u00f3n.<\/span><\/p>\n<\/div><div class=\"fusion-title title fusion-title-3 fusion-sep-none fusion-title-text fusion-title-size-two\" style=\"--awb-margin-top-small:10px;--awb-margin-right-small:0px;--awb-margin-bottom-small:10px;--awb-margin-left-small:0px;\"><h2 class=\"fusion-title-heading title-heading-left\" style=\"margin:0;\">Edici\u00f3n de video marcadores<\/h2><\/div><div class=\"fusion-text fusion-text-3\"><p><span style=\"font-weight: 400;\">Al ser <a href=\"https:\/\/www.largedisplaysolutions.com\/es\/software-de-marcadores-deportivos\/\">LDSscoreboard<\/a> un editor de video marcadores, puedes construir tus propias diapositivas, pero puedes copiar las diapositivas de otros marcadores, como pueden ser el video marcador de futbol, o cualquier otro que ya tengas en tu ordenador.<\/span><\/p>\n<p><span style=\"font-weight: 400;\"><a href=\"https:\/\/www.largedisplaysolutions.com\/es\/software-de-marcadores-deportivos\/\">LDSscoreboard<\/a> incorpora un editor de video marcadores que te permitir\u00e1 hacer el trabajo de edici\u00f3n de marcadores de forma r\u00e1pida y sencilla, arrastrando y configurando diferentes elementos como pueden ser: im\u00e1genes, videos, textos, etc.. del mismo modo, recuerda que esta herramienta est\u00e1 en constante desarrollo y mejora para facilitar la mejor experiencia de usuario posible en el proceso de creaci\u00f3n y edici\u00f3n de los video marcadores.<\/span><\/p>\n<\/div><\/div><\/div><div class=\"fusion-layout-column fusion_builder_column fusion-builder-column-2 fusion_builder_column_1_6 1_6 fusion-flex-column\" style=\"--awb-bg-size:cover;--awb-width-large:16.666666666667%;--awb-margin-top-large:0px;--awb-spacing-right-large:11.52%;--awb-margin-bottom-large:20px;--awb-spacing-left-large:11.52%;--awb-width-medium:16.666666666667%;--awb-order-medium:0;--awb-spacing-right-medium:11.52%;--awb-spacing-left-medium:11.52%;--awb-width-small:100%;--awb-order-small:0;--awb-spacing-right-small:1.92%;--awb-spacing-left-small:1.92%;\"><div class=\"fusion-column-wrapper fusion-column-has-shadow fusion-flex-justify-content-flex-start fusion-content-layout-column\"><\/div><\/div><\/div><\/div>\n","protected":false},"excerpt":{"rendered":"","protected":false},"author":1,"featured_media":0,"parent":16521,"menu_order":0,"comment_status":"closed","ping_status":"closed","template":"","meta":{"footnotes":""},"class_list":["post-17475","page","type-page","status-publish","hentry"],"yoast_head":"<!-- This site is optimized with the Yoast SEO plugin v27.4 - https:\/\/yoast.com\/product\/yoast-seo-wordpress\/ -->\n<title>Video marcador de baseball - Large Display Solutions<\/title>\n<meta name=\"description\" content=\"El video marcador para baseball, desarrollado para LDSscoreboard, te permitir\u00e1 disponer de un sistema de control del tanteo del partido.\" \/>\n<meta name=\"robots\" content=\"index, follow, max-snippet:-1, max-image-preview:large, max-video-preview:-1\" \/>\n<link rel=\"canonical\" href=\"https:\/\/www.largedisplaysolutions.com\/es\/introduccion-al-software-de-marcadores-deportivos\/video-marcador-baseball\/\" \/>\n<meta property=\"og:locale\" content=\"es_ES\" \/>\n<meta property=\"og:type\" content=\"article\" \/>\n<meta property=\"og:title\" content=\"Video marcador de baseball - Large Display Solutions\" \/>\n<meta property=\"og:description\" content=\"El video marcador para baseball, desarrollado para LDSscoreboard, te permitir\u00e1 disponer de un sistema de control del tanteo del partido.\" \/>\n<meta property=\"og:url\" content=\"https:\/\/www.largedisplaysolutions.com\/es\/introduccion-al-software-de-marcadores-deportivos\/video-marcador-baseball\/\" \/>\n<meta property=\"og:site_name\" content=\"Large Display Solutions\" \/>\n<meta property=\"article:modified_time\" content=\"2024-06-18T21:43:21+00:00\" \/>\n<meta name=\"twitter:card\" content=\"summary_large_image\" \/>\n<meta name=\"twitter:label1\" content=\"Tiempo de lectura\" \/>\n\t<meta name=\"twitter:data1\" content=\"2 minutos\" \/>\n<script type=\"application\/ld+json\" class=\"yoast-schema-graph\">{\"@context\":\"https:\\\/\\\/schema.org\",\"@graph\":[{\"@type\":\"WebPage\",\"@id\":\"https:\\\/\\\/www.largedisplaysolutions.com\\\/es\\\/introduccion-al-software-de-marcadores-deportivos\\\/video-marcador-baseball\\\/\",\"url\":\"https:\\\/\\\/www.largedisplaysolutions.com\\\/es\\\/introduccion-al-software-de-marcadores-deportivos\\\/video-marcador-baseball\\\/\",\"name\":\"Video marcador de baseball - Large Display Solutions\",\"isPartOf\":{\"@id\":\"https:\\\/\\\/www.largedisplaysolutions.com\\\/es\\\/#website\"},\"datePublished\":\"2024-06-18T21:24:21+00:00\",\"dateModified\":\"2024-06-18T21:43:21+00:00\",\"description\":\"El video marcador para baseball, desarrollado para LDSscoreboard, te permitir\u00e1 disponer de un sistema de control del tanteo del partido.\",\"breadcrumb\":{\"@id\":\"https:\\\/\\\/www.largedisplaysolutions.com\\\/es\\\/introduccion-al-software-de-marcadores-deportivos\\\/video-marcador-baseball\\\/#breadcrumb\"},\"inLanguage\":\"es\",\"potentialAction\":[{\"@type\":\"ReadAction\",\"target\":[\"https:\\\/\\\/www.largedisplaysolutions.com\\\/es\\\/introduccion-al-software-de-marcadores-deportivos\\\/video-marcador-baseball\\\/\"]}]},{\"@type\":\"BreadcrumbList\",\"@id\":\"https:\\\/\\\/www.largedisplaysolutions.com\\\/es\\\/introduccion-al-software-de-marcadores-deportivos\\\/video-marcador-baseball\\\/#breadcrumb\",\"itemListElement\":[{\"@type\":\"ListItem\",\"position\":1,\"name\":\"Home\",\"item\":\"https:\\\/\\\/www.largedisplaysolutions.com\\\/es\\\/\"},{\"@type\":\"ListItem\",\"position\":2,\"name\":\"Introducci\u00f3n al software de marcadores deportivos\",\"item\":\"https:\\\/\\\/www.largedisplaysolutions.com\\\/es\\\/introduccion-al-software-de-marcadores-deportivos\\\/\"},{\"@type\":\"ListItem\",\"position\":3,\"name\":\"Video marcador de baseball\"}]},{\"@type\":\"WebSite\",\"@id\":\"https:\\\/\\\/www.largedisplaysolutions.com\\\/es\\\/#website\",\"url\":\"https:\\\/\\\/www.largedisplaysolutions.com\\\/es\\\/\",\"name\":\"Large Display Solutions\",\"description\":\"Software solutions for LED perimeter systems\",\"publisher\":{\"@id\":\"https:\\\/\\\/www.largedisplaysolutions.com\\\/es\\\/#organization\"},\"potentialAction\":[{\"@type\":\"SearchAction\",\"target\":{\"@type\":\"EntryPoint\",\"urlTemplate\":\"https:\\\/\\\/www.largedisplaysolutions.com\\\/es\\\/?s={search_term_string}\"},\"query-input\":{\"@type\":\"PropertyValueSpecification\",\"valueRequired\":true,\"valueName\":\"search_term_string\"}}],\"inLanguage\":\"es\"},{\"@type\":\"Organization\",\"@id\":\"https:\\\/\\\/www.largedisplaysolutions.com\\\/es\\\/#organization\",\"name\":\"Large Display Solutions\",\"url\":\"https:\\\/\\\/www.largedisplaysolutions.com\\\/es\\\/\",\"logo\":{\"@type\":\"ImageObject\",\"inLanguage\":\"es\",\"@id\":\"https:\\\/\\\/www.largedisplaysolutions.com\\\/es\\\/#\\\/schema\\\/logo\\\/image\\\/\",\"url\":\"https:\\\/\\\/www.largedisplaysolutions.com\\\/wp-content\\\/uploads\\\/2021\\\/06\\\/LogotipoLDS_128x40.png\",\"contentUrl\":\"https:\\\/\\\/www.largedisplaysolutions.com\\\/wp-content\\\/uploads\\\/2021\\\/06\\\/LogotipoLDS_128x40.png\",\"width\":128,\"height\":40,\"caption\":\"Large Display Solutions\"},\"image\":{\"@id\":\"https:\\\/\\\/www.largedisplaysolutions.com\\\/es\\\/#\\\/schema\\\/logo\\\/image\\\/\"}}]}<\/script>\n<!-- \/ Yoast SEO plugin. -->","yoast_head_json":{"title":"Video marcador de baseball - Large Display Solutions","description":"El video marcador para baseball, desarrollado para LDSscoreboard, te permitir\u00e1 disponer de un sistema de control del tanteo del partido.","robots":{"index":"index","follow":"follow","max-snippet":"max-snippet:-1","max-image-preview":"max-image-preview:large","max-video-preview":"max-video-preview:-1"},"canonical":"https:\/\/www.largedisplaysolutions.com\/es\/introduccion-al-software-de-marcadores-deportivos\/video-marcador-baseball\/","og_locale":"es_ES","og_type":"article","og_title":"Video marcador de baseball - Large Display Solutions","og_description":"El video marcador para baseball, desarrollado para LDSscoreboard, te permitir\u00e1 disponer de un sistema de control del tanteo del partido.","og_url":"https:\/\/www.largedisplaysolutions.com\/es\/introduccion-al-software-de-marcadores-deportivos\/video-marcador-baseball\/","og_site_name":"Large Display Solutions","article_modified_time":"2024-06-18T21:43:21+00:00","twitter_card":"summary_large_image","twitter_misc":{"Tiempo de lectura":"2 minutos"},"schema":{"@context":"https:\/\/schema.org","@graph":[{"@type":"WebPage","@id":"https:\/\/www.largedisplaysolutions.com\/es\/introduccion-al-software-de-marcadores-deportivos\/video-marcador-baseball\/","url":"https:\/\/www.largedisplaysolutions.com\/es\/introduccion-al-software-de-marcadores-deportivos\/video-marcador-baseball\/","name":"Video marcador de baseball - Large Display Solutions","isPartOf":{"@id":"https:\/\/www.largedisplaysolutions.com\/es\/#website"},"datePublished":"2024-06-18T21:24:21+00:00","dateModified":"2024-06-18T21:43:21+00:00","description":"El video marcador para baseball, desarrollado para LDSscoreboard, te permitir\u00e1 disponer de un sistema de control del tanteo del partido.","breadcrumb":{"@id":"https:\/\/www.largedisplaysolutions.com\/es\/introduccion-al-software-de-marcadores-deportivos\/video-marcador-baseball\/#breadcrumb"},"inLanguage":"es","potentialAction":[{"@type":"ReadAction","target":["https:\/\/www.largedisplaysolutions.com\/es\/introduccion-al-software-de-marcadores-deportivos\/video-marcador-baseball\/"]}]},{"@type":"BreadcrumbList","@id":"https:\/\/www.largedisplaysolutions.com\/es\/introduccion-al-software-de-marcadores-deportivos\/video-marcador-baseball\/#breadcrumb","itemListElement":[{"@type":"ListItem","position":1,"name":"Home","item":"https:\/\/www.largedisplaysolutions.com\/es\/"},{"@type":"ListItem","position":2,"name":"Introducci\u00f3n al software de marcadores deportivos","item":"https:\/\/www.largedisplaysolutions.com\/es\/introduccion-al-software-de-marcadores-deportivos\/"},{"@type":"ListItem","position":3,"name":"Video marcador de baseball"}]},{"@type":"WebSite","@id":"https:\/\/www.largedisplaysolutions.com\/es\/#website","url":"https:\/\/www.largedisplaysolutions.com\/es\/","name":"Large Display Solutions","description":"Software solutions for LED perimeter systems","publisher":{"@id":"https:\/\/www.largedisplaysolutions.com\/es\/#organization"},"potentialAction":[{"@type":"SearchAction","target":{"@type":"EntryPoint","urlTemplate":"https:\/\/www.largedisplaysolutions.com\/es\/?s={search_term_string}"},"query-input":{"@type":"PropertyValueSpecification","valueRequired":true,"valueName":"search_term_string"}}],"inLanguage":"es"},{"@type":"Organization","@id":"https:\/\/www.largedisplaysolutions.com\/es\/#organization","name":"Large Display Solutions","url":"https:\/\/www.largedisplaysolutions.com\/es\/","logo":{"@type":"ImageObject","inLanguage":"es","@id":"https:\/\/www.largedisplaysolutions.com\/es\/#\/schema\/logo\/image\/","url":"https:\/\/www.largedisplaysolutions.com\/wp-content\/uploads\/2021\/06\/LogotipoLDS_128x40.png","contentUrl":"https:\/\/www.largedisplaysolutions.com\/wp-content\/uploads\/2021\/06\/LogotipoLDS_128x40.png","width":128,"height":40,"caption":"Large Display Solutions"},"image":{"@id":"https:\/\/www.largedisplaysolutions.com\/es\/#\/schema\/logo\/image\/"}}]}},"_links":{"self":[{"href":"https:\/\/www.largedisplaysolutions.com\/es\/wp-json\/wp\/v2\/pages\/17475","targetHints":{"allow":["GET"]}}],"collection":[{"href":"https:\/\/www.largedisplaysolutions.com\/es\/wp-json\/wp\/v2\/pages"}],"about":[{"href":"https:\/\/www.largedisplaysolutions.com\/es\/wp-json\/wp\/v2\/types\/page"}],"author":[{"embeddable":true,"href":"https:\/\/www.largedisplaysolutions.com\/es\/wp-json\/wp\/v2\/users\/1"}],"replies":[{"embeddable":true,"href":"https:\/\/www.largedisplaysolutions.com\/es\/wp-json\/wp\/v2\/comments?post=17475"}],"version-history":[{"count":6,"href":"https:\/\/www.largedisplaysolutions.com\/es\/wp-json\/wp\/v2\/pages\/17475\/revisions"}],"predecessor-version":[{"id":17493,"href":"https:\/\/www.largedisplaysolutions.com\/es\/wp-json\/wp\/v2\/pages\/17475\/revisions\/17493"}],"up":[{"embeddable":true,"href":"https:\/\/www.largedisplaysolutions.com\/es\/wp-json\/wp\/v2\/pages\/16521"}],"wp:attachment":[{"href":"https:\/\/www.largedisplaysolutions.com\/es\/wp-json\/wp\/v2\/media?parent=17475"}],"curies":[{"name":"wp","href":"https:\/\/api.w.org\/{rel}","templated":true}]}}