{"id":17929,"date":"2025-01-24T10:43:11","date_gmt":"2025-01-24T10:43:11","guid":{"rendered":"https:\/\/www.largedisplaysolutions.com\/?post_type=product&#038;p=17929"},"modified":"2025-01-29T10:32:37","modified_gmt":"2025-01-29T10:32:37","slug":"ldsscoreboard-licencia-perpetua","status":"publish","type":"product","link":"https:\/\/www.largedisplaysolutions.com\/es\/producto\/ldsscoreboard-licencia-perpetua\/","title":{"rendered":"LDSscoreboard &#8211; Licencia perpetua"},"content":{"rendered":"<p>Licencia de uso de LDSscoreboard sin fecha de caducidad para un ordenador.<br \/>\nEsta licencia no se puede transferir entre diferentes ordenadores.<\/p>\n<p>Incluye:<\/p>\n<ul>\n<li>Uso perpetuo del sistema LDSscoreboard<\/li>\n<li>Soporte v\u00eda TeamViewer<\/li>\n<li>Actualizaci\u00f3n de versiones (habitualmente dos veces al a\u00f1o)<\/li>\n<\/ul>\n<h3>Activaci\u00f3n de la licencia<\/h3>\n<p>Una vez adquirida la licencia, y el software est\u00e9 instalado en el ordenador donde desee ejecutarlo, env\u00ede el \u00abInstallation ID\u00bb, que la aplicaci\u00f3n le facilitar\u00e1, a info@largedisplaysolutions.com y recibir\u00e1 el c\u00f3digo de activaci\u00f3n en un plazo m\u00e1ximo de un d\u00eda laborable.<\/p>\n<p>&nbsp;<\/p>\n","protected":false},"excerpt":{"rendered":"<p>Licencia de uso de LDSscoreboard sin fecha de caducidad para un ordenador. Licencia no transferible entre ordenadores.<\/p>\n","protected":false},"featured_media":17678,"template":"","meta":[],"product_brand":[],"product_cat":[157],"product_tag":[97],"class_list":{"0":"post-17929","1":"product","2":"type-product","3":"status-publish","4":"has-post-thumbnail","6":"product_cat-licencias-perpetuas","7":"product_tag-ldsscoreboard","9":"first","10":"instock","11":"virtual","12":"purchasable","13":"product-type-simple"},"yoast_head":"<!-- This site is optimized with the Yoast SEO plugin v27.4 - https:\/\/yoast.com\/product\/yoast-seo-wordpress\/ -->\n<title>LDSscoreboard - Licencia perpetua - Large Display Solutions<\/title>\n<meta name=\"description\" content=\"Licencia de uso de LDSscoreboard sin fecha de caducidad para un ordenador. Licencia no transferible entre ordenadores.\" \/>\n<meta name=\"robots\" content=\"index, follow, max-snippet:-1, max-image-preview:large, max-video-preview:-1\" \/>\n<link rel=\"canonical\" href=\"https:\/\/www.largedisplaysolutions.com\/es\/producto\/ldsscoreboard-licencia-perpetua\/\" \/>\n<meta property=\"og:locale\" content=\"es_ES\" \/>\n<meta property=\"og:type\" content=\"article\" \/>\n<meta property=\"og:title\" content=\"LDSscoreboard - Licencia perpetua - Large Display Solutions\" \/>\n<meta property=\"og:description\" content=\"Licencia de uso de LDSscoreboard sin fecha de caducidad para un ordenador. Licencia no transferible entre ordenadores.\" \/>\n<meta property=\"og:url\" content=\"https:\/\/www.largedisplaysolutions.com\/es\/producto\/ldsscoreboard-licencia-perpetua\/\" \/>\n<meta property=\"og:site_name\" content=\"Large Display Solutions\" \/>\n<meta property=\"article:modified_time\" content=\"2025-01-29T10:32:37+00:00\" \/>\n<meta property=\"og:image\" content=\"https:\/\/www.largedisplaysolutions.com\/wp-content\/uploads\/2024\/09\/Marcador-Baloncesto.png\" \/>\n\t<meta property=\"og:image:width\" content=\"1200\" \/>\n\t<meta property=\"og:image:height\" content=\"900\" \/>\n\t<meta property=\"og:image:type\" content=\"image\/png\" \/>\n<meta name=\"twitter:card\" content=\"summary_large_image\" \/>\n<meta name=\"twitter:label1\" content=\"Tiempo de lectura\" \/>\n\t<meta name=\"twitter:data1\" content=\"1 minuto\" \/>\n<script type=\"application\/ld+json\" class=\"yoast-schema-graph\">{\"@context\":\"https:\\\/\\\/schema.org\",\"@graph\":[{\"@type\":\"WebPage\",\"@id\":\"https:\\\/\\\/www.largedisplaysolutions.com\\\/es\\\/producto\\\/ldsscoreboard-licencia-perpetua\\\/\",\"url\":\"https:\\\/\\\/www.largedisplaysolutions.com\\\/es\\\/producto\\\/ldsscoreboard-licencia-perpetua\\\/\",\"name\":\"LDSscoreboard - Licencia perpetua - Large Display Solutions\",\"isPartOf\":{\"@id\":\"https:\\\/\\\/www.largedisplaysolutions.com\\\/es\\\/#website\"},\"primaryImageOfPage\":{\"@id\":\"https:\\\/\\\/www.largedisplaysolutions.com\\\/es\\\/producto\\\/ldsscoreboard-licencia-perpetua\\\/#primaryimage\"},\"image\":{\"@id\":\"https:\\\/\\\/www.largedisplaysolutions.com\\\/es\\\/producto\\\/ldsscoreboard-licencia-perpetua\\\/#primaryimage\"},\"thumbnailUrl\":\"https:\\\/\\\/www.largedisplaysolutions.com\\\/wp-content\\\/uploads\\\/2024\\\/09\\\/Marcador-Baloncesto.png\",\"datePublished\":\"2025-01-24T10:43:11+00:00\",\"dateModified\":\"2025-01-29T10:32:37+00:00\",\"description\":\"Licencia de uso de LDSscoreboard sin fecha de caducidad para un ordenador. Licencia no transferible entre ordenadores.\",\"breadcrumb\":{\"@id\":\"https:\\\/\\\/www.largedisplaysolutions.com\\\/es\\\/producto\\\/ldsscoreboard-licencia-perpetua\\\/#breadcrumb\"},\"inLanguage\":\"es\",\"potentialAction\":[{\"@type\":\"ReadAction\",\"target\":[\"https:\\\/\\\/www.largedisplaysolutions.com\\\/es\\\/producto\\\/ldsscoreboard-licencia-perpetua\\\/\"]}]},{\"@type\":\"ImageObject\",\"inLanguage\":\"es\",\"@id\":\"https:\\\/\\\/www.largedisplaysolutions.com\\\/es\\\/producto\\\/ldsscoreboard-licencia-perpetua\\\/#primaryimage\",\"url\":\"https:\\\/\\\/www.largedisplaysolutions.com\\\/wp-content\\\/uploads\\\/2024\\\/09\\\/Marcador-Baloncesto.png\",\"contentUrl\":\"https:\\\/\\\/www.largedisplaysolutions.com\\\/wp-content\\\/uploads\\\/2024\\\/09\\\/Marcador-Baloncesto.png\",\"width\":1200,\"height\":900,\"caption\":\"Video marcador baloncesto\"},{\"@type\":\"BreadcrumbList\",\"@id\":\"https:\\\/\\\/www.largedisplaysolutions.com\\\/es\\\/producto\\\/ldsscoreboard-licencia-perpetua\\\/#breadcrumb\",\"itemListElement\":[{\"@type\":\"ListItem\",\"position\":1,\"name\":\"Home\",\"item\":\"https:\\\/\\\/www.largedisplaysolutions.com\\\/es\\\/\"},{\"@type\":\"ListItem\",\"position\":2,\"name\":\"Tienda\",\"item\":\"https:\\\/\\\/www.largedisplaysolutions.com\\\/es\\\/shop\\\/\"},{\"@type\":\"ListItem\",\"position\":3,\"name\":\"LDSscoreboard &#8211; Licencia perpetua\"}]},{\"@type\":\"WebSite\",\"@id\":\"https:\\\/\\\/www.largedisplaysolutions.com\\\/es\\\/#website\",\"url\":\"https:\\\/\\\/www.largedisplaysolutions.com\\\/es\\\/\",\"name\":\"Large Display Solutions\",\"description\":\"Software solutions for LED perimeter systems\",\"publisher\":{\"@id\":\"https:\\\/\\\/www.largedisplaysolutions.com\\\/es\\\/#organization\"},\"potentialAction\":[{\"@type\":\"SearchAction\",\"target\":{\"@type\":\"EntryPoint\",\"urlTemplate\":\"https:\\\/\\\/www.largedisplaysolutions.com\\\/es\\\/?s={search_term_string}\"},\"query-input\":{\"@type\":\"PropertyValueSpecification\",\"valueRequired\":true,\"valueName\":\"search_term_string\"}}],\"inLanguage\":\"es\"},{\"@type\":\"Organization\",\"@id\":\"https:\\\/\\\/www.largedisplaysolutions.com\\\/es\\\/#organization\",\"name\":\"Large Display Solutions\",\"url\":\"https:\\\/\\\/www.largedisplaysolutions.com\\\/es\\\/\",\"logo\":{\"@type\":\"ImageObject\",\"inLanguage\":\"es\",\"@id\":\"https:\\\/\\\/www.largedisplaysolutions.com\\\/es\\\/#\\\/schema\\\/logo\\\/image\\\/\",\"url\":\"https:\\\/\\\/www.largedisplaysolutions.com\\\/wp-content\\\/uploads\\\/2021\\\/06\\\/LogotipoLDS_128x40.png\",\"contentUrl\":\"https:\\\/\\\/www.largedisplaysolutions.com\\\/wp-content\\\/uploads\\\/2021\\\/06\\\/LogotipoLDS_128x40.png\",\"width\":128,\"height\":40,\"caption\":\"Large Display Solutions\"},\"image\":{\"@id\":\"https:\\\/\\\/www.largedisplaysolutions.com\\\/es\\\/#\\\/schema\\\/logo\\\/image\\\/\"}}]}<\/script>\n<!-- \/ Yoast SEO plugin. -->","yoast_head_json":{"title":"LDSscoreboard - Licencia perpetua - Large Display Solutions","description":"Licencia de uso de LDSscoreboard sin fecha de caducidad para un ordenador. Licencia no transferible entre ordenadores.","robots":{"index":"index","follow":"follow","max-snippet":"max-snippet:-1","max-image-preview":"max-image-preview:large","max-video-preview":"max-video-preview:-1"},"canonical":"https:\/\/www.largedisplaysolutions.com\/es\/producto\/ldsscoreboard-licencia-perpetua\/","og_locale":"es_ES","og_type":"article","og_title":"LDSscoreboard - Licencia perpetua - Large Display Solutions","og_description":"Licencia de uso de LDSscoreboard sin fecha de caducidad para un ordenador. Licencia no transferible entre ordenadores.","og_url":"https:\/\/www.largedisplaysolutions.com\/es\/producto\/ldsscoreboard-licencia-perpetua\/","og_site_name":"Large Display Solutions","article_modified_time":"2025-01-29T10:32:37+00:00","og_image":[{"width":1200,"height":900,"url":"https:\/\/www.largedisplaysolutions.com\/wp-content\/uploads\/2024\/09\/Marcador-Baloncesto.png","type":"image\/png"}],"twitter_card":"summary_large_image","twitter_misc":{"Tiempo de lectura":"1 minuto"},"schema":{"@context":"https:\/\/schema.org","@graph":[{"@type":"WebPage","@id":"https:\/\/www.largedisplaysolutions.com\/es\/producto\/ldsscoreboard-licencia-perpetua\/","url":"https:\/\/www.largedisplaysolutions.com\/es\/producto\/ldsscoreboard-licencia-perpetua\/","name":"LDSscoreboard - Licencia perpetua - Large Display Solutions","isPartOf":{"@id":"https:\/\/www.largedisplaysolutions.com\/es\/#website"},"primaryImageOfPage":{"@id":"https:\/\/www.largedisplaysolutions.com\/es\/producto\/ldsscoreboard-licencia-perpetua\/#primaryimage"},"image":{"@id":"https:\/\/www.largedisplaysolutions.com\/es\/producto\/ldsscoreboard-licencia-perpetua\/#primaryimage"},"thumbnailUrl":"https:\/\/www.largedisplaysolutions.com\/wp-content\/uploads\/2024\/09\/Marcador-Baloncesto.png","datePublished":"2025-01-24T10:43:11+00:00","dateModified":"2025-01-29T10:32:37+00:00","description":"Licencia de uso de LDSscoreboard sin fecha de caducidad para un ordenador. Licencia no transferible entre ordenadores.","breadcrumb":{"@id":"https:\/\/www.largedisplaysolutions.com\/es\/producto\/ldsscoreboard-licencia-perpetua\/#breadcrumb"},"inLanguage":"es","potentialAction":[{"@type":"ReadAction","target":["https:\/\/www.largedisplaysolutions.com\/es\/producto\/ldsscoreboard-licencia-perpetua\/"]}]},{"@type":"ImageObject","inLanguage":"es","@id":"https:\/\/www.largedisplaysolutions.com\/es\/producto\/ldsscoreboard-licencia-perpetua\/#primaryimage","url":"https:\/\/www.largedisplaysolutions.com\/wp-content\/uploads\/2024\/09\/Marcador-Baloncesto.png","contentUrl":"https:\/\/www.largedisplaysolutions.com\/wp-content\/uploads\/2024\/09\/Marcador-Baloncesto.png","width":1200,"height":900,"caption":"Video marcador baloncesto"},{"@type":"BreadcrumbList","@id":"https:\/\/www.largedisplaysolutions.com\/es\/producto\/ldsscoreboard-licencia-perpetua\/#breadcrumb","itemListElement":[{"@type":"ListItem","position":1,"name":"Home","item":"https:\/\/www.largedisplaysolutions.com\/es\/"},{"@type":"ListItem","position":2,"name":"Tienda","item":"https:\/\/www.largedisplaysolutions.com\/es\/shop\/"},{"@type":"ListItem","position":3,"name":"LDSscoreboard &#8211; Licencia perpetua"}]},{"@type":"WebSite","@id":"https:\/\/www.largedisplaysolutions.com\/es\/#website","url":"https:\/\/www.largedisplaysolutions.com\/es\/","name":"Large Display Solutions","description":"Software solutions for LED perimeter systems","publisher":{"@id":"https:\/\/www.largedisplaysolutions.com\/es\/#organization"},"potentialAction":[{"@type":"SearchAction","target":{"@type":"EntryPoint","urlTemplate":"https:\/\/www.largedisplaysolutions.com\/es\/?s={search_term_string}"},"query-input":{"@type":"PropertyValueSpecification","valueRequired":true,"valueName":"search_term_string"}}],"inLanguage":"es"},{"@type":"Organization","@id":"https:\/\/www.largedisplaysolutions.com\/es\/#organization","name":"Large Display Solutions","url":"https:\/\/www.largedisplaysolutions.com\/es\/","logo":{"@type":"ImageObject","inLanguage":"es","@id":"https:\/\/www.largedisplaysolutions.com\/es\/#\/schema\/logo\/image\/","url":"https:\/\/www.largedisplaysolutions.com\/wp-content\/uploads\/2021\/06\/LogotipoLDS_128x40.png","contentUrl":"https:\/\/www.largedisplaysolutions.com\/wp-content\/uploads\/2021\/06\/LogotipoLDS_128x40.png","width":128,"height":40,"caption":"Large Display Solutions"},"image":{"@id":"https:\/\/www.largedisplaysolutions.com\/es\/#\/schema\/logo\/image\/"}}]}},"_links":{"self":[{"href":"https:\/\/www.largedisplaysolutions.com\/es\/wp-json\/wp\/v2\/product\/17929","targetHints":{"allow":["GET"]}}],"collection":[{"href":"https:\/\/www.largedisplaysolutions.com\/es\/wp-json\/wp\/v2\/product"}],"about":[{"href":"https:\/\/www.largedisplaysolutions.com\/es\/wp-json\/wp\/v2\/types\/product"}],"wp:featuredmedia":[{"embeddable":true,"href":"https:\/\/www.largedisplaysolutions.com\/es\/wp-json\/wp\/v2\/media\/17678"}],"wp:attachment":[{"href":"https:\/\/www.largedisplaysolutions.com\/es\/wp-json\/wp\/v2\/media?parent=17929"}],"wp:term":[{"taxonomy":"product_brand","embeddable":true,"href":"https:\/\/www.largedisplaysolutions.com\/es\/wp-json\/wp\/v2\/product_brand?post=17929"},{"taxonomy":"product_cat","embeddable":true,"href":"https:\/\/www.largedisplaysolutions.com\/es\/wp-json\/wp\/v2\/product_cat?post=17929"},{"taxonomy":"product_tag","embeddable":true,"href":"https:\/\/www.largedisplaysolutions.com\/es\/wp-json\/wp\/v2\/product_tag?post=17929"}],"curies":[{"name":"wp","href":"https:\/\/api.w.org\/{rel}","templated":true}]}}