{"id":17417,"date":"2024-06-17T19:34:23","date_gmt":"2024-06-17T19:34:23","guid":{"rendered":"https:\/\/www.largedisplaysolutions.com\/introduction-aux-logiciels-de-tableaux-daffichage-sportif\/modele-de-tableau-daffichage-video-pour-le-football\/"},"modified":"2024-06-18T13:41:07","modified_gmt":"2024-06-18T13:41:07","slug":"modele-de-tableau-daffichage-video-pour-le-football","status":"publish","type":"page","link":"https:\/\/www.largedisplaysolutions.com\/fr\/introduction-aux-logiciels-de-tableaux-daffichage-sportif\/modele-de-tableau-daffichage-video-pour-le-football\/","title":{"rendered":"Tableau d&rsquo;affichage vid\u00e9o pour le football"},"content":{"rendered":"<div class=\"fusion-fullwidth fullwidth-box fusion-builder-row-1 fusion-flex-container has-pattern-background has-mask-background nonhundred-percent-fullwidth non-hundred-percent-height-scrolling\" style=\"--awb-border-radius-top-left:0px;--awb-border-radius-top-right:0px;--awb-border-radius-bottom-right:0px;--awb-border-radius-bottom-left:0px;--awb-flex-wrap:wrap;\" ><div class=\"fusion-builder-row fusion-row fusion-flex-align-items-flex-start fusion-flex-content-wrap\" style=\"max-width:1976px;margin-left: calc(-4% \/ 2 );margin-right: calc(-4% \/ 2 );\"><div class=\"fusion-layout-column fusion_builder_column fusion-builder-column-0 fusion_builder_column_1_6 1_6 fusion-flex-column\" style=\"--awb-bg-size:cover;--awb-width-large:16.666666666667%;--awb-margin-top-large:0px;--awb-spacing-right-large:11.52%;--awb-margin-bottom-large:20px;--awb-spacing-left-large:11.52%;--awb-width-medium:16.666666666667%;--awb-order-medium:0;--awb-spacing-right-medium:11.52%;--awb-spacing-left-medium:11.52%;--awb-width-small:100%;--awb-order-small:0;--awb-spacing-right-small:1.92%;--awb-spacing-left-small:1.92%;\"><div class=\"fusion-column-wrapper fusion-column-has-shadow fusion-flex-justify-content-flex-start fusion-content-layout-column\"><\/div><\/div><div class=\"fusion-layout-column fusion_builder_column fusion-builder-column-1 fusion_builder_column_2_3 2_3 fusion-flex-column\" style=\"--awb-bg-size:cover;--awb-width-large:66.666666666667%;--awb-margin-top-large:0px;--awb-spacing-right-large:2.88%;--awb-margin-bottom-large:20px;--awb-spacing-left-large:2.88%;--awb-width-medium:66.666666666667%;--awb-order-medium:0;--awb-spacing-right-medium:2.88%;--awb-spacing-left-medium:2.88%;--awb-width-small:100%;--awb-order-small:0;--awb-spacing-right-small:1.92%;--awb-spacing-left-small:1.92%;\"><div class=\"fusion-column-wrapper fusion-column-has-shadow fusion-flex-justify-content-flex-start fusion-content-layout-column\"><div class=\"fusion-title title fusion-title-1 fusion-sep-none fusion-title-center fusion-title-text fusion-title-size-one\" style=\"--awb-margin-top-small:10px;--awb-margin-right-small:0px;--awb-margin-bottom-small:10px;--awb-margin-left-small:0px;\"><h1 class=\"fusion-title-heading title-heading-center\" style=\"margin:0;\">Utilisation du mod\u00e8le de tableau d&rsquo;affichage vid\u00e9o pour le football<\/h1><\/div><div class=\"fusion-text fusion-text-1\"><p><span style=\"font-weight: 400;\"><a href=\"https:\/\/www.largedisplaysolutions.com\/fr\/logiciel-de-tableau-d-affichage-sportif\/\">LDSscoreboard<\/a> int\u00e8gre un ensemble de mod\u00e8les de tableaux d&rsquo;affichage vid\u00e9o pour le football dans diff\u00e9rents rapports d&rsquo;aspect afin de simplifier la cr\u00e9ation du tableau d&rsquo;affichage appropri\u00e9 pour votre \u00e9quipe. Dans le cas particulier du football, deux tableaux d&rsquo;affichage vid\u00e9o pour le football sont inclus, l&rsquo;un pour les \u00e9crans au format 4:3 et l&rsquo;autre pour les \u00e9crans au format 5:1. Cela signifie que si vous disposez d&rsquo;un \u00e9cran d&rsquo;une r\u00e9solution de 800&#215;600, 1200&#215;900 ou similaire, vous pouvez prendre le mod\u00e8le de rapport 4:3 comme r\u00e9f\u00e9rence et l&rsquo;adapter \u00e0 votre r\u00e9solution si la fa\u00e7on dont il est projet\u00e9 ne convient pas tout \u00e0 fait. <\/span><\/p>\n<p><span style=\"font-weight: 400;\">Le rapport 5:1 est con\u00e7u pour les \u00e9crans 640&#215;128, qui sont fr\u00e9quemment utilis\u00e9s dans les stades de football non professionnels.<\/span><\/p>\n<p>Rappelons que LDSscoreboard est un \u00e9diteur de tableau d&rsquo;affichage vid\u00e9o, c&rsquo;est-\u00e0-dire qu&rsquo;il vous permet d&rsquo;\u00e9diter le tableau d&rsquo;affichage afin de pr\u00e9senter les informations que vous souhaitez : sponsors, messages, vid\u00e9os, images, etc&#8230; C&rsquo;est pourquoi il est important de disposer d&rsquo;un mod\u00e8le qui vous permette de produire le tableau d&rsquo;affichage vid\u00e9o souhait\u00e9 par votre \u00e9quipe avec le moins d&rsquo;efforts possible.<\/p>\n<\/div><div class=\"fusion-title title fusion-title-2 fusion-sep-none fusion-title-text fusion-title-size-two\" style=\"--awb-margin-top-small:10px;--awb-margin-right-small:0px;--awb-margin-bottom-small:10px;--awb-margin-left-small:0px;\"><h2 class=\"fusion-title-heading title-heading-left\" style=\"margin:0;\">Tableau d&rsquo;affichage vid\u00e9o personnalisable<\/h2><\/div><div class=\"fusion-image-carousel fusion-image-carousel-fixed fusion-image-carousel-1 fusion-carousel-border\"><div class=\"awb-carousel awb-swiper awb-swiper-carousel awb-carousel--carousel awb-swiper-dots-position-bottom\" data-layout=\"carousel\" data-autoplay=\"no\" data-autoplayspeed=\"2500\" data-autoplaypause=\"no\" data-columns=\"5\" data-columnsmedium=\"1\" data-columnssmall=\"1\" data-itemmargin=\"13\" data-itemwidth=\"180\" data-touchscroll=\"no\" data-freemode=\"no\" data-imagesize=\"fixed\" data-scrollitems=\"0\" data-centeredslides=\"no\" data-rotationangle=\"50\" data-depth=\"100\" data-speed=\"500\" data-shadow=\"no\" data-pagination=\"bullets\" style=\"--awb-border-width:1px;--awb-border-color:#e9eaee;\"><div class=\"swiper-wrapper awb-image-carousel-wrapper fusion-flex-align-items-center\"><div class=\"swiper-slide\"><div class=\"fusion-carousel-item-wrapper\"><div class=\"fusion-image-wrapper hover-type-none\"><img loading=\"lazy\" decoding=\"async\" width=\"269\" height=\"202\" src=\"https:\/\/www.largedisplaysolutions.com\/wp-content\/uploads\/2024\/06\/2024-06-17-2-320x240.png\" class=\"attachment-blog-medium size-blog-medium\" alt=\"Tableau d&#039;affichage vid\u00e9o pour le football\" srcset=\"https:\/\/www.largedisplaysolutions.com\/wp-content\/uploads\/2024\/06\/2024-06-17-2-200x150.png 200w, https:\/\/www.largedisplaysolutions.com\/wp-content\/uploads\/2024\/06\/2024-06-17-2-400x300.png 400w, https:\/\/www.largedisplaysolutions.com\/wp-content\/uploads\/2024\/06\/2024-06-17-2-600x450.png 600w, https:\/\/www.largedisplaysolutions.com\/wp-content\/uploads\/2024\/06\/2024-06-17-2-800x600.png 800w, https:\/\/www.largedisplaysolutions.com\/wp-content\/uploads\/2024\/06\/2024-06-17-2.png 1200w\" sizes=\"auto, (min-width: 2200px) 100vw, (min-width: 928px) 370px, (min-width: 856px) 462px, (min-width: 784px) 616px, (min-width: 712px) 784px, (min-width: 640px) 712px, \" \/><\/div><\/div><\/div><div class=\"swiper-slide\"><div class=\"fusion-carousel-item-wrapper\"><div class=\"fusion-image-wrapper hover-type-none\"><img loading=\"lazy\" decoding=\"async\" width=\"269\" height=\"202\" src=\"https:\/\/www.largedisplaysolutions.com\/wp-content\/uploads\/2024\/06\/2024-06-17-4-320x240.png\" class=\"attachment-blog-medium size-blog-medium\" alt=\"Tableau d&#039;affichage vid\u00e9o pour le football, carton jaune.\" srcset=\"https:\/\/www.largedisplaysolutions.com\/wp-content\/uploads\/2024\/06\/2024-06-17-4-200x150.png 200w, https:\/\/www.largedisplaysolutions.com\/wp-content\/uploads\/2024\/06\/2024-06-17-4-400x300.png 400w, https:\/\/www.largedisplaysolutions.com\/wp-content\/uploads\/2024\/06\/2024-06-17-4-600x450.png 600w, https:\/\/www.largedisplaysolutions.com\/wp-content\/uploads\/2024\/06\/2024-06-17-4-800x600.png 800w, https:\/\/www.largedisplaysolutions.com\/wp-content\/uploads\/2024\/06\/2024-06-17-4.png 1200w\" sizes=\"auto, (min-width: 2200px) 100vw, (min-width: 928px) 370px, (min-width: 856px) 462px, (min-width: 784px) 616px, (min-width: 712px) 784px, (min-width: 640px) 712px, \" \/><\/div><\/div><\/div><div class=\"swiper-slide\"><div class=\"fusion-carousel-item-wrapper\"><div class=\"fusion-image-wrapper hover-type-none\"><img loading=\"lazy\" decoding=\"async\" width=\"269\" height=\"202\" src=\"https:\/\/www.largedisplaysolutions.com\/wp-content\/uploads\/2024\/06\/2024-06-17-1-320x240.png\" class=\"attachment-blog-medium size-blog-medium\" alt=\"Tableau d&#039;affichage vid\u00e9o pour le football, remplacement.\" srcset=\"https:\/\/www.largedisplaysolutions.com\/wp-content\/uploads\/2024\/06\/2024-06-17-1-200x150.png 200w, https:\/\/www.largedisplaysolutions.com\/wp-content\/uploads\/2024\/06\/2024-06-17-1-400x300.png 400w, https:\/\/www.largedisplaysolutions.com\/wp-content\/uploads\/2024\/06\/2024-06-17-1-600x450.png 600w, https:\/\/www.largedisplaysolutions.com\/wp-content\/uploads\/2024\/06\/2024-06-17-1-800x600.png 800w, https:\/\/www.largedisplaysolutions.com\/wp-content\/uploads\/2024\/06\/2024-06-17-1.png 1200w\" sizes=\"auto, (min-width: 2200px) 100vw, (min-width: 928px) 370px, (min-width: 856px) 462px, (min-width: 784px) 616px, (min-width: 712px) 784px, (min-width: 640px) 712px, \" \/><\/div><\/div><\/div><div class=\"swiper-slide\"><div class=\"fusion-carousel-item-wrapper\"><div class=\"fusion-image-wrapper hover-type-none\"><img loading=\"lazy\" decoding=\"async\" width=\"320\" height=\"64\" src=\"https:\/\/www.largedisplaysolutions.com\/wp-content\/uploads\/2024\/06\/2024-06-17-6-320x64.png\" class=\"attachment-blog-medium size-blog-medium\" alt=\"Tableau d&#039;affichage vid\u00e9o pour le football, remplacement.\" srcset=\"https:\/\/www.largedisplaysolutions.com\/wp-content\/uploads\/2024\/06\/2024-06-17-6-200x40.png 200w, https:\/\/www.largedisplaysolutions.com\/wp-content\/uploads\/2024\/06\/2024-06-17-6-400x80.png 400w, https:\/\/www.largedisplaysolutions.com\/wp-content\/uploads\/2024\/06\/2024-06-17-6-600x120.png 600w, https:\/\/www.largedisplaysolutions.com\/wp-content\/uploads\/2024\/06\/2024-06-17-6-800x160.png 800w, https:\/\/www.largedisplaysolutions.com\/wp-content\/uploads\/2024\/06\/2024-06-17-6.png 960w\" sizes=\"auto, (min-width: 2200px) 100vw, (min-width: 928px) 370px, (min-width: 856px) 462px, (min-width: 784px) 616px, (min-width: 712px) 784px, (min-width: 640px) 712px, \" \/><\/div><\/div><\/div><div class=\"swiper-slide\"><div class=\"fusion-carousel-item-wrapper\"><div class=\"fusion-image-wrapper hover-type-none\"><img loading=\"lazy\" decoding=\"async\" width=\"320\" height=\"64\" src=\"https:\/\/www.largedisplaysolutions.com\/wp-content\/uploads\/2024\/06\/2024-06-17-5-320x64.png\" class=\"attachment-blog-medium size-blog-medium\" alt=\"Tableau d&#039;affichage vid\u00e9o pour le football, 5:1.\" srcset=\"https:\/\/www.largedisplaysolutions.com\/wp-content\/uploads\/2024\/06\/2024-06-17-5-200x40.png 200w, https:\/\/www.largedisplaysolutions.com\/wp-content\/uploads\/2024\/06\/2024-06-17-5-400x80.png 400w, https:\/\/www.largedisplaysolutions.com\/wp-content\/uploads\/2024\/06\/2024-06-17-5-600x120.png 600w, https:\/\/www.largedisplaysolutions.com\/wp-content\/uploads\/2024\/06\/2024-06-17-5-800x160.png 800w, https:\/\/www.largedisplaysolutions.com\/wp-content\/uploads\/2024\/06\/2024-06-17-5.png 960w\" sizes=\"auto, (min-width: 2200px) 100vw, (min-width: 928px) 370px, (min-width: 856px) 462px, (min-width: 784px) 616px, (min-width: 712px) 784px, (min-width: 640px) 712px, \" \/><\/div><\/div><\/div><\/div><div class=\"awb-swiper-button awb-swiper-button-prev\"><i class=\"awb-icon-angle-left\" aria-hidden=\"true\"><\/i><\/div><div class=\"awb-swiper-button awb-swiper-button-next\"><i class=\"awb-icon-angle-right\" aria-hidden=\"true\"><\/i><\/div><\/div><\/div><div class=\"fusion-title title fusion-title-3 fusion-sep-none fusion-title-text fusion-title-size-two\" style=\"--awb-margin-top-small:10px;--awb-margin-right-small:0px;--awb-margin-bottom-small:10px;--awb-margin-left-small:0px;\"><h2 class=\"fusion-title-heading title-heading-left\" style=\"margin:0;\">Vues incluses dans le tableau de bord<\/h2><\/div><div class=\"fusion-text fusion-text-2\"><p><span style=\"font-weight: 400;\">Afin que le tableau d&rsquo;affichage soit pr\u00eat le plus rapidement possible, nous vous proposons un ensemble de vues ou de diapositives qui sont g\u00e9n\u00e9ralement utilis\u00e9es dans un tableau d&rsquo;affichage vid\u00e9o de ces caract\u00e9ristiques.<\/span><\/p>\n<ul>\n<li style=\"font-weight: 400;\" aria-level=\"1\"><span style=\"font-weight: 400;\">Score du match<\/span><\/li>\n<li style=\"font-weight: 400;\" aria-level=\"1\"><span style=\"font-weight: 400;\">Remplacement des joueurs de l&rsquo;\u00e9quipe locale et de l&rsquo;\u00e9quipe ext\u00e9rieure<\/span><\/li>\n<li style=\"font-weight: 400;\" aria-level=\"1\"><span style=\"font-weight: 400;\">Cartons jaunes pour l&rsquo;\u00e9quipe \u00e0 domicile et l&rsquo;\u00e9quipe \u00e0 l&rsquo;ext\u00e9rieur<\/span><\/li>\n<li style=\"font-weight: 400;\" aria-level=\"1\"><span style=\"font-weight: 400;\">Carton rouge pour l&rsquo;\u00e9quipe \u00e0 domicile et l&rsquo;\u00e9quipe \u00e0 l&rsquo;ext\u00e9rieur<\/span><\/li>\n<li style=\"font-weight: 400;\" aria-level=\"1\"><span style=\"font-weight: 400;\">Pr\u00e9sentation des joueurs avec photos.<\/span><\/li>\n<\/ul>\n<\/div><div class=\"fusion-text fusion-text-3\"><p><span style=\"font-weight: 400;\">Avec ces mod\u00e8les de tableaux d&rsquo;affichage vid\u00e9o pour le football, vous pouvez disposer d&rsquo;un tableau d&rsquo;affichage vid\u00e9o fonctionnel en quelques minutes seulement, mais vous pouvez \u00e9galement le personnaliser compl\u00e8tement afin que l&rsquo;\u00e9quipe dispose d&rsquo;un syst\u00e8me totalement personnalis\u00e9 avec peu d&rsquo;efforts.<\/span><\/p>\n<p>N&rsquo;oubliez pas que ces mod\u00e8les sont inclus dans l&rsquo;application <a href=\"https:\/\/www.largedisplaysolutions.com\/fr\/logiciel-de-tableau-d-affichage-sportif\/\">LDSscoreboard<\/a> que vous pouvez t\u00e9l\u00e9charger \u00e0 partir de la<a href=\"https:\/\/www.largedisplaysolutions.com\/fr\/telechargements\/\"> zone de t\u00e9l\u00e9chargement de<\/a> ce site web.<\/p>\n<\/div><\/div><\/div><div class=\"fusion-layout-column fusion_builder_column fusion-builder-column-2 fusion_builder_column_1_6 1_6 fusion-flex-column\" style=\"--awb-bg-size:cover;--awb-width-large:16.666666666667%;--awb-margin-top-large:0px;--awb-spacing-right-large:11.52%;--awb-margin-bottom-large:20px;--awb-spacing-left-large:11.52%;--awb-width-medium:16.666666666667%;--awb-order-medium:0;--awb-spacing-right-medium:11.52%;--awb-spacing-left-medium:11.52%;--awb-width-small:100%;--awb-order-small:0;--awb-spacing-right-small:1.92%;--awb-spacing-left-small:1.92%;\"><div class=\"fusion-column-wrapper fusion-column-has-shadow fusion-flex-justify-content-flex-start fusion-content-layout-column\"><\/div><\/div><\/div><\/div>\n","protected":false},"excerpt":{"rendered":"","protected":false},"author":1,"featured_media":0,"parent":16673,"menu_order":0,"comment_status":"closed","ping_status":"closed","template":"","meta":{"footnotes":""},"class_list":["post-17417","page","type-page","status-publish","hentry"],"yoast_head":"<!-- This site is optimized with the Yoast SEO plugin v27.4 - https:\/\/yoast.com\/product\/yoast-seo-wordpress\/ -->\n<title>Tableau d&#039;affichage vid\u00e9o pour le football - Large Display Solutions<\/title>\n<meta name=\"description\" content=\"Mod\u00e8le de tableau d&#039;affichage vid\u00e9o de football que vous pouvez utiliser avec LDSscoreboard et personnaliser en fonction de vos int\u00e9r\u00eats.\" \/>\n<meta name=\"robots\" content=\"index, follow, max-snippet:-1, max-image-preview:large, max-video-preview:-1\" \/>\n<link rel=\"canonical\" href=\"https:\/\/www.largedisplaysolutions.com\/fr\/introduction-aux-logiciels-de-tableaux-daffichage-sportif\/modele-de-tableau-daffichage-video-pour-le-football\/\" \/>\n<meta property=\"og:locale\" content=\"fr_FR\" \/>\n<meta property=\"og:type\" content=\"article\" \/>\n<meta property=\"og:title\" content=\"Tableau d&#039;affichage vid\u00e9o pour le football - Large Display Solutions\" \/>\n<meta property=\"og:description\" content=\"Mod\u00e8le de tableau d&#039;affichage vid\u00e9o de football que vous pouvez utiliser avec LDSscoreboard et personnaliser en fonction de vos int\u00e9r\u00eats.\" \/>\n<meta property=\"og:url\" content=\"https:\/\/www.largedisplaysolutions.com\/fr\/introduction-aux-logiciels-de-tableaux-daffichage-sportif\/modele-de-tableau-daffichage-video-pour-le-football\/\" \/>\n<meta property=\"og:site_name\" content=\"Large Display Solutions\" \/>\n<meta property=\"article:modified_time\" content=\"2024-06-18T13:41:07+00:00\" \/>\n<meta name=\"twitter:card\" content=\"summary_large_image\" \/>\n<meta name=\"twitter:label1\" content=\"Dur\u00e9e de lecture estim\u00e9e\" \/>\n\t<meta name=\"twitter:data1\" content=\"17 minutes\" \/>\n<script type=\"application\/ld+json\" class=\"yoast-schema-graph\">{\"@context\":\"https:\\\/\\\/schema.org\",\"@graph\":[{\"@type\":\"WebPage\",\"@id\":\"https:\\\/\\\/www.largedisplaysolutions.com\\\/fr\\\/introduction-aux-logiciels-de-tableaux-daffichage-sportif\\\/modele-de-tableau-daffichage-video-pour-le-football\\\/\",\"url\":\"https:\\\/\\\/www.largedisplaysolutions.com\\\/fr\\\/introduction-aux-logiciels-de-tableaux-daffichage-sportif\\\/modele-de-tableau-daffichage-video-pour-le-football\\\/\",\"name\":\"Tableau d'affichage vid\u00e9o pour le football - Large Display Solutions\",\"isPartOf\":{\"@id\":\"https:\\\/\\\/www.largedisplaysolutions.com\\\/fr\\\/#website\"},\"datePublished\":\"2024-06-17T19:34:23+00:00\",\"dateModified\":\"2024-06-18T13:41:07+00:00\",\"description\":\"Mod\u00e8le de tableau d'affichage vid\u00e9o de football que vous pouvez utiliser avec LDSscoreboard et personnaliser en fonction de vos int\u00e9r\u00eats.\",\"breadcrumb\":{\"@id\":\"https:\\\/\\\/www.largedisplaysolutions.com\\\/fr\\\/introduction-aux-logiciels-de-tableaux-daffichage-sportif\\\/modele-de-tableau-daffichage-video-pour-le-football\\\/#breadcrumb\"},\"inLanguage\":\"fr-FR\",\"potentialAction\":[{\"@type\":\"ReadAction\",\"target\":[\"https:\\\/\\\/www.largedisplaysolutions.com\\\/fr\\\/introduction-aux-logiciels-de-tableaux-daffichage-sportif\\\/modele-de-tableau-daffichage-video-pour-le-football\\\/\"]}]},{\"@type\":\"BreadcrumbList\",\"@id\":\"https:\\\/\\\/www.largedisplaysolutions.com\\\/fr\\\/introduction-aux-logiciels-de-tableaux-daffichage-sportif\\\/modele-de-tableau-daffichage-video-pour-le-football\\\/#breadcrumb\",\"itemListElement\":[{\"@type\":\"ListItem\",\"position\":1,\"name\":\"Home\",\"item\":\"https:\\\/\\\/www.largedisplaysolutions.com\\\/fr\\\/\"},{\"@type\":\"ListItem\",\"position\":2,\"name\":\"Introduction aux logiciels de tableaux d&#8217;affichage sportif\",\"item\":\"https:\\\/\\\/www.largedisplaysolutions.com\\\/fr\\\/introduction-aux-logiciels-de-tableaux-daffichage-sportif\\\/\"},{\"@type\":\"ListItem\",\"position\":3,\"name\":\"Tableau d&rsquo;affichage vid\u00e9o pour le football\"}]},{\"@type\":\"WebSite\",\"@id\":\"https:\\\/\\\/www.largedisplaysolutions.com\\\/fr\\\/#website\",\"url\":\"https:\\\/\\\/www.largedisplaysolutions.com\\\/fr\\\/\",\"name\":\"Large Display Solutions\",\"description\":\"Software solutions for LED perimeter systems\",\"publisher\":{\"@id\":\"https:\\\/\\\/www.largedisplaysolutions.com\\\/fr\\\/#organization\"},\"potentialAction\":[{\"@type\":\"SearchAction\",\"target\":{\"@type\":\"EntryPoint\",\"urlTemplate\":\"https:\\\/\\\/www.largedisplaysolutions.com\\\/fr\\\/?s={search_term_string}\"},\"query-input\":{\"@type\":\"PropertyValueSpecification\",\"valueRequired\":true,\"valueName\":\"search_term_string\"}}],\"inLanguage\":\"fr-FR\"},{\"@type\":\"Organization\",\"@id\":\"https:\\\/\\\/www.largedisplaysolutions.com\\\/fr\\\/#organization\",\"name\":\"Large Display Solutions\",\"url\":\"https:\\\/\\\/www.largedisplaysolutions.com\\\/fr\\\/\",\"logo\":{\"@type\":\"ImageObject\",\"inLanguage\":\"fr-FR\",\"@id\":\"https:\\\/\\\/www.largedisplaysolutions.com\\\/fr\\\/#\\\/schema\\\/logo\\\/image\\\/\",\"url\":\"https:\\\/\\\/www.largedisplaysolutions.com\\\/wp-content\\\/uploads\\\/2021\\\/06\\\/LogotipoLDS_128x40.png\",\"contentUrl\":\"https:\\\/\\\/www.largedisplaysolutions.com\\\/wp-content\\\/uploads\\\/2021\\\/06\\\/LogotipoLDS_128x40.png\",\"width\":128,\"height\":40,\"caption\":\"Large Display Solutions\"},\"image\":{\"@id\":\"https:\\\/\\\/www.largedisplaysolutions.com\\\/fr\\\/#\\\/schema\\\/logo\\\/image\\\/\"}}]}<\/script>\n<!-- \/ Yoast SEO plugin. -->","yoast_head_json":{"title":"Tableau d'affichage vid\u00e9o pour le football - Large Display Solutions","description":"Mod\u00e8le de tableau d'affichage vid\u00e9o de football que vous pouvez utiliser avec LDSscoreboard et personnaliser en fonction de vos int\u00e9r\u00eats.","robots":{"index":"index","follow":"follow","max-snippet":"max-snippet:-1","max-image-preview":"max-image-preview:large","max-video-preview":"max-video-preview:-1"},"canonical":"https:\/\/www.largedisplaysolutions.com\/fr\/introduction-aux-logiciels-de-tableaux-daffichage-sportif\/modele-de-tableau-daffichage-video-pour-le-football\/","og_locale":"fr_FR","og_type":"article","og_title":"Tableau d'affichage vid\u00e9o pour le football - Large Display Solutions","og_description":"Mod\u00e8le de tableau d'affichage vid\u00e9o de football que vous pouvez utiliser avec LDSscoreboard et personnaliser en fonction de vos int\u00e9r\u00eats.","og_url":"https:\/\/www.largedisplaysolutions.com\/fr\/introduction-aux-logiciels-de-tableaux-daffichage-sportif\/modele-de-tableau-daffichage-video-pour-le-football\/","og_site_name":"Large Display Solutions","article_modified_time":"2024-06-18T13:41:07+00:00","twitter_card":"summary_large_image","twitter_misc":{"Dur\u00e9e de lecture estim\u00e9e":"17 minutes"},"schema":{"@context":"https:\/\/schema.org","@graph":[{"@type":"WebPage","@id":"https:\/\/www.largedisplaysolutions.com\/fr\/introduction-aux-logiciels-de-tableaux-daffichage-sportif\/modele-de-tableau-daffichage-video-pour-le-football\/","url":"https:\/\/www.largedisplaysolutions.com\/fr\/introduction-aux-logiciels-de-tableaux-daffichage-sportif\/modele-de-tableau-daffichage-video-pour-le-football\/","name":"Tableau d'affichage vid\u00e9o pour le football - Large Display Solutions","isPartOf":{"@id":"https:\/\/www.largedisplaysolutions.com\/fr\/#website"},"datePublished":"2024-06-17T19:34:23+00:00","dateModified":"2024-06-18T13:41:07+00:00","description":"Mod\u00e8le de tableau d'affichage vid\u00e9o de football que vous pouvez utiliser avec LDSscoreboard et personnaliser en fonction de vos int\u00e9r\u00eats.","breadcrumb":{"@id":"https:\/\/www.largedisplaysolutions.com\/fr\/introduction-aux-logiciels-de-tableaux-daffichage-sportif\/modele-de-tableau-daffichage-video-pour-le-football\/#breadcrumb"},"inLanguage":"fr-FR","potentialAction":[{"@type":"ReadAction","target":["https:\/\/www.largedisplaysolutions.com\/fr\/introduction-aux-logiciels-de-tableaux-daffichage-sportif\/modele-de-tableau-daffichage-video-pour-le-football\/"]}]},{"@type":"BreadcrumbList","@id":"https:\/\/www.largedisplaysolutions.com\/fr\/introduction-aux-logiciels-de-tableaux-daffichage-sportif\/modele-de-tableau-daffichage-video-pour-le-football\/#breadcrumb","itemListElement":[{"@type":"ListItem","position":1,"name":"Home","item":"https:\/\/www.largedisplaysolutions.com\/fr\/"},{"@type":"ListItem","position":2,"name":"Introduction aux logiciels de tableaux d&#8217;affichage sportif","item":"https:\/\/www.largedisplaysolutions.com\/fr\/introduction-aux-logiciels-de-tableaux-daffichage-sportif\/"},{"@type":"ListItem","position":3,"name":"Tableau d&rsquo;affichage vid\u00e9o pour le football"}]},{"@type":"WebSite","@id":"https:\/\/www.largedisplaysolutions.com\/fr\/#website","url":"https:\/\/www.largedisplaysolutions.com\/fr\/","name":"Large Display Solutions","description":"Software solutions for LED perimeter systems","publisher":{"@id":"https:\/\/www.largedisplaysolutions.com\/fr\/#organization"},"potentialAction":[{"@type":"SearchAction","target":{"@type":"EntryPoint","urlTemplate":"https:\/\/www.largedisplaysolutions.com\/fr\/?s={search_term_string}"},"query-input":{"@type":"PropertyValueSpecification","valueRequired":true,"valueName":"search_term_string"}}],"inLanguage":"fr-FR"},{"@type":"Organization","@id":"https:\/\/www.largedisplaysolutions.com\/fr\/#organization","name":"Large Display Solutions","url":"https:\/\/www.largedisplaysolutions.com\/fr\/","logo":{"@type":"ImageObject","inLanguage":"fr-FR","@id":"https:\/\/www.largedisplaysolutions.com\/fr\/#\/schema\/logo\/image\/","url":"https:\/\/www.largedisplaysolutions.com\/wp-content\/uploads\/2021\/06\/LogotipoLDS_128x40.png","contentUrl":"https:\/\/www.largedisplaysolutions.com\/wp-content\/uploads\/2021\/06\/LogotipoLDS_128x40.png","width":128,"height":40,"caption":"Large Display Solutions"},"image":{"@id":"https:\/\/www.largedisplaysolutions.com\/fr\/#\/schema\/logo\/image\/"}}]}},"_links":{"self":[{"href":"https:\/\/www.largedisplaysolutions.com\/fr\/wp-json\/wp\/v2\/pages\/17417","targetHints":{"allow":["GET"]}}],"collection":[{"href":"https:\/\/www.largedisplaysolutions.com\/fr\/wp-json\/wp\/v2\/pages"}],"about":[{"href":"https:\/\/www.largedisplaysolutions.com\/fr\/wp-json\/wp\/v2\/types\/page"}],"author":[{"embeddable":true,"href":"https:\/\/www.largedisplaysolutions.com\/fr\/wp-json\/wp\/v2\/users\/1"}],"replies":[{"embeddable":true,"href":"https:\/\/www.largedisplaysolutions.com\/fr\/wp-json\/wp\/v2\/comments?post=17417"}],"version-history":[{"count":8,"href":"https:\/\/www.largedisplaysolutions.com\/fr\/wp-json\/wp\/v2\/pages\/17417\/revisions"}],"predecessor-version":[{"id":17455,"href":"https:\/\/www.largedisplaysolutions.com\/fr\/wp-json\/wp\/v2\/pages\/17417\/revisions\/17455"}],"up":[{"embeddable":true,"href":"https:\/\/www.largedisplaysolutions.com\/fr\/wp-json\/wp\/v2\/pages\/16673"}],"wp:attachment":[{"href":"https:\/\/www.largedisplaysolutions.com\/fr\/wp-json\/wp\/v2\/media?parent=17417"}],"curies":[{"name":"wp","href":"https:\/\/api.w.org\/{rel}","templated":true}]}}