{"id":17497,"date":"2024-06-18T21:30:15","date_gmt":"2024-06-18T21:30:15","guid":{"rendered":"https:\/\/www.largedisplaysolutions.com\/introduction-aux-logiciels-de-tableaux-daffichage-sportif\/video-du-tableau-daffichage-du-baseball\/"},"modified":"2024-06-18T21:44:05","modified_gmt":"2024-06-18T21:44:05","slug":"video-du-tableau-daffichage-du-baseball","status":"publish","type":"page","link":"https:\/\/www.largedisplaysolutions.com\/fr\/introduction-aux-logiciels-de-tableaux-daffichage-sportif\/video-du-tableau-daffichage-du-baseball\/","title":{"rendered":"Vid\u00e9o du tableau d&rsquo;affichage du baseball"},"content":{"rendered":"<div class=\"fusion-fullwidth fullwidth-box fusion-builder-row-1 fusion-flex-container has-pattern-background has-mask-background nonhundred-percent-fullwidth non-hundred-percent-height-scrolling\" style=\"--awb-border-radius-top-left:0px;--awb-border-radius-top-right:0px;--awb-border-radius-bottom-right:0px;--awb-border-radius-bottom-left:0px;--awb-flex-wrap:wrap;\" ><div class=\"fusion-builder-row fusion-row fusion-flex-align-items-flex-start fusion-flex-content-wrap\" style=\"max-width:1976px;margin-left: calc(-4% \/ 2 );margin-right: calc(-4% \/ 2 );\"><div class=\"fusion-layout-column fusion_builder_column fusion-builder-column-0 fusion_builder_column_1_6 1_6 fusion-flex-column\" style=\"--awb-bg-size:cover;--awb-width-large:16.666666666667%;--awb-margin-top-large:0px;--awb-spacing-right-large:11.52%;--awb-margin-bottom-large:20px;--awb-spacing-left-large:11.52%;--awb-width-medium:16.666666666667%;--awb-order-medium:0;--awb-spacing-right-medium:11.52%;--awb-spacing-left-medium:11.52%;--awb-width-small:100%;--awb-order-small:0;--awb-spacing-right-small:1.92%;--awb-spacing-left-small:1.92%;\"><div class=\"fusion-column-wrapper fusion-column-has-shadow fusion-flex-justify-content-flex-start fusion-content-layout-column\"><\/div><\/div><div class=\"fusion-layout-column fusion_builder_column fusion-builder-column-1 fusion_builder_column_2_3 2_3 fusion-flex-column\" style=\"--awb-bg-size:cover;--awb-width-large:66.666666666667%;--awb-margin-top-large:0px;--awb-spacing-right-large:2.88%;--awb-margin-bottom-large:20px;--awb-spacing-left-large:2.88%;--awb-width-medium:66.666666666667%;--awb-order-medium:0;--awb-spacing-right-medium:2.88%;--awb-spacing-left-medium:2.88%;--awb-width-small:100%;--awb-order-small:0;--awb-spacing-right-small:1.92%;--awb-spacing-left-small:1.92%;\"><div class=\"fusion-column-wrapper fusion-column-has-shadow fusion-flex-justify-content-flex-start fusion-content-layout-column\"><div class=\"fusion-title title fusion-title-1 fusion-sep-none fusion-title-center fusion-title-text fusion-title-size-one\" style=\"--awb-margin-top-small:10px;--awb-margin-right-small:0px;--awb-margin-bottom-small:10px;--awb-margin-left-small:0px;\"><h1 class=\"fusion-title-heading title-heading-center\" style=\"margin:0;\">Vid\u00e9o du tableau d&rsquo;affichage du baseball<\/h1><\/div><div class=\"fusion-text fusion-text-1\"><p><span style=\"font-weight: 400;\"><a href=\"https:\/\/www.largedisplaysolutions.com\/fr\/logiciel-de-tableau-d-affichage-sportif\/\">LDSscoreboard<\/a> int\u00e8gre un ensemble de mod\u00e8les de tableaux d&rsquo;affichage vid\u00e9o pour le baseball dans deux rapports d&rsquo;aspect afin de simplifier la cr\u00e9ation du tableau d&rsquo;affichage appropri\u00e9 pour votre \u00e9quipe. Pour le cas sp\u00e9cifique du baseball, deux mod\u00e8les de configuration pour les tableaux d&rsquo;affichage vid\u00e9o de baseball sont inclus, l&rsquo;un pour les \u00e9crans avec un rapport d&rsquo;aspect de 4:3 et l&rsquo;autre pour les \u00e9crans avec un rapport d&rsquo;aspect de 5:1. Cela signifie que si vous disposez d&rsquo;un \u00e9cran d&rsquo;une r\u00e9solution de 800&#215;600, 1200&#215;900 ou similaire, vous pouvez prendre le mod\u00e8le de rapport 4:3 comme r\u00e9f\u00e9rence et l&rsquo;adapter \u00e0 votre r\u00e9solution si la fa\u00e7on dont il est projet\u00e9 ne correspond pas \u00e0 la fa\u00e7on dont vous souhaitez qu&rsquo;il soit pr\u00e9sent\u00e9. <\/span><\/p>\n<p><span style=\"font-weight: 400;\">Le rapport 5:1 est con\u00e7u pour les \u00e9crans 640&#215;128, qui sont fr\u00e9quemment utilis\u00e9s dans les stades de baseball non professionnels.<\/span><\/p>\n<\/div><div class=\"fusion-image-carousel fusion-image-carousel-auto fusion-image-carousel-1 fusion-carousel-border\"><div class=\"awb-carousel awb-swiper awb-swiper-carousel awb-carousel--carousel awb-swiper-dots-position-bottom\" data-layout=\"carousel\" data-autoplay=\"no\" data-autoplayspeed=\"2500\" data-autoplaypause=\"no\" data-columns=\"5\" data-columnsmedium=\"1\" data-columnssmall=\"1\" data-itemmargin=\"13\" data-itemwidth=\"180\" data-touchscroll=\"no\" data-freemode=\"no\" data-imagesize=\"auto\" data-scrollitems=\"0\" data-centeredslides=\"no\" data-rotationangle=\"50\" data-depth=\"100\" data-speed=\"500\" data-shadow=\"no\" data-pagination=\"bullets\" style=\"--awb-border-width:1px;--awb-border-color:#e9eaee;\"><div class=\"swiper-wrapper awb-image-carousel-wrapper fusion-flex-align-items-center\"><div class=\"swiper-slide\"><div class=\"fusion-carousel-item-wrapper\"><div class=\"fusion-image-wrapper hover-type-zoomin\"><img loading=\"lazy\" decoding=\"async\" width=\"1200\" height=\"900\" src=\"https:\/\/www.largedisplaysolutions.com\/wp-content\/uploads\/2024\/06\/2024-06-18.png\" class=\"attachment-full size-full\" alt=\"Vid\u00e9o du tableau d&#039;affichage du baseball\" srcset=\"https:\/\/www.largedisplaysolutions.com\/wp-content\/uploads\/2024\/06\/2024-06-18-200x150.png 200w, https:\/\/www.largedisplaysolutions.com\/wp-content\/uploads\/2024\/06\/2024-06-18-400x300.png 400w, https:\/\/www.largedisplaysolutions.com\/wp-content\/uploads\/2024\/06\/2024-06-18-600x450.png 600w, https:\/\/www.largedisplaysolutions.com\/wp-content\/uploads\/2024\/06\/2024-06-18-800x600.png 800w, https:\/\/www.largedisplaysolutions.com\/wp-content\/uploads\/2024\/06\/2024-06-18.png 1200w\" sizes=\"auto, (min-width: 2200px) 100vw, (min-width: 712px) 784px, (min-width: 640px) 712px, \" \/><\/div><\/div><\/div><div class=\"swiper-slide\"><div class=\"fusion-carousel-item-wrapper\"><div class=\"fusion-image-wrapper hover-type-zoomin\"><img loading=\"lazy\" decoding=\"async\" width=\"960\" height=\"192\" src=\"https:\/\/www.largedisplaysolutions.com\/wp-content\/uploads\/2024\/06\/2024-06-18-1.png\" class=\"attachment-full size-full\" alt=\"Vid\u00e9o du tableau d&#039;affichage du baseball 5:1\" srcset=\"https:\/\/www.largedisplaysolutions.com\/wp-content\/uploads\/2024\/06\/2024-06-18-1-200x40.png 200w, https:\/\/www.largedisplaysolutions.com\/wp-content\/uploads\/2024\/06\/2024-06-18-1-400x80.png 400w, https:\/\/www.largedisplaysolutions.com\/wp-content\/uploads\/2024\/06\/2024-06-18-1-600x120.png 600w, https:\/\/www.largedisplaysolutions.com\/wp-content\/uploads\/2024\/06\/2024-06-18-1-800x160.png 800w, https:\/\/www.largedisplaysolutions.com\/wp-content\/uploads\/2024\/06\/2024-06-18-1.png 960w\" sizes=\"auto, (min-width: 2200px) 100vw, (min-width: 712px) 784px, (min-width: 640px) 712px, \" \/><\/div><\/div><\/div><\/div><div class=\"awb-swiper-button awb-swiper-button-prev\"><i class=\"awb-icon-angle-left\" aria-hidden=\"true\"><\/i><\/div><div class=\"awb-swiper-button awb-swiper-button-next\"><i class=\"awb-icon-angle-right\" aria-hidden=\"true\"><\/i><\/div><\/div><\/div><div class=\"fusion-title title fusion-title-2 fusion-sep-none fusion-title-text fusion-title-size-two\" style=\"--awb-margin-top-small:10px;--awb-margin-right-small:0px;--awb-margin-bottom-small:10px;--awb-margin-left-small:0px;\"><h2 class=\"fusion-title-heading title-heading-left\" style=\"margin:0;\">Compteur de points de baseball<\/h2><\/div><div class=\"fusion-text fusion-text-2\"><p><span style=\"font-weight: 400;\">Afin que votre tableau d&rsquo;affichage soit pr\u00eat le plus rapidement possible, nous vous proposons une vue, ou diaporama, pr\u00e9sentant le score du match, mais vous pouvez ajouter autant de diapositives que vous le jugez n\u00e9cessaire, pr\u00e9sentant les joueurs, les publicit\u00e9s des diff\u00e9rents sponsors ou des vid\u00e9os de pr\u00e9sentation.<\/span><\/p>\n<\/div><div class=\"fusion-title title fusion-title-3 fusion-sep-none fusion-title-text fusion-title-size-two\" style=\"--awb-margin-top-small:10px;--awb-margin-right-small:0px;--awb-margin-bottom-small:10px;--awb-margin-left-small:0px;\"><h2 class=\"fusion-title-heading title-heading-left\" style=\"margin:0;\">\u00c9diteur de tableau de bord vid\u00e9o<\/h2><\/div><div class=\"fusion-text fusion-text-3\"><p><span style=\"font-weight: 400;\">Comme <a href=\"https:\/\/www.largedisplaysolutions.com\/fr\/logiciel-de-tableau-d-affichage-sportif\/\">LDSscoreboard<\/a> est un \u00e9diteur de tableaux d&rsquo;affichage vid\u00e9o, vous pouvez cr\u00e9er vos propres diapositives, mais vous pouvez \u00e9galement copier des diapositives provenant d&rsquo;autres tableaux d&rsquo;affichage, comme le tableau d&rsquo;affichage vid\u00e9o du football, ou de tout autre tableau d&rsquo;affichage vid\u00e9o que vous poss\u00e9dez d\u00e9j\u00e0 sur votre ordinateur.<\/span><\/p>\n<p><span style=\"font-weight: 400;\"><a href=\"https:\/\/www.largedisplaysolutions.com\/fr\/logiciel-de-tableau-d-affichage-sportif\/\">LDSscoreboard<\/a> int\u00e8gre un \u00e9diteur de tableau d&rsquo;affichage vid\u00e9o qui vous permettra d&rsquo;\u00e9diter des tableaux d&rsquo;affichage rapidement et facilement, en faisant glisser et en configurant diff\u00e9rents \u00e9l\u00e9ments tels que des images, des vid\u00e9os, des textes, etc&#8230; De m\u00eame, n&rsquo;oubliez pas que cet outil est constamment d\u00e9velopp\u00e9 et am\u00e9lior\u00e9 afin d&rsquo;offrir la meilleure exp\u00e9rience possible \u00e0 l&rsquo;utilisateur lors du processus de cr\u00e9ation et d&rsquo;\u00e9dition de signets vid\u00e9o.<\/span><\/p>\n<\/div><\/div><\/div><div class=\"fusion-layout-column fusion_builder_column fusion-builder-column-2 fusion_builder_column_1_6 1_6 fusion-flex-column\" style=\"--awb-bg-size:cover;--awb-width-large:16.666666666667%;--awb-margin-top-large:0px;--awb-spacing-right-large:11.52%;--awb-margin-bottom-large:20px;--awb-spacing-left-large:11.52%;--awb-width-medium:16.666666666667%;--awb-order-medium:0;--awb-spacing-right-medium:11.52%;--awb-spacing-left-medium:11.52%;--awb-width-small:100%;--awb-order-small:0;--awb-spacing-right-small:1.92%;--awb-spacing-left-small:1.92%;\"><div class=\"fusion-column-wrapper fusion-column-has-shadow fusion-flex-justify-content-flex-start fusion-content-layout-column\"><\/div><\/div><\/div><\/div>\n","protected":false},"excerpt":{"rendered":"","protected":false},"author":1,"featured_media":0,"parent":16673,"menu_order":0,"comment_status":"closed","ping_status":"closed","template":"","meta":{"footnotes":""},"class_list":["post-17497","page","type-page","status-publish","hentry"],"yoast_head":"<!-- This site is optimized with the Yoast SEO plugin v27.4 - https:\/\/yoast.com\/product\/yoast-seo-wordpress\/ -->\n<title>Vid\u00e9o du tableau d&#039;affichage du baseball - Large Display Solutions<\/title>\n<meta name=\"description\" content=\"Le tableau d&#039;affichage vid\u00e9o pour le baseball, d\u00e9velopp\u00e9 pour LDSscoreboard, vous permettra de disposer d&#039;un syst\u00e8me de contr\u00f4le du score du match.\" \/>\n<meta name=\"robots\" content=\"index, follow, max-snippet:-1, max-image-preview:large, max-video-preview:-1\" \/>\n<link rel=\"canonical\" href=\"https:\/\/www.largedisplaysolutions.com\/fr\/introduction-aux-logiciels-de-tableaux-daffichage-sportif\/video-du-tableau-daffichage-du-baseball\/\" \/>\n<meta property=\"og:locale\" content=\"fr_FR\" \/>\n<meta property=\"og:type\" content=\"article\" \/>\n<meta property=\"og:title\" content=\"Vid\u00e9o du tableau d&#039;affichage du baseball - Large Display Solutions\" \/>\n<meta property=\"og:description\" content=\"Le tableau d&#039;affichage vid\u00e9o pour le baseball, d\u00e9velopp\u00e9 pour LDSscoreboard, vous permettra de disposer d&#039;un syst\u00e8me de contr\u00f4le du score du match.\" \/>\n<meta property=\"og:url\" content=\"https:\/\/www.largedisplaysolutions.com\/fr\/introduction-aux-logiciels-de-tableaux-daffichage-sportif\/video-du-tableau-daffichage-du-baseball\/\" \/>\n<meta property=\"og:site_name\" content=\"Large Display Solutions\" \/>\n<meta property=\"article:modified_time\" content=\"2024-06-18T21:44:05+00:00\" \/>\n<meta name=\"twitter:card\" content=\"summary_large_image\" \/>\n<meta name=\"twitter:label1\" content=\"Dur\u00e9e de lecture estim\u00e9e\" \/>\n\t<meta name=\"twitter:data1\" content=\"17 minutes\" \/>\n<script type=\"application\/ld+json\" class=\"yoast-schema-graph\">{\"@context\":\"https:\\\/\\\/schema.org\",\"@graph\":[{\"@type\":\"WebPage\",\"@id\":\"https:\\\/\\\/www.largedisplaysolutions.com\\\/fr\\\/introduction-aux-logiciels-de-tableaux-daffichage-sportif\\\/video-du-tableau-daffichage-du-baseball\\\/\",\"url\":\"https:\\\/\\\/www.largedisplaysolutions.com\\\/fr\\\/introduction-aux-logiciels-de-tableaux-daffichage-sportif\\\/video-du-tableau-daffichage-du-baseball\\\/\",\"name\":\"Vid\u00e9o du tableau d'affichage du baseball - Large Display Solutions\",\"isPartOf\":{\"@id\":\"https:\\\/\\\/www.largedisplaysolutions.com\\\/fr\\\/#website\"},\"datePublished\":\"2024-06-18T21:30:15+00:00\",\"dateModified\":\"2024-06-18T21:44:05+00:00\",\"description\":\"Le tableau d'affichage vid\u00e9o pour le baseball, d\u00e9velopp\u00e9 pour LDSscoreboard, vous permettra de disposer d'un syst\u00e8me de contr\u00f4le du score du match.\",\"breadcrumb\":{\"@id\":\"https:\\\/\\\/www.largedisplaysolutions.com\\\/fr\\\/introduction-aux-logiciels-de-tableaux-daffichage-sportif\\\/video-du-tableau-daffichage-du-baseball\\\/#breadcrumb\"},\"inLanguage\":\"fr-FR\",\"potentialAction\":[{\"@type\":\"ReadAction\",\"target\":[\"https:\\\/\\\/www.largedisplaysolutions.com\\\/fr\\\/introduction-aux-logiciels-de-tableaux-daffichage-sportif\\\/video-du-tableau-daffichage-du-baseball\\\/\"]}]},{\"@type\":\"BreadcrumbList\",\"@id\":\"https:\\\/\\\/www.largedisplaysolutions.com\\\/fr\\\/introduction-aux-logiciels-de-tableaux-daffichage-sportif\\\/video-du-tableau-daffichage-du-baseball\\\/#breadcrumb\",\"itemListElement\":[{\"@type\":\"ListItem\",\"position\":1,\"name\":\"Home\",\"item\":\"https:\\\/\\\/www.largedisplaysolutions.com\\\/fr\\\/\"},{\"@type\":\"ListItem\",\"position\":2,\"name\":\"Introduction aux logiciels de tableaux d&#8217;affichage sportif\",\"item\":\"https:\\\/\\\/www.largedisplaysolutions.com\\\/fr\\\/introduction-aux-logiciels-de-tableaux-daffichage-sportif\\\/\"},{\"@type\":\"ListItem\",\"position\":3,\"name\":\"Vid\u00e9o du tableau d&rsquo;affichage du baseball\"}]},{\"@type\":\"WebSite\",\"@id\":\"https:\\\/\\\/www.largedisplaysolutions.com\\\/fr\\\/#website\",\"url\":\"https:\\\/\\\/www.largedisplaysolutions.com\\\/fr\\\/\",\"name\":\"Large Display Solutions\",\"description\":\"Software solutions for LED perimeter systems\",\"publisher\":{\"@id\":\"https:\\\/\\\/www.largedisplaysolutions.com\\\/fr\\\/#organization\"},\"potentialAction\":[{\"@type\":\"SearchAction\",\"target\":{\"@type\":\"EntryPoint\",\"urlTemplate\":\"https:\\\/\\\/www.largedisplaysolutions.com\\\/fr\\\/?s={search_term_string}\"},\"query-input\":{\"@type\":\"PropertyValueSpecification\",\"valueRequired\":true,\"valueName\":\"search_term_string\"}}],\"inLanguage\":\"fr-FR\"},{\"@type\":\"Organization\",\"@id\":\"https:\\\/\\\/www.largedisplaysolutions.com\\\/fr\\\/#organization\",\"name\":\"Large Display Solutions\",\"url\":\"https:\\\/\\\/www.largedisplaysolutions.com\\\/fr\\\/\",\"logo\":{\"@type\":\"ImageObject\",\"inLanguage\":\"fr-FR\",\"@id\":\"https:\\\/\\\/www.largedisplaysolutions.com\\\/fr\\\/#\\\/schema\\\/logo\\\/image\\\/\",\"url\":\"https:\\\/\\\/www.largedisplaysolutions.com\\\/wp-content\\\/uploads\\\/2021\\\/06\\\/LogotipoLDS_128x40.png\",\"contentUrl\":\"https:\\\/\\\/www.largedisplaysolutions.com\\\/wp-content\\\/uploads\\\/2021\\\/06\\\/LogotipoLDS_128x40.png\",\"width\":128,\"height\":40,\"caption\":\"Large Display Solutions\"},\"image\":{\"@id\":\"https:\\\/\\\/www.largedisplaysolutions.com\\\/fr\\\/#\\\/schema\\\/logo\\\/image\\\/\"}}]}<\/script>\n<!-- \/ Yoast SEO plugin. -->","yoast_head_json":{"title":"Vid\u00e9o du tableau d'affichage du baseball - Large Display Solutions","description":"Le tableau d'affichage vid\u00e9o pour le baseball, d\u00e9velopp\u00e9 pour LDSscoreboard, vous permettra de disposer d'un syst\u00e8me de contr\u00f4le du score du match.","robots":{"index":"index","follow":"follow","max-snippet":"max-snippet:-1","max-image-preview":"max-image-preview:large","max-video-preview":"max-video-preview:-1"},"canonical":"https:\/\/www.largedisplaysolutions.com\/fr\/introduction-aux-logiciels-de-tableaux-daffichage-sportif\/video-du-tableau-daffichage-du-baseball\/","og_locale":"fr_FR","og_type":"article","og_title":"Vid\u00e9o du tableau d'affichage du baseball - Large Display Solutions","og_description":"Le tableau d'affichage vid\u00e9o pour le baseball, d\u00e9velopp\u00e9 pour LDSscoreboard, vous permettra de disposer d'un syst\u00e8me de contr\u00f4le du score du match.","og_url":"https:\/\/www.largedisplaysolutions.com\/fr\/introduction-aux-logiciels-de-tableaux-daffichage-sportif\/video-du-tableau-daffichage-du-baseball\/","og_site_name":"Large Display Solutions","article_modified_time":"2024-06-18T21:44:05+00:00","twitter_card":"summary_large_image","twitter_misc":{"Dur\u00e9e de lecture estim\u00e9e":"17 minutes"},"schema":{"@context":"https:\/\/schema.org","@graph":[{"@type":"WebPage","@id":"https:\/\/www.largedisplaysolutions.com\/fr\/introduction-aux-logiciels-de-tableaux-daffichage-sportif\/video-du-tableau-daffichage-du-baseball\/","url":"https:\/\/www.largedisplaysolutions.com\/fr\/introduction-aux-logiciels-de-tableaux-daffichage-sportif\/video-du-tableau-daffichage-du-baseball\/","name":"Vid\u00e9o du tableau d'affichage du baseball - Large Display Solutions","isPartOf":{"@id":"https:\/\/www.largedisplaysolutions.com\/fr\/#website"},"datePublished":"2024-06-18T21:30:15+00:00","dateModified":"2024-06-18T21:44:05+00:00","description":"Le tableau d'affichage vid\u00e9o pour le baseball, d\u00e9velopp\u00e9 pour LDSscoreboard, vous permettra de disposer d'un syst\u00e8me de contr\u00f4le du score du match.","breadcrumb":{"@id":"https:\/\/www.largedisplaysolutions.com\/fr\/introduction-aux-logiciels-de-tableaux-daffichage-sportif\/video-du-tableau-daffichage-du-baseball\/#breadcrumb"},"inLanguage":"fr-FR","potentialAction":[{"@type":"ReadAction","target":["https:\/\/www.largedisplaysolutions.com\/fr\/introduction-aux-logiciels-de-tableaux-daffichage-sportif\/video-du-tableau-daffichage-du-baseball\/"]}]},{"@type":"BreadcrumbList","@id":"https:\/\/www.largedisplaysolutions.com\/fr\/introduction-aux-logiciels-de-tableaux-daffichage-sportif\/video-du-tableau-daffichage-du-baseball\/#breadcrumb","itemListElement":[{"@type":"ListItem","position":1,"name":"Home","item":"https:\/\/www.largedisplaysolutions.com\/fr\/"},{"@type":"ListItem","position":2,"name":"Introduction aux logiciels de tableaux d&#8217;affichage sportif","item":"https:\/\/www.largedisplaysolutions.com\/fr\/introduction-aux-logiciels-de-tableaux-daffichage-sportif\/"},{"@type":"ListItem","position":3,"name":"Vid\u00e9o du tableau d&rsquo;affichage du baseball"}]},{"@type":"WebSite","@id":"https:\/\/www.largedisplaysolutions.com\/fr\/#website","url":"https:\/\/www.largedisplaysolutions.com\/fr\/","name":"Large Display Solutions","description":"Software solutions for LED perimeter systems","publisher":{"@id":"https:\/\/www.largedisplaysolutions.com\/fr\/#organization"},"potentialAction":[{"@type":"SearchAction","target":{"@type":"EntryPoint","urlTemplate":"https:\/\/www.largedisplaysolutions.com\/fr\/?s={search_term_string}"},"query-input":{"@type":"PropertyValueSpecification","valueRequired":true,"valueName":"search_term_string"}}],"inLanguage":"fr-FR"},{"@type":"Organization","@id":"https:\/\/www.largedisplaysolutions.com\/fr\/#organization","name":"Large Display Solutions","url":"https:\/\/www.largedisplaysolutions.com\/fr\/","logo":{"@type":"ImageObject","inLanguage":"fr-FR","@id":"https:\/\/www.largedisplaysolutions.com\/fr\/#\/schema\/logo\/image\/","url":"https:\/\/www.largedisplaysolutions.com\/wp-content\/uploads\/2021\/06\/LogotipoLDS_128x40.png","contentUrl":"https:\/\/www.largedisplaysolutions.com\/wp-content\/uploads\/2021\/06\/LogotipoLDS_128x40.png","width":128,"height":40,"caption":"Large Display Solutions"},"image":{"@id":"https:\/\/www.largedisplaysolutions.com\/fr\/#\/schema\/logo\/image\/"}}]}},"_links":{"self":[{"href":"https:\/\/www.largedisplaysolutions.com\/fr\/wp-json\/wp\/v2\/pages\/17497","targetHints":{"allow":["GET"]}}],"collection":[{"href":"https:\/\/www.largedisplaysolutions.com\/fr\/wp-json\/wp\/v2\/pages"}],"about":[{"href":"https:\/\/www.largedisplaysolutions.com\/fr\/wp-json\/wp\/v2\/types\/page"}],"author":[{"embeddable":true,"href":"https:\/\/www.largedisplaysolutions.com\/fr\/wp-json\/wp\/v2\/users\/1"}],"replies":[{"embeddable":true,"href":"https:\/\/www.largedisplaysolutions.com\/fr\/wp-json\/wp\/v2\/comments?post=17497"}],"version-history":[{"count":9,"href":"https:\/\/www.largedisplaysolutions.com\/fr\/wp-json\/wp\/v2\/pages\/17497\/revisions"}],"predecessor-version":[{"id":17572,"href":"https:\/\/www.largedisplaysolutions.com\/fr\/wp-json\/wp\/v2\/pages\/17497\/revisions\/17572"}],"up":[{"embeddable":true,"href":"https:\/\/www.largedisplaysolutions.com\/fr\/wp-json\/wp\/v2\/pages\/16673"}],"wp:attachment":[{"href":"https:\/\/www.largedisplaysolutions.com\/fr\/wp-json\/wp\/v2\/media?parent=17497"}],"curies":[{"name":"wp","href":"https:\/\/api.w.org\/{rel}","templated":true}]}}