{"id":15153,"date":"2021-07-27T16:34:41","date_gmt":"2024-01-18T11:23:44","guid":{"rendered":"https:\/\/www.largedisplaysolutions.com\/product\/ldsperimetral-standard-licence-annuelle\/"},"modified":"2025-02-19T15:44:10","modified_gmt":"2025-02-19T15:44:10","slug":"ldsperimetral-standard-licence-annuelle","status":"publish","type":"product","link":"https:\/\/www.largedisplaysolutions.com\/fr\/produit\/ldsperimetral-standard-licence-annuelle\/","title":{"rendered":"LDSperimetral Standard &#8211; Licence annuelle"},"content":{"rendered":"<p>Licence d&rsquo;utilisation de LDSperimetral pour un an \u00e0 partir de l&rsquo;activation. Cette licence est valable pour un ordinateur.<\/p>\n<p>Il comprend<\/p>\n<ul>\n<li>Un an d&rsquo;utilisation<\/li>\n<li>Assistance via TeamViewer<\/li>\n<li>Mises \u00e0 jour des versions (g\u00e9n\u00e9ralement deux fois par an)<\/li>\n<\/ul>\n<h3>Activation de la licence<\/h3>\n<p>Une fois que vous avez achet\u00e9 la licence et que le logiciel est install\u00e9 sur l&rsquo;ordinateur sur lequel vous souhaitez l&rsquo;ex\u00e9cuter, envoyez l'\u00a0\u00bbID d&rsquo;installation\u00a0\u00bb, que l&rsquo;application vous fournira, \u00e0 info@largedisplaysolutions.com et vous recevrez le code d&rsquo;activation dans un d\u00e9lai maximum d&rsquo;un jour ouvrable.<\/p>\n","protected":false},"excerpt":{"rendered":"<p>LDSperimetral user licence, pour un ordinateur, pour une p\u00e9riode d&rsquo;un an \u00e0 partir de l&rsquo;activation.<\/p>\n","protected":false},"featured_media":15154,"template":"","meta":[],"product_brand":[],"product_cat":[111],"product_tag":[165],"class_list":{"0":"post-15153","1":"product","2":"type-product","3":"status-publish","4":"has-post-thumbnail","6":"product_cat-licences-renouvelables-annuellement","7":"product_tag-ldsperimetral-fr","9":"first","10":"instock","11":"virtual","12":"purchasable","13":"product-type-simple"},"yoast_head":"<!-- This site is optimized with the Yoast SEO plugin v27.4 - https:\/\/yoast.com\/product\/yoast-seo-wordpress\/ -->\n<title>LDSperimetral Standard - Licence annuelle - Large Display Solutions<\/title>\n<meta name=\"robots\" content=\"index, follow, max-snippet:-1, max-image-preview:large, max-video-preview:-1\" \/>\n<link rel=\"canonical\" href=\"https:\/\/www.largedisplaysolutions.com\/fr\/produit\/ldsperimetral-standard-licence-annuelle\/\" \/>\n<meta property=\"og:locale\" content=\"fr_FR\" \/>\n<meta property=\"og:type\" content=\"article\" \/>\n<meta property=\"og:title\" content=\"LDSperimetral Standard - Licence annuelle - Large Display Solutions\" \/>\n<meta property=\"og:description\" content=\"LDSperimetral user licence, pour un ordinateur, pour une p\u00e9riode d&#039;un an \u00e0 partir de l&#039;activation.\" \/>\n<meta property=\"og:url\" content=\"https:\/\/www.largedisplaysolutions.com\/fr\/produit\/ldsperimetral-standard-licence-annuelle\/\" \/>\n<meta property=\"og:site_name\" content=\"Large Display Solutions\" \/>\n<meta property=\"article:modified_time\" content=\"2025-02-19T15:44:10+00:00\" \/>\n<meta property=\"og:image\" content=\"https:\/\/www.largedisplaysolutions.com\/wp-content\/uploads\/2021\/07\/LDSperimetral_ProductImage750x750.jpg\" \/>\n\t<meta property=\"og:image:width\" content=\"750\" \/>\n\t<meta property=\"og:image:height\" content=\"750\" \/>\n\t<meta property=\"og:image:type\" content=\"image\/jpeg\" \/>\n<meta name=\"twitter:card\" content=\"summary_large_image\" \/>\n<script type=\"application\/ld+json\" class=\"yoast-schema-graph\">{\"@context\":\"https:\\\/\\\/schema.org\",\"@graph\":[{\"@type\":\"WebPage\",\"@id\":\"https:\\\/\\\/www.largedisplaysolutions.com\\\/fr\\\/produit\\\/ldsperimetral-standard-licence-annuelle\\\/\",\"url\":\"https:\\\/\\\/www.largedisplaysolutions.com\\\/fr\\\/produit\\\/ldsperimetral-standard-licence-annuelle\\\/\",\"name\":\"LDSperimetral Standard - Licence annuelle - Large Display Solutions\",\"isPartOf\":{\"@id\":\"https:\\\/\\\/www.largedisplaysolutions.com\\\/fr\\\/#website\"},\"primaryImageOfPage\":{\"@id\":\"https:\\\/\\\/www.largedisplaysolutions.com\\\/fr\\\/produit\\\/ldsperimetral-standard-licence-annuelle\\\/#primaryimage\"},\"image\":{\"@id\":\"https:\\\/\\\/www.largedisplaysolutions.com\\\/fr\\\/produit\\\/ldsperimetral-standard-licence-annuelle\\\/#primaryimage\"},\"thumbnailUrl\":\"https:\\\/\\\/www.largedisplaysolutions.com\\\/wp-content\\\/uploads\\\/2021\\\/07\\\/LDSperimetral_ProductImage750x750.jpg\",\"datePublished\":\"2024-01-18T11:23:44+00:00\",\"dateModified\":\"2025-02-19T15:44:10+00:00\",\"breadcrumb\":{\"@id\":\"https:\\\/\\\/www.largedisplaysolutions.com\\\/fr\\\/produit\\\/ldsperimetral-standard-licence-annuelle\\\/#breadcrumb\"},\"inLanguage\":\"fr-FR\",\"potentialAction\":[{\"@type\":\"ReadAction\",\"target\":[\"https:\\\/\\\/www.largedisplaysolutions.com\\\/fr\\\/produit\\\/ldsperimetral-standard-licence-annuelle\\\/\"]}]},{\"@type\":\"ImageObject\",\"inLanguage\":\"fr-FR\",\"@id\":\"https:\\\/\\\/www.largedisplaysolutions.com\\\/fr\\\/produit\\\/ldsperimetral-standard-licence-annuelle\\\/#primaryimage\",\"url\":\"https:\\\/\\\/www.largedisplaysolutions.com\\\/wp-content\\\/uploads\\\/2021\\\/07\\\/LDSperimetral_ProductImage750x750.jpg\",\"contentUrl\":\"https:\\\/\\\/www.largedisplaysolutions.com\\\/wp-content\\\/uploads\\\/2021\\\/07\\\/LDSperimetral_ProductImage750x750.jpg\",\"width\":750,\"height\":750},{\"@type\":\"BreadcrumbList\",\"@id\":\"https:\\\/\\\/www.largedisplaysolutions.com\\\/fr\\\/produit\\\/ldsperimetral-standard-licence-annuelle\\\/#breadcrumb\",\"itemListElement\":[{\"@type\":\"ListItem\",\"position\":1,\"name\":\"Home\",\"item\":\"https:\\\/\\\/www.largedisplaysolutions.com\\\/fr\\\/\"},{\"@type\":\"ListItem\",\"position\":2,\"name\":\"Boutique\",\"item\":\"https:\\\/\\\/www.largedisplaysolutions.com\\\/fr\\\/magasin\\\/\"},{\"@type\":\"ListItem\",\"position\":3,\"name\":\"LDSperimetral Standard &#8211; Licence annuelle\"}]},{\"@type\":\"WebSite\",\"@id\":\"https:\\\/\\\/www.largedisplaysolutions.com\\\/fr\\\/#website\",\"url\":\"https:\\\/\\\/www.largedisplaysolutions.com\\\/fr\\\/\",\"name\":\"Large Display Solutions\",\"description\":\"Software solutions for LED perimeter systems\",\"publisher\":{\"@id\":\"https:\\\/\\\/www.largedisplaysolutions.com\\\/fr\\\/#organization\"},\"potentialAction\":[{\"@type\":\"SearchAction\",\"target\":{\"@type\":\"EntryPoint\",\"urlTemplate\":\"https:\\\/\\\/www.largedisplaysolutions.com\\\/fr\\\/?s={search_term_string}\"},\"query-input\":{\"@type\":\"PropertyValueSpecification\",\"valueRequired\":true,\"valueName\":\"search_term_string\"}}],\"inLanguage\":\"fr-FR\"},{\"@type\":\"Organization\",\"@id\":\"https:\\\/\\\/www.largedisplaysolutions.com\\\/fr\\\/#organization\",\"name\":\"Large Display Solutions\",\"url\":\"https:\\\/\\\/www.largedisplaysolutions.com\\\/fr\\\/\",\"logo\":{\"@type\":\"ImageObject\",\"inLanguage\":\"fr-FR\",\"@id\":\"https:\\\/\\\/www.largedisplaysolutions.com\\\/fr\\\/#\\\/schema\\\/logo\\\/image\\\/\",\"url\":\"https:\\\/\\\/www.largedisplaysolutions.com\\\/wp-content\\\/uploads\\\/2021\\\/06\\\/LogotipoLDS_128x40.png\",\"contentUrl\":\"https:\\\/\\\/www.largedisplaysolutions.com\\\/wp-content\\\/uploads\\\/2021\\\/06\\\/LogotipoLDS_128x40.png\",\"width\":128,\"height\":40,\"caption\":\"Large Display Solutions\"},\"image\":{\"@id\":\"https:\\\/\\\/www.largedisplaysolutions.com\\\/fr\\\/#\\\/schema\\\/logo\\\/image\\\/\"}}]}<\/script>\n<!-- \/ Yoast SEO plugin. -->","yoast_head_json":{"title":"LDSperimetral Standard - Licence annuelle - Large Display Solutions","robots":{"index":"index","follow":"follow","max-snippet":"max-snippet:-1","max-image-preview":"max-image-preview:large","max-video-preview":"max-video-preview:-1"},"canonical":"https:\/\/www.largedisplaysolutions.com\/fr\/produit\/ldsperimetral-standard-licence-annuelle\/","og_locale":"fr_FR","og_type":"article","og_title":"LDSperimetral Standard - Licence annuelle - Large Display Solutions","og_description":"LDSperimetral user licence, pour un ordinateur, pour une p\u00e9riode d'un an \u00e0 partir de l'activation.","og_url":"https:\/\/www.largedisplaysolutions.com\/fr\/produit\/ldsperimetral-standard-licence-annuelle\/","og_site_name":"Large Display Solutions","article_modified_time":"2025-02-19T15:44:10+00:00","og_image":[{"width":750,"height":750,"url":"https:\/\/www.largedisplaysolutions.com\/wp-content\/uploads\/2021\/07\/LDSperimetral_ProductImage750x750.jpg","type":"image\/jpeg"}],"twitter_card":"summary_large_image","schema":{"@context":"https:\/\/schema.org","@graph":[{"@type":"WebPage","@id":"https:\/\/www.largedisplaysolutions.com\/fr\/produit\/ldsperimetral-standard-licence-annuelle\/","url":"https:\/\/www.largedisplaysolutions.com\/fr\/produit\/ldsperimetral-standard-licence-annuelle\/","name":"LDSperimetral Standard - Licence annuelle - Large Display Solutions","isPartOf":{"@id":"https:\/\/www.largedisplaysolutions.com\/fr\/#website"},"primaryImageOfPage":{"@id":"https:\/\/www.largedisplaysolutions.com\/fr\/produit\/ldsperimetral-standard-licence-annuelle\/#primaryimage"},"image":{"@id":"https:\/\/www.largedisplaysolutions.com\/fr\/produit\/ldsperimetral-standard-licence-annuelle\/#primaryimage"},"thumbnailUrl":"https:\/\/www.largedisplaysolutions.com\/wp-content\/uploads\/2021\/07\/LDSperimetral_ProductImage750x750.jpg","datePublished":"2024-01-18T11:23:44+00:00","dateModified":"2025-02-19T15:44:10+00:00","breadcrumb":{"@id":"https:\/\/www.largedisplaysolutions.com\/fr\/produit\/ldsperimetral-standard-licence-annuelle\/#breadcrumb"},"inLanguage":"fr-FR","potentialAction":[{"@type":"ReadAction","target":["https:\/\/www.largedisplaysolutions.com\/fr\/produit\/ldsperimetral-standard-licence-annuelle\/"]}]},{"@type":"ImageObject","inLanguage":"fr-FR","@id":"https:\/\/www.largedisplaysolutions.com\/fr\/produit\/ldsperimetral-standard-licence-annuelle\/#primaryimage","url":"https:\/\/www.largedisplaysolutions.com\/wp-content\/uploads\/2021\/07\/LDSperimetral_ProductImage750x750.jpg","contentUrl":"https:\/\/www.largedisplaysolutions.com\/wp-content\/uploads\/2021\/07\/LDSperimetral_ProductImage750x750.jpg","width":750,"height":750},{"@type":"BreadcrumbList","@id":"https:\/\/www.largedisplaysolutions.com\/fr\/produit\/ldsperimetral-standard-licence-annuelle\/#breadcrumb","itemListElement":[{"@type":"ListItem","position":1,"name":"Home","item":"https:\/\/www.largedisplaysolutions.com\/fr\/"},{"@type":"ListItem","position":2,"name":"Boutique","item":"https:\/\/www.largedisplaysolutions.com\/fr\/magasin\/"},{"@type":"ListItem","position":3,"name":"LDSperimetral Standard &#8211; Licence annuelle"}]},{"@type":"WebSite","@id":"https:\/\/www.largedisplaysolutions.com\/fr\/#website","url":"https:\/\/www.largedisplaysolutions.com\/fr\/","name":"Large Display Solutions","description":"Software solutions for LED perimeter systems","publisher":{"@id":"https:\/\/www.largedisplaysolutions.com\/fr\/#organization"},"potentialAction":[{"@type":"SearchAction","target":{"@type":"EntryPoint","urlTemplate":"https:\/\/www.largedisplaysolutions.com\/fr\/?s={search_term_string}"},"query-input":{"@type":"PropertyValueSpecification","valueRequired":true,"valueName":"search_term_string"}}],"inLanguage":"fr-FR"},{"@type":"Organization","@id":"https:\/\/www.largedisplaysolutions.com\/fr\/#organization","name":"Large Display Solutions","url":"https:\/\/www.largedisplaysolutions.com\/fr\/","logo":{"@type":"ImageObject","inLanguage":"fr-FR","@id":"https:\/\/www.largedisplaysolutions.com\/fr\/#\/schema\/logo\/image\/","url":"https:\/\/www.largedisplaysolutions.com\/wp-content\/uploads\/2021\/06\/LogotipoLDS_128x40.png","contentUrl":"https:\/\/www.largedisplaysolutions.com\/wp-content\/uploads\/2021\/06\/LogotipoLDS_128x40.png","width":128,"height":40,"caption":"Large Display Solutions"},"image":{"@id":"https:\/\/www.largedisplaysolutions.com\/fr\/#\/schema\/logo\/image\/"}}]}},"_links":{"self":[{"href":"https:\/\/www.largedisplaysolutions.com\/fr\/wp-json\/wp\/v2\/product\/15153","targetHints":{"allow":["GET"]}}],"collection":[{"href":"https:\/\/www.largedisplaysolutions.com\/fr\/wp-json\/wp\/v2\/product"}],"about":[{"href":"https:\/\/www.largedisplaysolutions.com\/fr\/wp-json\/wp\/v2\/types\/product"}],"wp:featuredmedia":[{"embeddable":true,"href":"https:\/\/www.largedisplaysolutions.com\/fr\/wp-json\/wp\/v2\/media\/15154"}],"wp:attachment":[{"href":"https:\/\/www.largedisplaysolutions.com\/fr\/wp-json\/wp\/v2\/media?parent=15153"}],"wp:term":[{"taxonomy":"product_brand","embeddable":true,"href":"https:\/\/www.largedisplaysolutions.com\/fr\/wp-json\/wp\/v2\/product_brand?post=15153"},{"taxonomy":"product_cat","embeddable":true,"href":"https:\/\/www.largedisplaysolutions.com\/fr\/wp-json\/wp\/v2\/product_cat?post=15153"},{"taxonomy":"product_tag","embeddable":true,"href":"https:\/\/www.largedisplaysolutions.com\/fr\/wp-json\/wp\/v2\/product_tag?post=15153"}],"curies":[{"name":"wp","href":"https:\/\/api.w.org\/{rel}","templated":true}]}}