{"id":15251,"date":"2024-01-26T09:45:32","date_gmt":"2024-01-26T09:45:32","guid":{"rendered":"https:\/\/www.largedisplaysolutions.com\/contactar-nos\/"},"modified":"2024-01-26T09:45:33","modified_gmt":"2024-01-26T09:45:33","slug":"contactar-nos","status":"publish","type":"page","link":"https:\/\/www.largedisplaysolutions.com\/pt-pt\/contactar-nos\/","title":{"rendered":"Contactar-nos"},"content":{"rendered":"<p><div class=\"fusion-fullwidth fullwidth-box fusion-builder-row-1 fusion-flex-container nonhundred-percent-fullwidth non-hundred-percent-height-scrolling\" style=\"--awb-border-radius-top-left:0px;--awb-border-radius-top-right:0px;--awb-border-radius-bottom-right:0px;--awb-border-radius-bottom-left:0px;--awb-flex-wrap:wrap;\" ><div class=\"fusion-builder-row fusion-row fusion-flex-align-items-flex-start fusion-flex-content-wrap\" style=\"max-width:1976px;margin-left: calc(-4% \/ 2 );margin-right: calc(-4% \/ 2 );\"><div class=\"fusion-layout-column fusion_builder_column fusion-builder-column-0 fusion_builder_column_1_2 1_2 fusion-flex-column\" style=\"--awb-bg-size:cover;--awb-width-large:50%;--awb-margin-top-large:0px;--awb-spacing-right-large:3.84%;--awb-margin-bottom-large:20px;--awb-spacing-left-large:3.84%;--awb-width-medium:50%;--awb-spacing-right-medium:3.84%;--awb-spacing-left-medium:3.84%;--awb-width-small:100%;--awb-spacing-right-small:1.92%;--awb-spacing-left-small:1.92%;\"><div class=\"fusion-column-wrapper fusion-flex-justify-content-flex-start fusion-content-layout-column\"><div class=\"fusion-title title fusion-title-1 fusion-sep-none fusion-title-center fusion-title-text fusion-title-size-one\" style=\"--awb-margin-top-small:10px;--awb-margin-right-small:0px;--awb-margin-bottom-small:10px;--awb-margin-left-small:0px;\"><h1 class=\"fusion-title-heading title-heading-center\" style=\"margin:0;\"><h1 class=\"title-heading-left\" style=\"text-align: center;\" data-fontsize=\"34\" data-lineheight=\"47\">Contacte-nos, entraremos em contacto consigo no prazo de um dia \u00fatil.<\/h1><\/h1><\/div><div class=\"fusion-text fusion-text-1\"><p>N\u00e3o hesite em contactar-nos, no prazo de um dia \u00fatil entraremos em contacto consigo para lhe dar uma resposta.<\/p>\n<\/div><div class=\"fusion-text fusion-text-2\">\n<div class=\"wpcf7 no-js\" id=\"wpcf7-f13691-o1\" lang=\"en-US\" dir=\"ltr\" data-wpcf7-id=\"13691\">\n<div class=\"screen-reader-response\"><p role=\"status\" aria-live=\"polite\" aria-atomic=\"true\"><\/p> <ul><\/ul><\/div>\n<form action=\"\/pt-pt\/wp-json\/wp\/v2\/pages\/15251#wpcf7-f13691-o1\" method=\"post\" class=\"wpcf7-form init\" aria-label=\"Contact form\" novalidate=\"novalidate\" data-status=\"init\">\n<fieldset class=\"hidden-fields-container\"><input type=\"hidden\" name=\"_wpcf7\" value=\"13691\" \/><input type=\"hidden\" name=\"_wpcf7_version\" value=\"6.1.5\" \/><input type=\"hidden\" name=\"_wpcf7_locale\" value=\"en_US\" \/><input type=\"hidden\" name=\"_wpcf7_unit_tag\" value=\"wpcf7-f13691-o1\" \/><input type=\"hidden\" name=\"_wpcf7_container_post\" value=\"0\" \/><input type=\"hidden\" name=\"_wpcf7_posted_data_hash\" value=\"\" \/><input type=\"hidden\" name=\"_wpcf7_recaptcha_response\" value=\"\" \/>\n<\/fieldset>\n<p><label> Your Name (required)<br \/>\n<span class=\"wpcf7-form-control-wrap\" data-name=\"your-name\"><input size=\"40\" maxlength=\"400\" class=\"wpcf7-form-control wpcf7-text wpcf7-validates-as-required\" aria-required=\"true\" aria-invalid=\"false\" value=\"\" type=\"text\" name=\"your-name\" \/><\/span> <\/label>\n<\/p>\n<p><label> Your Email (required)<br \/>\n<span class=\"wpcf7-form-control-wrap\" data-name=\"your-email\"><input size=\"40\" maxlength=\"400\" class=\"wpcf7-form-control wpcf7-email wpcf7-validates-as-required wpcf7-text wpcf7-validates-as-email\" aria-required=\"true\" aria-invalid=\"false\" value=\"\" type=\"email\" name=\"your-email\" \/><\/span> <\/label>\n<\/p>\n<p><label> Subject \/ T\u00edtulo<br \/>\n<span class=\"wpcf7-form-control-wrap\" data-name=\"your-subject\"><input size=\"40\" maxlength=\"400\" class=\"wpcf7-form-control wpcf7-text\" aria-invalid=\"false\" value=\"\" type=\"text\" name=\"your-subject\" \/><\/span> <\/label>\n<\/p>\n<p><label> Your Message \/ Tu mensaje<br \/>\n<span class=\"wpcf7-form-control-wrap\" data-name=\"your-message\"><textarea cols=\"40\" rows=\"10\" maxlength=\"2000\" class=\"wpcf7-form-control wpcf7-textarea\" aria-invalid=\"false\" name=\"your-message\"><\/textarea><\/span> <\/label>\n<\/p>\n<p><input class=\"wpcf7-form-control wpcf7-submit has-spinner\" type=\"submit\" value=\"Send \/ Enviar\" \/>\n<\/p><div class=\"fusion-alert alert custom alert-custom fusion-alert-center wpcf7-response-output awb-alert-native-link-color alert-dismissable awb-alert-close-boxed\" style=\"--awb-border-size:1px;--awb-border-top-left-radius:0px;--awb-border-top-right-radius:0px;--awb-border-bottom-left-radius:0px;--awb-border-bottom-right-radius:0px;\" role=\"alert\"><div class=\"fusion-alert-content-wrapper\"><span class=\"fusion-alert-content\"><\/span><\/div><button type=\"button\" class=\"close toggle-alert\" data-dismiss=\"alert\" aria-label=\"Close\">&times;<\/button><\/div>\n<\/form>\n<\/div>\n\n<\/div><\/div><\/div><div class=\"fusion-layout-column fusion_builder_column fusion-builder-column-1 fusion_builder_column_1_2 1_2 fusion-flex-column\" style=\"--awb-bg-size:cover;--awb-width-large:50%;--awb-margin-top-large:0px;--awb-spacing-right-large:3.84%;--awb-margin-bottom-large:20px;--awb-spacing-left-large:3.84%;--awb-width-medium:50%;--awb-spacing-right-medium:3.84%;--awb-spacing-left-medium:3.84%;--awb-width-small:100%;--awb-spacing-right-small:1.92%;--awb-spacing-left-small:1.92%;\"><div class=\"fusion-column-wrapper fusion-flex-justify-content-flex-start fusion-content-layout-column\"><div class=\"fusion-image-element \" style=\"--awb-caption-title-font-family:var(--h2_typography-font-family);--awb-caption-title-font-weight:var(--h2_typography-font-weight);--awb-caption-title-font-style:var(--h2_typography-font-style);--awb-caption-title-size:var(--h2_typography-font-size);--awb-caption-title-transform:var(--h2_typography-text-transform);--awb-caption-title-line-height:var(--h2_typography-line-height);--awb-caption-title-letter-spacing:var(--h2_typography-letter-spacing);\"><span class=\" fusion-imageframe imageframe-none imageframe-1 hover-type-none\" style=\"border-radius:15px;\"><img loading=\"lazy\" decoding=\"async\" width=\"862\" height=\"575\" src=\"https:\/\/www.largedisplaysolutions.com\/wp-content\/uploads\/2017\/07\/ManosTeclado.jpg\" alt class=\"img-responsive wp-image-12117\" srcset=\"https:\/\/www.largedisplaysolutions.com\/wp-content\/uploads\/2017\/07\/ManosTeclado-200x133.jpg 200w, https:\/\/www.largedisplaysolutions.com\/wp-content\/uploads\/2017\/07\/ManosTeclado-400x267.jpg 400w, https:\/\/www.largedisplaysolutions.com\/wp-content\/uploads\/2017\/07\/ManosTeclado-600x400.jpg 600w, https:\/\/www.largedisplaysolutions.com\/wp-content\/uploads\/2017\/07\/ManosTeclado-800x534.jpg 800w, https:\/\/www.largedisplaysolutions.com\/wp-content\/uploads\/2017\/07\/ManosTeclado.jpg 862w\" sizes=\"auto, (max-width: 640px) 100vw, 862px\" \/><\/span><\/div><ul style=\"--awb-size:13px;--awb-line-height:22.1px;--awb-icon-width:22.1px;--awb-icon-height:22.1px;--awb-icon-margin:9.1px;--awb-content-margin:31.2px;--awb-circlecolor:#65bc7b;--awb-circle-yes-font-size:11.44px;\" class=\"fusion-checklist fusion-checklist-1 fusion-checklist-default type-icons\"><li class=\"fusion-li-item\" style=\"\"><span class=\"icon-wrapper circle-yes\"><i class=\"fusion-li-icon fa fa-check\" aria-hidden=\"true\"><\/i><\/span><div class=\"fusion-li-item-content\">\n<p>Dificuldades de instala\u00e7\u00e3o<\/p>\n<\/div><\/li><li class=\"fusion-li-item\" style=\"\"><span class=\"icon-wrapper circle-yes\"><i class=\"fusion-li-icon fa fa-check\" aria-hidden=\"true\"><\/i><\/span><div class=\"fusion-li-item-content\">\n<p>Aquisi\u00e7\u00e3o de licen\u00e7as<\/p>\n<\/div><\/li><li class=\"fusion-li-item\" style=\"\"><span class=\"icon-wrapper circle-yes\"><i class=\"fusion-li-icon fa fa-check\" aria-hidden=\"true\"><\/i><\/span><div class=\"fusion-li-item-content\">\n<p>Quer ser um revendedor?<\/p>\n<\/div><\/li><li class=\"fusion-li-item\" style=\"\"><span class=\"icon-wrapper circle-yes\"><i class=\"fusion-li-icon fa fa-check\" aria-hidden=\"true\"><\/i><\/span><div class=\"fusion-li-item-content\">\n<p>Qualquer d\u00favida que possa ter&#8230;<\/p>\n<\/div><\/li><\/ul><\/div><\/div><\/div><\/div><div class=\"fusion-fullwidth fullwidth-box fusion-builder-row-2 fusion-flex-container nonhundred-percent-fullwidth non-hundred-percent-height-scrolling\" style=\"--awb-border-radius-top-left:0px;--awb-border-radius-top-right:0px;--awb-border-radius-bottom-right:0px;--awb-border-radius-bottom-left:0px;--awb-flex-wrap:wrap;\" ><div class=\"fusion-builder-row fusion-row fusion-flex-align-items-flex-start fusion-flex-content-wrap\" style=\"max-width:1976px;margin-left: calc(-4% \/ 2 );margin-right: calc(-4% \/ 2 );\"><div class=\"fusion-layout-column fusion_builder_column fusion-builder-column-2 fusion_builder_column_1_1 1_1 fusion-flex-column\" style=\"--awb-bg-size:cover;--awb-width-large:100%;--awb-margin-top-large:0px;--awb-spacing-right-large:1.92%;--awb-margin-bottom-large:20px;--awb-spacing-left-large:1.92%;--awb-width-medium:100%;--awb-spacing-right-medium:1.92%;--awb-spacing-left-medium:1.92%;--awb-width-small:100%;--awb-spacing-right-small:1.92%;--awb-spacing-left-small:1.92%;\"><div class=\"fusion-column-wrapper fusion-flex-justify-content-flex-start fusion-content-layout-column\"><div class=\"fusion-title title fusion-title-2 fusion-sep-none fusion-title-center fusion-title-text fusion-title-size-one\" style=\"--awb-margin-top-small:10px;--awb-margin-right-small:0px;--awb-margin-bottom-small:10px;--awb-margin-left-small:0px;\"><h1 class=\"fusion-title-heading title-heading-center\" style=\"margin:0;\"><p style=\"text-align: center;\">Ou contacte-nos em info@largedisplaysolutions.com<\/p><\/h1><\/div><\/div><\/div><\/div><\/div><\/p>\n","protected":false},"excerpt":{"rendered":"","protected":false},"author":1,"featured_media":0,"parent":0,"menu_order":15,"comment_status":"closed","ping_status":"closed","template":"","meta":{"footnotes":""},"class_list":["post-15251","page","type-page","status-publish","hentry"],"yoast_head":"<!-- This site is optimized with the Yoast SEO plugin v27.4 - https:\/\/yoast.com\/product\/yoast-seo-wordpress\/ -->\n<title>Contactar-nos - Large Display Solutions<\/title>\n<meta name=\"robots\" content=\"index, follow, max-snippet:-1, max-image-preview:large, max-video-preview:-1\" \/>\n<link rel=\"canonical\" href=\"https:\/\/www.largedisplaysolutions.com\/pt-pt\/contactar-nos\/\" \/>\n<meta property=\"og:locale\" content=\"pt_PT\" \/>\n<meta property=\"og:type\" content=\"article\" \/>\n<meta property=\"og:title\" content=\"Contactar-nos - Large Display Solutions\" \/>\n<meta property=\"og:url\" content=\"https:\/\/www.largedisplaysolutions.com\/pt-pt\/contactar-nos\/\" \/>\n<meta property=\"og:site_name\" content=\"Large Display Solutions\" \/>\n<meta property=\"article:modified_time\" content=\"2024-01-26T09:45:33+00:00\" \/>\n<meta name=\"twitter:card\" content=\"summary_large_image\" \/>\n<meta name=\"twitter:label1\" content=\"Tempo estimado de leitura\" \/>\n\t<meta name=\"twitter:data1\" content=\"4 minutos\" \/>\n<script type=\"application\/ld+json\" class=\"yoast-schema-graph\">{\"@context\":\"https:\\\/\\\/schema.org\",\"@graph\":[{\"@type\":\"WebPage\",\"@id\":\"https:\\\/\\\/www.largedisplaysolutions.com\\\/pt-pt\\\/contactar-nos\\\/\",\"url\":\"https:\\\/\\\/www.largedisplaysolutions.com\\\/pt-pt\\\/contactar-nos\\\/\",\"name\":\"Contactar-nos - Large Display Solutions\",\"isPartOf\":{\"@id\":\"https:\\\/\\\/www.largedisplaysolutions.com\\\/pt-pt\\\/#website\"},\"datePublished\":\"2024-01-26T09:45:32+00:00\",\"dateModified\":\"2024-01-26T09:45:33+00:00\",\"breadcrumb\":{\"@id\":\"https:\\\/\\\/www.largedisplaysolutions.com\\\/pt-pt\\\/contactar-nos\\\/#breadcrumb\"},\"inLanguage\":\"pt-PT\",\"potentialAction\":[{\"@type\":\"ReadAction\",\"target\":[\"https:\\\/\\\/www.largedisplaysolutions.com\\\/pt-pt\\\/contactar-nos\\\/\"]}]},{\"@type\":\"BreadcrumbList\",\"@id\":\"https:\\\/\\\/www.largedisplaysolutions.com\\\/pt-pt\\\/contactar-nos\\\/#breadcrumb\",\"itemListElement\":[{\"@type\":\"ListItem\",\"position\":1,\"name\":\"Home\",\"item\":\"https:\\\/\\\/www.largedisplaysolutions.com\\\/pt-pt\\\/\"},{\"@type\":\"ListItem\",\"position\":2,\"name\":\"Contactar-nos\"}]},{\"@type\":\"WebSite\",\"@id\":\"https:\\\/\\\/www.largedisplaysolutions.com\\\/pt-pt\\\/#website\",\"url\":\"https:\\\/\\\/www.largedisplaysolutions.com\\\/pt-pt\\\/\",\"name\":\"Large Display Solutions\",\"description\":\"Software solutions for LED perimeter systems\",\"publisher\":{\"@id\":\"https:\\\/\\\/www.largedisplaysolutions.com\\\/pt-pt\\\/#organization\"},\"potentialAction\":[{\"@type\":\"SearchAction\",\"target\":{\"@type\":\"EntryPoint\",\"urlTemplate\":\"https:\\\/\\\/www.largedisplaysolutions.com\\\/pt-pt\\\/?s={search_term_string}\"},\"query-input\":{\"@type\":\"PropertyValueSpecification\",\"valueRequired\":true,\"valueName\":\"search_term_string\"}}],\"inLanguage\":\"pt-PT\"},{\"@type\":\"Organization\",\"@id\":\"https:\\\/\\\/www.largedisplaysolutions.com\\\/pt-pt\\\/#organization\",\"name\":\"Large Display Solutions\",\"url\":\"https:\\\/\\\/www.largedisplaysolutions.com\\\/pt-pt\\\/\",\"logo\":{\"@type\":\"ImageObject\",\"inLanguage\":\"pt-PT\",\"@id\":\"https:\\\/\\\/www.largedisplaysolutions.com\\\/pt-pt\\\/#\\\/schema\\\/logo\\\/image\\\/\",\"url\":\"https:\\\/\\\/www.largedisplaysolutions.com\\\/wp-content\\\/uploads\\\/2021\\\/06\\\/LogotipoLDS_128x40.png\",\"contentUrl\":\"https:\\\/\\\/www.largedisplaysolutions.com\\\/wp-content\\\/uploads\\\/2021\\\/06\\\/LogotipoLDS_128x40.png\",\"width\":128,\"height\":40,\"caption\":\"Large Display Solutions\"},\"image\":{\"@id\":\"https:\\\/\\\/www.largedisplaysolutions.com\\\/pt-pt\\\/#\\\/schema\\\/logo\\\/image\\\/\"}}]}<\/script>\n<!-- \/ Yoast SEO plugin. -->","yoast_head_json":{"title":"Contactar-nos - Large Display Solutions","robots":{"index":"index","follow":"follow","max-snippet":"max-snippet:-1","max-image-preview":"max-image-preview:large","max-video-preview":"max-video-preview:-1"},"canonical":"https:\/\/www.largedisplaysolutions.com\/pt-pt\/contactar-nos\/","og_locale":"pt_PT","og_type":"article","og_title":"Contactar-nos - Large Display Solutions","og_url":"https:\/\/www.largedisplaysolutions.com\/pt-pt\/contactar-nos\/","og_site_name":"Large Display Solutions","article_modified_time":"2024-01-26T09:45:33+00:00","twitter_card":"summary_large_image","twitter_misc":{"Tempo estimado de leitura":"4 minutos"},"schema":{"@context":"https:\/\/schema.org","@graph":[{"@type":"WebPage","@id":"https:\/\/www.largedisplaysolutions.com\/pt-pt\/contactar-nos\/","url":"https:\/\/www.largedisplaysolutions.com\/pt-pt\/contactar-nos\/","name":"Contactar-nos - Large Display Solutions","isPartOf":{"@id":"https:\/\/www.largedisplaysolutions.com\/pt-pt\/#website"},"datePublished":"2024-01-26T09:45:32+00:00","dateModified":"2024-01-26T09:45:33+00:00","breadcrumb":{"@id":"https:\/\/www.largedisplaysolutions.com\/pt-pt\/contactar-nos\/#breadcrumb"},"inLanguage":"pt-PT","potentialAction":[{"@type":"ReadAction","target":["https:\/\/www.largedisplaysolutions.com\/pt-pt\/contactar-nos\/"]}]},{"@type":"BreadcrumbList","@id":"https:\/\/www.largedisplaysolutions.com\/pt-pt\/contactar-nos\/#breadcrumb","itemListElement":[{"@type":"ListItem","position":1,"name":"Home","item":"https:\/\/www.largedisplaysolutions.com\/pt-pt\/"},{"@type":"ListItem","position":2,"name":"Contactar-nos"}]},{"@type":"WebSite","@id":"https:\/\/www.largedisplaysolutions.com\/pt-pt\/#website","url":"https:\/\/www.largedisplaysolutions.com\/pt-pt\/","name":"Large Display Solutions","description":"Software solutions for LED perimeter systems","publisher":{"@id":"https:\/\/www.largedisplaysolutions.com\/pt-pt\/#organization"},"potentialAction":[{"@type":"SearchAction","target":{"@type":"EntryPoint","urlTemplate":"https:\/\/www.largedisplaysolutions.com\/pt-pt\/?s={search_term_string}"},"query-input":{"@type":"PropertyValueSpecification","valueRequired":true,"valueName":"search_term_string"}}],"inLanguage":"pt-PT"},{"@type":"Organization","@id":"https:\/\/www.largedisplaysolutions.com\/pt-pt\/#organization","name":"Large Display Solutions","url":"https:\/\/www.largedisplaysolutions.com\/pt-pt\/","logo":{"@type":"ImageObject","inLanguage":"pt-PT","@id":"https:\/\/www.largedisplaysolutions.com\/pt-pt\/#\/schema\/logo\/image\/","url":"https:\/\/www.largedisplaysolutions.com\/wp-content\/uploads\/2021\/06\/LogotipoLDS_128x40.png","contentUrl":"https:\/\/www.largedisplaysolutions.com\/wp-content\/uploads\/2021\/06\/LogotipoLDS_128x40.png","width":128,"height":40,"caption":"Large Display Solutions"},"image":{"@id":"https:\/\/www.largedisplaysolutions.com\/pt-pt\/#\/schema\/logo\/image\/"}}]}},"_links":{"self":[{"href":"https:\/\/www.largedisplaysolutions.com\/pt-pt\/wp-json\/wp\/v2\/pages\/15251","targetHints":{"allow":["GET"]}}],"collection":[{"href":"https:\/\/www.largedisplaysolutions.com\/pt-pt\/wp-json\/wp\/v2\/pages"}],"about":[{"href":"https:\/\/www.largedisplaysolutions.com\/pt-pt\/wp-json\/wp\/v2\/types\/page"}],"author":[{"embeddable":true,"href":"https:\/\/www.largedisplaysolutions.com\/pt-pt\/wp-json\/wp\/v2\/users\/1"}],"replies":[{"embeddable":true,"href":"https:\/\/www.largedisplaysolutions.com\/pt-pt\/wp-json\/wp\/v2\/comments?post=15251"}],"version-history":[{"count":2,"href":"https:\/\/www.largedisplaysolutions.com\/pt-pt\/wp-json\/wp\/v2\/pages\/15251\/revisions"}],"predecessor-version":[{"id":15253,"href":"https:\/\/www.largedisplaysolutions.com\/pt-pt\/wp-json\/wp\/v2\/pages\/15251\/revisions\/15253"}],"wp:attachment":[{"href":"https:\/\/www.largedisplaysolutions.com\/pt-pt\/wp-json\/wp\/v2\/media?parent=15251"}],"curies":[{"name":"wp","href":"https:\/\/api.w.org\/{rel}","templated":true}]}}