{"id":17426,"date":"2024-06-17T19:35:34","date_gmt":"2024-06-17T19:35:34","guid":{"rendered":"https:\/\/www.largedisplaysolutions.com\/introducao-ao-software-de-placar-desportivo\/modelo-de-um-ecra-de-video-para-futebol\/"},"modified":"2024-06-18T13:41:47","modified_gmt":"2024-06-18T13:41:47","slug":"modelo-de-um-ecra-de-video-para-futebol","status":"publish","type":"page","link":"https:\/\/www.largedisplaysolutions.com\/pt-pt\/introducao-ao-software-de-placar-desportivo\/modelo-de-um-ecra-de-video-para-futebol\/","title":{"rendered":"Marcador de v\u00eddeo para futebol"},"content":{"rendered":"<div class=\"fusion-fullwidth fullwidth-box fusion-builder-row-1 fusion-flex-container has-pattern-background has-mask-background nonhundred-percent-fullwidth non-hundred-percent-height-scrolling\" style=\"--awb-border-radius-top-left:0px;--awb-border-radius-top-right:0px;--awb-border-radius-bottom-right:0px;--awb-border-radius-bottom-left:0px;--awb-flex-wrap:wrap;\" ><div class=\"fusion-builder-row fusion-row fusion-flex-align-items-flex-start fusion-flex-content-wrap\" style=\"max-width:1976px;margin-left: calc(-4% \/ 2 );margin-right: calc(-4% \/ 2 );\"><div class=\"fusion-layout-column fusion_builder_column fusion-builder-column-0 fusion_builder_column_1_6 1_6 fusion-flex-column\" style=\"--awb-bg-size:cover;--awb-width-large:16.666666666667%;--awb-margin-top-large:0px;--awb-spacing-right-large:11.52%;--awb-margin-bottom-large:20px;--awb-spacing-left-large:11.52%;--awb-width-medium:16.666666666667%;--awb-order-medium:0;--awb-spacing-right-medium:11.52%;--awb-spacing-left-medium:11.52%;--awb-width-small:100%;--awb-order-small:0;--awb-spacing-right-small:1.92%;--awb-spacing-left-small:1.92%;\"><div class=\"fusion-column-wrapper fusion-column-has-shadow fusion-flex-justify-content-flex-start fusion-content-layout-column\"><\/div><\/div><div class=\"fusion-layout-column fusion_builder_column fusion-builder-column-1 fusion_builder_column_2_3 2_3 fusion-flex-column\" style=\"--awb-bg-size:cover;--awb-width-large:66.666666666667%;--awb-margin-top-large:0px;--awb-spacing-right-large:2.88%;--awb-margin-bottom-large:20px;--awb-spacing-left-large:2.88%;--awb-width-medium:66.666666666667%;--awb-order-medium:0;--awb-spacing-right-medium:2.88%;--awb-spacing-left-medium:2.88%;--awb-width-small:100%;--awb-order-small:0;--awb-spacing-right-small:1.92%;--awb-spacing-left-small:1.92%;\"><div class=\"fusion-column-wrapper fusion-column-has-shadow fusion-flex-justify-content-flex-start fusion-content-layout-column\"><div class=\"fusion-title title fusion-title-1 fusion-sep-none fusion-title-center fusion-title-text fusion-title-size-one\" style=\"--awb-margin-top-small:10px;--awb-margin-right-small:0px;--awb-margin-bottom-small:10px;--awb-margin-left-small:0px;\"><h1 class=\"fusion-title-heading title-heading-center\" style=\"margin:0;\">Utiliza\u00e7\u00e3o do modelo de painel de v\u00eddeo para o futebol<\/h1><\/div><div class=\"fusion-text fusion-text-1\"><p><span style=\"font-weight: 400;\"><a href=\"https:\/\/www.largedisplaysolutions.com\/pt-pt\/software-para-placares-desportivos\/\">O LDSscoreboard<\/a> incorpora um conjunto de modelos de placares de v\u00eddeo de futebol em v\u00e1rios r\u00e1cios de aspeto para simplificar a cria\u00e7\u00e3o do placar certo para a tua equipa. Para o caso espec\u00edfico do futebol, est\u00e3o inclu\u00eddos dois pain\u00e9is de v\u00eddeo para futebol, um para ecr\u00e3s com um r\u00e1cio de aspeto de 4:3 e outro para ecr\u00e3s com um r\u00e1cio de aspeto de 5:1. Isto significa que, se tiveres um ecr\u00e3 com uma resolu\u00e7\u00e3o de 800&#215;600, 1200&#215;900 ou semelhante, podes tomar o modelo de propor\u00e7\u00e3o 4:3 como refer\u00eancia e adapt\u00e1-lo \u00e0 tua resolu\u00e7\u00e3o se a forma como \u00e9 projetado n\u00e3o se adequar. <\/span><\/p>\n<p><span style=\"font-weight: 400;\">No caso do r\u00e1cio 5:1, foi concebido para ecr\u00e3s de 640&#215;128, que \u00e9 um ecr\u00e3 frequentemente utilizado em est\u00e1dios de futebol n\u00e3o profissionais.<\/span><\/p>\n<p>Lembra-te que o LDSscoreboard \u00e9 um editor de placares de v\u00eddeo, ou seja, permite-te editar o placar para que possas apresentar a informa\u00e7\u00e3o que desejas: patrocinadores, mensagens, v\u00eddeos, imagens, etc&#8230; \u00c9 por isso que \u00e9 importante ter um modelo que te permita produzir o painel de avalia\u00e7\u00e3o de v\u00eddeo que a tua equipa pretende com o m\u00ednimo de esfor\u00e7o poss\u00edvel.<\/p>\n<\/div><div class=\"fusion-title title fusion-title-2 fusion-sep-none fusion-title-text fusion-title-size-two\" style=\"--awb-margin-top-small:10px;--awb-margin-right-small:0px;--awb-margin-bottom-small:10px;--awb-margin-left-small:0px;\"><h2 class=\"fusion-title-heading title-heading-left\" style=\"margin:0;\">Painel de avalia\u00e7\u00e3o v\u00eddeo personaliz\u00e1vel<\/h2><\/div><div class=\"fusion-image-carousel fusion-image-carousel-fixed fusion-image-carousel-1 fusion-carousel-border\"><div class=\"awb-carousel awb-swiper awb-swiper-carousel awb-carousel--carousel awb-swiper-dots-position-bottom\" data-layout=\"carousel\" data-autoplay=\"no\" data-autoplayspeed=\"2500\" data-autoplaypause=\"no\" data-columns=\"5\" data-columnsmedium=\"1\" data-columnssmall=\"1\" data-itemmargin=\"13\" data-itemwidth=\"180\" data-touchscroll=\"no\" data-freemode=\"no\" data-imagesize=\"fixed\" data-scrollitems=\"0\" data-centeredslides=\"no\" data-rotationangle=\"50\" data-depth=\"100\" data-speed=\"500\" data-shadow=\"no\" data-pagination=\"bullets\" style=\"--awb-border-width:1px;--awb-border-color:#e9eaee;\"><div class=\"swiper-wrapper awb-image-carousel-wrapper fusion-flex-align-items-center\"><div class=\"swiper-slide\"><div class=\"fusion-carousel-item-wrapper\"><div class=\"fusion-image-wrapper hover-type-none\"><img loading=\"lazy\" decoding=\"async\" width=\"269\" height=\"202\" src=\"https:\/\/www.largedisplaysolutions.com\/wp-content\/uploads\/2024\/06\/2024-06-17-2-320x240.png\" class=\"attachment-blog-medium size-blog-medium\" alt=\"Marcador de v\u00eddeo para futebol\" srcset=\"https:\/\/www.largedisplaysolutions.com\/wp-content\/uploads\/2024\/06\/2024-06-17-2-200x150.png 200w, https:\/\/www.largedisplaysolutions.com\/wp-content\/uploads\/2024\/06\/2024-06-17-2-400x300.png 400w, https:\/\/www.largedisplaysolutions.com\/wp-content\/uploads\/2024\/06\/2024-06-17-2-600x450.png 600w, https:\/\/www.largedisplaysolutions.com\/wp-content\/uploads\/2024\/06\/2024-06-17-2-800x600.png 800w, https:\/\/www.largedisplaysolutions.com\/wp-content\/uploads\/2024\/06\/2024-06-17-2.png 1200w\" sizes=\"auto, (min-width: 2200px) 100vw, (min-width: 928px) 370px, (min-width: 856px) 462px, (min-width: 784px) 616px, (min-width: 712px) 784px, (min-width: 640px) 712px, \" \/><\/div><\/div><\/div><div class=\"swiper-slide\"><div class=\"fusion-carousel-item-wrapper\"><div class=\"fusion-image-wrapper hover-type-none\"><img loading=\"lazy\" decoding=\"async\" width=\"269\" height=\"202\" src=\"https:\/\/www.largedisplaysolutions.com\/wp-content\/uploads\/2024\/06\/2024-06-17-4-320x240.png\" class=\"attachment-blog-medium size-blog-medium\" alt=\"Painel de avalia\u00e7\u00e3o v\u00eddeo para futebol, cart\u00e3o amarelo.\" srcset=\"https:\/\/www.largedisplaysolutions.com\/wp-content\/uploads\/2024\/06\/2024-06-17-4-200x150.png 200w, https:\/\/www.largedisplaysolutions.com\/wp-content\/uploads\/2024\/06\/2024-06-17-4-400x300.png 400w, https:\/\/www.largedisplaysolutions.com\/wp-content\/uploads\/2024\/06\/2024-06-17-4-600x450.png 600w, https:\/\/www.largedisplaysolutions.com\/wp-content\/uploads\/2024\/06\/2024-06-17-4-800x600.png 800w, https:\/\/www.largedisplaysolutions.com\/wp-content\/uploads\/2024\/06\/2024-06-17-4.png 1200w\" sizes=\"auto, (min-width: 2200px) 100vw, (min-width: 928px) 370px, (min-width: 856px) 462px, (min-width: 784px) 616px, (min-width: 712px) 784px, (min-width: 640px) 712px, \" \/><\/div><\/div><\/div><div class=\"swiper-slide\"><div class=\"fusion-carousel-item-wrapper\"><div class=\"fusion-image-wrapper hover-type-none\"><img loading=\"lazy\" decoding=\"async\" width=\"269\" height=\"202\" src=\"https:\/\/www.largedisplaysolutions.com\/wp-content\/uploads\/2024\/06\/2024-06-17-1-320x240.png\" class=\"attachment-blog-medium size-blog-medium\" alt=\"V\u00eddeo placar para futebol, substitui\u00e7\u00e3o.\" srcset=\"https:\/\/www.largedisplaysolutions.com\/wp-content\/uploads\/2024\/06\/2024-06-17-1-200x150.png 200w, https:\/\/www.largedisplaysolutions.com\/wp-content\/uploads\/2024\/06\/2024-06-17-1-400x300.png 400w, https:\/\/www.largedisplaysolutions.com\/wp-content\/uploads\/2024\/06\/2024-06-17-1-600x450.png 600w, https:\/\/www.largedisplaysolutions.com\/wp-content\/uploads\/2024\/06\/2024-06-17-1-800x600.png 800w, https:\/\/www.largedisplaysolutions.com\/wp-content\/uploads\/2024\/06\/2024-06-17-1.png 1200w\" sizes=\"auto, (min-width: 2200px) 100vw, (min-width: 928px) 370px, (min-width: 856px) 462px, (min-width: 784px) 616px, (min-width: 712px) 784px, (min-width: 640px) 712px, \" \/><\/div><\/div><\/div><div class=\"swiper-slide\"><div class=\"fusion-carousel-item-wrapper\"><div class=\"fusion-image-wrapper hover-type-none\"><img loading=\"lazy\" decoding=\"async\" width=\"320\" height=\"64\" src=\"https:\/\/www.largedisplaysolutions.com\/wp-content\/uploads\/2024\/06\/2024-06-17-6-320x64.png\" class=\"attachment-blog-medium size-blog-medium\" alt=\"V\u00eddeo placar para futebol, substitui\u00e7\u00e3o.\" srcset=\"https:\/\/www.largedisplaysolutions.com\/wp-content\/uploads\/2024\/06\/2024-06-17-6-200x40.png 200w, https:\/\/www.largedisplaysolutions.com\/wp-content\/uploads\/2024\/06\/2024-06-17-6-400x80.png 400w, https:\/\/www.largedisplaysolutions.com\/wp-content\/uploads\/2024\/06\/2024-06-17-6-600x120.png 600w, https:\/\/www.largedisplaysolutions.com\/wp-content\/uploads\/2024\/06\/2024-06-17-6-800x160.png 800w, https:\/\/www.largedisplaysolutions.com\/wp-content\/uploads\/2024\/06\/2024-06-17-6.png 960w\" sizes=\"auto, (min-width: 2200px) 100vw, (min-width: 928px) 370px, (min-width: 856px) 462px, (min-width: 784px) 616px, (min-width: 712px) 784px, (min-width: 640px) 712px, \" \/><\/div><\/div><\/div><div class=\"swiper-slide\"><div class=\"fusion-carousel-item-wrapper\"><div class=\"fusion-image-wrapper hover-type-none\"><img loading=\"lazy\" decoding=\"async\" width=\"320\" height=\"64\" src=\"https:\/\/www.largedisplaysolutions.com\/wp-content\/uploads\/2024\/06\/2024-06-17-5-320x64.png\" class=\"attachment-blog-medium size-blog-medium\" alt=\"Painel de v\u00eddeo para futebol, 5:1.\" srcset=\"https:\/\/www.largedisplaysolutions.com\/wp-content\/uploads\/2024\/06\/2024-06-17-5-200x40.png 200w, https:\/\/www.largedisplaysolutions.com\/wp-content\/uploads\/2024\/06\/2024-06-17-5-400x80.png 400w, https:\/\/www.largedisplaysolutions.com\/wp-content\/uploads\/2024\/06\/2024-06-17-5-600x120.png 600w, https:\/\/www.largedisplaysolutions.com\/wp-content\/uploads\/2024\/06\/2024-06-17-5-800x160.png 800w, https:\/\/www.largedisplaysolutions.com\/wp-content\/uploads\/2024\/06\/2024-06-17-5.png 960w\" sizes=\"auto, (min-width: 2200px) 100vw, (min-width: 928px) 370px, (min-width: 856px) 462px, (min-width: 784px) 616px, (min-width: 712px) 784px, (min-width: 640px) 712px, \" \/><\/div><\/div><\/div><\/div><div class=\"awb-swiper-button awb-swiper-button-prev\"><i class=\"awb-icon-angle-left\" aria-hidden=\"true\"><\/i><\/div><div class=\"awb-swiper-button awb-swiper-button-next\"><i class=\"awb-icon-angle-right\" aria-hidden=\"true\"><\/i><\/div><\/div><\/div><div class=\"fusion-title title fusion-title-3 fusion-sep-none fusion-title-text fusion-title-size-two\" style=\"--awb-margin-top-small:10px;--awb-margin-right-small:0px;--awb-margin-bottom-small:10px;--awb-margin-left-small:0px;\"><h2 class=\"fusion-title-heading title-heading-left\" style=\"margin:0;\">Vistas inclu\u00eddas no painel de avalia\u00e7\u00e3o<\/h2><\/div><div class=\"fusion-text fusion-text-2\"><p><span style=\"font-weight: 400;\">Para que o placar fique pronto o mais rapidamente poss\u00edvel, oferecemos-te um conjunto de vistas ou slides que s\u00e3o normalmente utilizados num placar de v\u00eddeo com estas caracter\u00edsticas.<\/span><\/p>\n<ul>\n<li style=\"font-weight: 400;\" aria-level=\"1\"><span style=\"font-weight: 400;\">Resultado do jogo<\/span><\/li>\n<li style=\"font-weight: 400;\" aria-level=\"1\"><span style=\"font-weight: 400;\">Substitui\u00e7\u00e3o de jogadores da equipa da casa e da equipa visitante<\/span><\/li>\n<li style=\"font-weight: 400;\" aria-level=\"1\"><span style=\"font-weight: 400;\">Cart\u00f5es amarelos para a equipa da casa e para a equipa visitante<\/span><\/li>\n<li style=\"font-weight: 400;\" aria-level=\"1\"><span style=\"font-weight: 400;\">Cart\u00e3o vermelho para a equipa da casa e para a equipa visitante<\/span><\/li>\n<li style=\"font-weight: 400;\" aria-level=\"1\"><span style=\"font-weight: 400;\">Apresenta\u00e7\u00e3o dos jogadores com fotografias.<\/span><\/li>\n<\/ul>\n<\/div><div class=\"fusion-text fusion-text-3\"><p><span style=\"font-weight: 400;\">Com estes modelos de placares de v\u00eddeo para futebol podes ter um placar de v\u00eddeo funcional em poucos minutos, mas, ao mesmo tempo, podes personaliz\u00e1-lo completamente para que a equipa tenha um sistema totalmente personalizado com pouco esfor\u00e7o.<\/span><\/p>\n<p>Lembra-te que estes modelos est\u00e3o inclu\u00eddos na aplica\u00e7\u00e3o <a href=\"https:\/\/www.largedisplaysolutions.com\/pt-pt\/software-para-placares-desportivos\/\">LDSscoreboard<\/a> que podes descarregar da<a href=\"https:\/\/www.largedisplaysolutions.com\/pt-pt\/transferencias\/\"> \u00e1rea de descar<\/a> gas deste site.<\/p>\n<\/div><\/div><\/div><div class=\"fusion-layout-column fusion_builder_column fusion-builder-column-2 fusion_builder_column_1_6 1_6 fusion-flex-column\" style=\"--awb-bg-size:cover;--awb-width-large:16.666666666667%;--awb-margin-top-large:0px;--awb-spacing-right-large:11.52%;--awb-margin-bottom-large:20px;--awb-spacing-left-large:11.52%;--awb-width-medium:16.666666666667%;--awb-order-medium:0;--awb-spacing-right-medium:11.52%;--awb-spacing-left-medium:11.52%;--awb-width-small:100%;--awb-order-small:0;--awb-spacing-right-small:1.92%;--awb-spacing-left-small:1.92%;\"><div class=\"fusion-column-wrapper fusion-column-has-shadow fusion-flex-justify-content-flex-start fusion-content-layout-column\"><\/div><\/div><\/div><\/div>\n","protected":false},"excerpt":{"rendered":"","protected":false},"author":1,"featured_media":0,"parent":16686,"menu_order":0,"comment_status":"closed","ping_status":"closed","template":"","meta":{"footnotes":""},"class_list":["post-17426","page","type-page","status-publish","hentry"],"yoast_head":"<!-- This site is optimized with the Yoast SEO plugin v27.4 - https:\/\/yoast.com\/product\/yoast-seo-wordpress\/ -->\n<title>Marcador de v\u00eddeo para futebol - Large Display Solutions<\/title>\n<meta name=\"description\" content=\"Modelo para um placar de v\u00eddeo de futebol que podes usar com o LDSscoreboard e personalizar de acordo com os teus interesses.\" \/>\n<meta name=\"robots\" content=\"index, follow, max-snippet:-1, max-image-preview:large, max-video-preview:-1\" \/>\n<link rel=\"canonical\" href=\"https:\/\/www.largedisplaysolutions.com\/pt-pt\/introducao-ao-software-de-placar-desportivo\/modelo-de-um-ecra-de-video-para-futebol\/\" \/>\n<meta property=\"og:locale\" content=\"pt_PT\" \/>\n<meta property=\"og:type\" content=\"article\" \/>\n<meta property=\"og:title\" content=\"Marcador de v\u00eddeo para futebol - Large Display Solutions\" \/>\n<meta property=\"og:description\" content=\"Modelo para um placar de v\u00eddeo de futebol que podes usar com o LDSscoreboard e personalizar de acordo com os teus interesses.\" \/>\n<meta property=\"og:url\" content=\"https:\/\/www.largedisplaysolutions.com\/pt-pt\/introducao-ao-software-de-placar-desportivo\/modelo-de-um-ecra-de-video-para-futebol\/\" \/>\n<meta property=\"og:site_name\" content=\"Large Display Solutions\" \/>\n<meta property=\"article:modified_time\" content=\"2024-06-18T13:41:47+00:00\" \/>\n<meta name=\"twitter:card\" content=\"summary_large_image\" \/>\n<meta name=\"twitter:label1\" content=\"Tempo estimado de leitura\" \/>\n\t<meta name=\"twitter:data1\" content=\"17 minutos\" \/>\n<script type=\"application\/ld+json\" class=\"yoast-schema-graph\">{\"@context\":\"https:\\\/\\\/schema.org\",\"@graph\":[{\"@type\":\"WebPage\",\"@id\":\"https:\\\/\\\/www.largedisplaysolutions.com\\\/pt-pt\\\/introducao-ao-software-de-placar-desportivo\\\/modelo-de-um-ecra-de-video-para-futebol\\\/\",\"url\":\"https:\\\/\\\/www.largedisplaysolutions.com\\\/pt-pt\\\/introducao-ao-software-de-placar-desportivo\\\/modelo-de-um-ecra-de-video-para-futebol\\\/\",\"name\":\"Marcador de v\u00eddeo para futebol - Large Display Solutions\",\"isPartOf\":{\"@id\":\"https:\\\/\\\/www.largedisplaysolutions.com\\\/pt-pt\\\/#website\"},\"datePublished\":\"2024-06-17T19:35:34+00:00\",\"dateModified\":\"2024-06-18T13:41:47+00:00\",\"description\":\"Modelo para um placar de v\u00eddeo de futebol que podes usar com o LDSscoreboard e personalizar de acordo com os teus interesses.\",\"breadcrumb\":{\"@id\":\"https:\\\/\\\/www.largedisplaysolutions.com\\\/pt-pt\\\/introducao-ao-software-de-placar-desportivo\\\/modelo-de-um-ecra-de-video-para-futebol\\\/#breadcrumb\"},\"inLanguage\":\"pt-PT\",\"potentialAction\":[{\"@type\":\"ReadAction\",\"target\":[\"https:\\\/\\\/www.largedisplaysolutions.com\\\/pt-pt\\\/introducao-ao-software-de-placar-desportivo\\\/modelo-de-um-ecra-de-video-para-futebol\\\/\"]}]},{\"@type\":\"BreadcrumbList\",\"@id\":\"https:\\\/\\\/www.largedisplaysolutions.com\\\/pt-pt\\\/introducao-ao-software-de-placar-desportivo\\\/modelo-de-um-ecra-de-video-para-futebol\\\/#breadcrumb\",\"itemListElement\":[{\"@type\":\"ListItem\",\"position\":1,\"name\":\"Home\",\"item\":\"https:\\\/\\\/www.largedisplaysolutions.com\\\/pt-pt\\\/\"},{\"@type\":\"ListItem\",\"position\":2,\"name\":\"Introdu\u00e7\u00e3o ao software de placar desportivo\",\"item\":\"https:\\\/\\\/www.largedisplaysolutions.com\\\/pt-pt\\\/introducao-ao-software-de-placar-desportivo\\\/\"},{\"@type\":\"ListItem\",\"position\":3,\"name\":\"Marcador de v\u00eddeo para futebol\"}]},{\"@type\":\"WebSite\",\"@id\":\"https:\\\/\\\/www.largedisplaysolutions.com\\\/pt-pt\\\/#website\",\"url\":\"https:\\\/\\\/www.largedisplaysolutions.com\\\/pt-pt\\\/\",\"name\":\"Large Display Solutions\",\"description\":\"Software solutions for LED perimeter systems\",\"publisher\":{\"@id\":\"https:\\\/\\\/www.largedisplaysolutions.com\\\/pt-pt\\\/#organization\"},\"potentialAction\":[{\"@type\":\"SearchAction\",\"target\":{\"@type\":\"EntryPoint\",\"urlTemplate\":\"https:\\\/\\\/www.largedisplaysolutions.com\\\/pt-pt\\\/?s={search_term_string}\"},\"query-input\":{\"@type\":\"PropertyValueSpecification\",\"valueRequired\":true,\"valueName\":\"search_term_string\"}}],\"inLanguage\":\"pt-PT\"},{\"@type\":\"Organization\",\"@id\":\"https:\\\/\\\/www.largedisplaysolutions.com\\\/pt-pt\\\/#organization\",\"name\":\"Large Display Solutions\",\"url\":\"https:\\\/\\\/www.largedisplaysolutions.com\\\/pt-pt\\\/\",\"logo\":{\"@type\":\"ImageObject\",\"inLanguage\":\"pt-PT\",\"@id\":\"https:\\\/\\\/www.largedisplaysolutions.com\\\/pt-pt\\\/#\\\/schema\\\/logo\\\/image\\\/\",\"url\":\"https:\\\/\\\/www.largedisplaysolutions.com\\\/wp-content\\\/uploads\\\/2021\\\/06\\\/LogotipoLDS_128x40.png\",\"contentUrl\":\"https:\\\/\\\/www.largedisplaysolutions.com\\\/wp-content\\\/uploads\\\/2021\\\/06\\\/LogotipoLDS_128x40.png\",\"width\":128,\"height\":40,\"caption\":\"Large Display Solutions\"},\"image\":{\"@id\":\"https:\\\/\\\/www.largedisplaysolutions.com\\\/pt-pt\\\/#\\\/schema\\\/logo\\\/image\\\/\"}}]}<\/script>\n<!-- \/ Yoast SEO plugin. -->","yoast_head_json":{"title":"Marcador de v\u00eddeo para futebol - Large Display Solutions","description":"Modelo para um placar de v\u00eddeo de futebol que podes usar com o LDSscoreboard e personalizar de acordo com os teus interesses.","robots":{"index":"index","follow":"follow","max-snippet":"max-snippet:-1","max-image-preview":"max-image-preview:large","max-video-preview":"max-video-preview:-1"},"canonical":"https:\/\/www.largedisplaysolutions.com\/pt-pt\/introducao-ao-software-de-placar-desportivo\/modelo-de-um-ecra-de-video-para-futebol\/","og_locale":"pt_PT","og_type":"article","og_title":"Marcador de v\u00eddeo para futebol - Large Display Solutions","og_description":"Modelo para um placar de v\u00eddeo de futebol que podes usar com o LDSscoreboard e personalizar de acordo com os teus interesses.","og_url":"https:\/\/www.largedisplaysolutions.com\/pt-pt\/introducao-ao-software-de-placar-desportivo\/modelo-de-um-ecra-de-video-para-futebol\/","og_site_name":"Large Display Solutions","article_modified_time":"2024-06-18T13:41:47+00:00","twitter_card":"summary_large_image","twitter_misc":{"Tempo estimado de leitura":"17 minutos"},"schema":{"@context":"https:\/\/schema.org","@graph":[{"@type":"WebPage","@id":"https:\/\/www.largedisplaysolutions.com\/pt-pt\/introducao-ao-software-de-placar-desportivo\/modelo-de-um-ecra-de-video-para-futebol\/","url":"https:\/\/www.largedisplaysolutions.com\/pt-pt\/introducao-ao-software-de-placar-desportivo\/modelo-de-um-ecra-de-video-para-futebol\/","name":"Marcador de v\u00eddeo para futebol - Large Display Solutions","isPartOf":{"@id":"https:\/\/www.largedisplaysolutions.com\/pt-pt\/#website"},"datePublished":"2024-06-17T19:35:34+00:00","dateModified":"2024-06-18T13:41:47+00:00","description":"Modelo para um placar de v\u00eddeo de futebol que podes usar com o LDSscoreboard e personalizar de acordo com os teus interesses.","breadcrumb":{"@id":"https:\/\/www.largedisplaysolutions.com\/pt-pt\/introducao-ao-software-de-placar-desportivo\/modelo-de-um-ecra-de-video-para-futebol\/#breadcrumb"},"inLanguage":"pt-PT","potentialAction":[{"@type":"ReadAction","target":["https:\/\/www.largedisplaysolutions.com\/pt-pt\/introducao-ao-software-de-placar-desportivo\/modelo-de-um-ecra-de-video-para-futebol\/"]}]},{"@type":"BreadcrumbList","@id":"https:\/\/www.largedisplaysolutions.com\/pt-pt\/introducao-ao-software-de-placar-desportivo\/modelo-de-um-ecra-de-video-para-futebol\/#breadcrumb","itemListElement":[{"@type":"ListItem","position":1,"name":"Home","item":"https:\/\/www.largedisplaysolutions.com\/pt-pt\/"},{"@type":"ListItem","position":2,"name":"Introdu\u00e7\u00e3o ao software de placar desportivo","item":"https:\/\/www.largedisplaysolutions.com\/pt-pt\/introducao-ao-software-de-placar-desportivo\/"},{"@type":"ListItem","position":3,"name":"Marcador de v\u00eddeo para futebol"}]},{"@type":"WebSite","@id":"https:\/\/www.largedisplaysolutions.com\/pt-pt\/#website","url":"https:\/\/www.largedisplaysolutions.com\/pt-pt\/","name":"Large Display Solutions","description":"Software solutions for LED perimeter systems","publisher":{"@id":"https:\/\/www.largedisplaysolutions.com\/pt-pt\/#organization"},"potentialAction":[{"@type":"SearchAction","target":{"@type":"EntryPoint","urlTemplate":"https:\/\/www.largedisplaysolutions.com\/pt-pt\/?s={search_term_string}"},"query-input":{"@type":"PropertyValueSpecification","valueRequired":true,"valueName":"search_term_string"}}],"inLanguage":"pt-PT"},{"@type":"Organization","@id":"https:\/\/www.largedisplaysolutions.com\/pt-pt\/#organization","name":"Large Display Solutions","url":"https:\/\/www.largedisplaysolutions.com\/pt-pt\/","logo":{"@type":"ImageObject","inLanguage":"pt-PT","@id":"https:\/\/www.largedisplaysolutions.com\/pt-pt\/#\/schema\/logo\/image\/","url":"https:\/\/www.largedisplaysolutions.com\/wp-content\/uploads\/2021\/06\/LogotipoLDS_128x40.png","contentUrl":"https:\/\/www.largedisplaysolutions.com\/wp-content\/uploads\/2021\/06\/LogotipoLDS_128x40.png","width":128,"height":40,"caption":"Large Display Solutions"},"image":{"@id":"https:\/\/www.largedisplaysolutions.com\/pt-pt\/#\/schema\/logo\/image\/"}}]}},"_links":{"self":[{"href":"https:\/\/www.largedisplaysolutions.com\/pt-pt\/wp-json\/wp\/v2\/pages\/17426","targetHints":{"allow":["GET"]}}],"collection":[{"href":"https:\/\/www.largedisplaysolutions.com\/pt-pt\/wp-json\/wp\/v2\/pages"}],"about":[{"href":"https:\/\/www.largedisplaysolutions.com\/pt-pt\/wp-json\/wp\/v2\/types\/page"}],"author":[{"embeddable":true,"href":"https:\/\/www.largedisplaysolutions.com\/pt-pt\/wp-json\/wp\/v2\/users\/1"}],"replies":[{"embeddable":true,"href":"https:\/\/www.largedisplaysolutions.com\/pt-pt\/wp-json\/wp\/v2\/comments?post=17426"}],"version-history":[{"count":8,"href":"https:\/\/www.largedisplaysolutions.com\/pt-pt\/wp-json\/wp\/v2\/pages\/17426\/revisions"}],"predecessor-version":[{"id":17473,"href":"https:\/\/www.largedisplaysolutions.com\/pt-pt\/wp-json\/wp\/v2\/pages\/17426\/revisions\/17473"}],"up":[{"embeddable":true,"href":"https:\/\/www.largedisplaysolutions.com\/pt-pt\/wp-json\/wp\/v2\/pages\/16686"}],"wp:attachment":[{"href":"https:\/\/www.largedisplaysolutions.com\/pt-pt\/wp-json\/wp\/v2\/media?parent=17426"}],"curies":[{"name":"wp","href":"https:\/\/api.w.org\/{rel}","templated":true}]}}