{"id":17506,"date":"2024-06-18T21:32:19","date_gmt":"2024-06-18T21:32:19","guid":{"rendered":"https:\/\/www.largedisplaysolutions.com\/introducao-ao-software-de-placar-desportivo\/video-do-placar-de-beisebol\/"},"modified":"2024-06-18T21:44:40","modified_gmt":"2024-06-18T21:44:40","slug":"video-do-placar-de-beisebol","status":"publish","type":"page","link":"https:\/\/www.largedisplaysolutions.com\/pt-pt\/introducao-ao-software-de-placar-desportivo\/video-do-placar-de-beisebol\/","title":{"rendered":"V\u00eddeo do placar de beisebol"},"content":{"rendered":"<div class=\"fusion-fullwidth fullwidth-box fusion-builder-row-1 fusion-flex-container has-pattern-background has-mask-background nonhundred-percent-fullwidth non-hundred-percent-height-scrolling\" style=\"--awb-border-radius-top-left:0px;--awb-border-radius-top-right:0px;--awb-border-radius-bottom-right:0px;--awb-border-radius-bottom-left:0px;--awb-flex-wrap:wrap;\" ><div class=\"fusion-builder-row fusion-row fusion-flex-align-items-flex-start fusion-flex-content-wrap\" style=\"max-width:1976px;margin-left: calc(-4% \/ 2 );margin-right: calc(-4% \/ 2 );\"><div class=\"fusion-layout-column fusion_builder_column fusion-builder-column-0 fusion_builder_column_1_6 1_6 fusion-flex-column\" style=\"--awb-bg-size:cover;--awb-width-large:16.666666666667%;--awb-margin-top-large:0px;--awb-spacing-right-large:11.52%;--awb-margin-bottom-large:20px;--awb-spacing-left-large:11.52%;--awb-width-medium:16.666666666667%;--awb-order-medium:0;--awb-spacing-right-medium:11.52%;--awb-spacing-left-medium:11.52%;--awb-width-small:100%;--awb-order-small:0;--awb-spacing-right-small:1.92%;--awb-spacing-left-small:1.92%;\"><div class=\"fusion-column-wrapper fusion-column-has-shadow fusion-flex-justify-content-flex-start fusion-content-layout-column\"><\/div><\/div><div class=\"fusion-layout-column fusion_builder_column fusion-builder-column-1 fusion_builder_column_2_3 2_3 fusion-flex-column\" style=\"--awb-bg-size:cover;--awb-width-large:66.666666666667%;--awb-margin-top-large:0px;--awb-spacing-right-large:2.88%;--awb-margin-bottom-large:20px;--awb-spacing-left-large:2.88%;--awb-width-medium:66.666666666667%;--awb-order-medium:0;--awb-spacing-right-medium:2.88%;--awb-spacing-left-medium:2.88%;--awb-width-small:100%;--awb-order-small:0;--awb-spacing-right-small:1.92%;--awb-spacing-left-small:1.92%;\"><div class=\"fusion-column-wrapper fusion-column-has-shadow fusion-flex-justify-content-flex-start fusion-content-layout-column\"><div class=\"fusion-title title fusion-title-1 fusion-sep-none fusion-title-center fusion-title-text fusion-title-size-one\" style=\"--awb-margin-top-small:10px;--awb-margin-right-small:0px;--awb-margin-bottom-small:10px;--awb-margin-left-small:0px;\"><h1 class=\"fusion-title-heading title-heading-center\" style=\"margin:0;\">V\u00eddeo do placar de beisebol<\/h1><\/div><div class=\"fusion-text fusion-text-1\"><p><span style=\"font-weight: 400;\"><a href=\"https:\/\/www.largedisplaysolutions.com\/pt-pt\/software-para-placares-desportivos\/\">O LDSscoreboard<\/a> incorpora um conjunto de modelos de placares de v\u00eddeo de basebol em duas propor\u00e7\u00f5es para simplificar a cria\u00e7\u00e3o do placar certo para a tua equipa. Para o caso espec\u00edfico do basebol, s\u00e3o inclu\u00eddos dois modelos de configura\u00e7\u00e3o para pain\u00e9is de v\u00eddeo de basebol, um para ecr\u00e3s com um r\u00e1cio de aspeto de 4:3 e outro para ecr\u00e3s com um r\u00e1cio de aspeto de 5:1. Isto significa que, se tiveres um ecr\u00e3 com uma resolu\u00e7\u00e3o de 800&#215;600, 1200&#215;900 ou semelhante, podes tomar o modelo de propor\u00e7\u00e3o 4:3 como refer\u00eancia e adapt\u00e1-lo \u00e0 tua resolu\u00e7\u00e3o se a forma como \u00e9 projetado n\u00e3o for a que pretendes. <\/span><\/p>\n<p><span style=\"font-weight: 400;\">No caso do r\u00e1cio 5:1, foi concebido para ecr\u00e3s de 640&#215;128, que \u00e9 um ecr\u00e3 frequentemente utilizado em est\u00e1dios de basebol n\u00e3o profissionais.<\/span><\/p>\n<\/div><div class=\"fusion-image-carousel fusion-image-carousel-auto fusion-image-carousel-1 fusion-carousel-border\"><div class=\"awb-carousel awb-swiper awb-swiper-carousel awb-carousel--carousel awb-swiper-dots-position-bottom\" data-layout=\"carousel\" data-autoplay=\"no\" data-autoplayspeed=\"2500\" data-autoplaypause=\"no\" data-columns=\"5\" data-columnsmedium=\"1\" data-columnssmall=\"1\" data-itemmargin=\"13\" data-itemwidth=\"180\" data-touchscroll=\"no\" data-freemode=\"no\" data-imagesize=\"auto\" data-scrollitems=\"0\" data-centeredslides=\"no\" data-rotationangle=\"50\" data-depth=\"100\" data-speed=\"500\" data-shadow=\"no\" data-pagination=\"bullets\" style=\"--awb-border-width:1px;--awb-border-color:#e9eaee;\"><div class=\"swiper-wrapper awb-image-carousel-wrapper fusion-flex-align-items-center\"><div class=\"swiper-slide\"><div class=\"fusion-carousel-item-wrapper\"><div class=\"fusion-image-wrapper hover-type-zoomin\"><img loading=\"lazy\" decoding=\"async\" width=\"1200\" height=\"900\" src=\"https:\/\/www.largedisplaysolutions.com\/wp-content\/uploads\/2024\/06\/2024-06-18.png\" class=\"attachment-full size-full\" alt=\"V\u00eddeo do placar de beisebol\" srcset=\"https:\/\/www.largedisplaysolutions.com\/wp-content\/uploads\/2024\/06\/2024-06-18-200x150.png 200w, https:\/\/www.largedisplaysolutions.com\/wp-content\/uploads\/2024\/06\/2024-06-18-400x300.png 400w, https:\/\/www.largedisplaysolutions.com\/wp-content\/uploads\/2024\/06\/2024-06-18-600x450.png 600w, https:\/\/www.largedisplaysolutions.com\/wp-content\/uploads\/2024\/06\/2024-06-18-800x600.png 800w, https:\/\/www.largedisplaysolutions.com\/wp-content\/uploads\/2024\/06\/2024-06-18.png 1200w\" sizes=\"auto, (min-width: 2200px) 100vw, (min-width: 712px) 784px, (min-width: 640px) 712px, \" \/><\/div><\/div><\/div><div class=\"swiper-slide\"><div class=\"fusion-carousel-item-wrapper\"><div class=\"fusion-image-wrapper hover-type-zoomin\"><img loading=\"lazy\" decoding=\"async\" width=\"960\" height=\"192\" src=\"https:\/\/www.largedisplaysolutions.com\/wp-content\/uploads\/2024\/06\/2024-06-18-1.png\" class=\"attachment-full size-full\" alt=\"V\u00eddeo do painel de avalia\u00e7\u00e3o do basebol 5:1\" srcset=\"https:\/\/www.largedisplaysolutions.com\/wp-content\/uploads\/2024\/06\/2024-06-18-1-200x40.png 200w, https:\/\/www.largedisplaysolutions.com\/wp-content\/uploads\/2024\/06\/2024-06-18-1-400x80.png 400w, https:\/\/www.largedisplaysolutions.com\/wp-content\/uploads\/2024\/06\/2024-06-18-1-600x120.png 600w, https:\/\/www.largedisplaysolutions.com\/wp-content\/uploads\/2024\/06\/2024-06-18-1-800x160.png 800w, https:\/\/www.largedisplaysolutions.com\/wp-content\/uploads\/2024\/06\/2024-06-18-1.png 960w\" sizes=\"auto, (min-width: 2200px) 100vw, (min-width: 712px) 784px, (min-width: 640px) 712px, \" \/><\/div><\/div><\/div><\/div><div class=\"awb-swiper-button awb-swiper-button-prev\"><i class=\"awb-icon-angle-left\" aria-hidden=\"true\"><\/i><\/div><div class=\"awb-swiper-button awb-swiper-button-next\"><i class=\"awb-icon-angle-right\" aria-hidden=\"true\"><\/i><\/div><\/div><\/div><div class=\"fusion-title title fusion-title-2 fusion-sep-none fusion-title-text fusion-title-size-two\" style=\"--awb-margin-top-small:10px;--awb-margin-right-small:0px;--awb-margin-bottom-small:10px;--awb-margin-left-small:0px;\"><h2 class=\"fusion-title-heading title-heading-left\" style=\"margin:0;\">Contador de resultados de basebol<\/h2><\/div><div class=\"fusion-text fusion-text-2\"><p><span style=\"font-weight: 400;\">Para que possas ter o placard pronto o mais rapidamente poss\u00edvel, oferecemos-te uma vista, ou apresenta\u00e7\u00e3o de diapositivos, que apresenta o resultado do jogo, mas podes acrescentar tantos diapositivos quantos considerares necess\u00e1rios, apresentando jogadores, publicidade de v\u00e1rios patrocinadores ou v\u00eddeos de apresenta\u00e7\u00e3o.<\/span><\/p>\n<\/div><div class=\"fusion-title title fusion-title-3 fusion-sep-none fusion-title-text fusion-title-size-two\" style=\"--awb-margin-top-small:10px;--awb-margin-right-small:0px;--awb-margin-bottom-small:10px;--awb-margin-left-small:0px;\"><h2 class=\"fusion-title-heading title-heading-left\" style=\"margin:0;\">Marcadores de edi\u00e7\u00e3o de v\u00eddeo<\/h2><\/div><div class=\"fusion-text fusion-text-3\"><p><span style=\"font-weight: 400;\">Como <a href=\"https:\/\/www.largedisplaysolutions.com\/pt-pt\/software-para-placares-desportivos\/\">o LDSscoreboard<\/a> \u00e9 um editor de placares de v\u00eddeo, podes construir os teus pr\u00f3prios slides, mas tamb\u00e9m podes copiar slides de outros placares, como o placar de v\u00eddeo de futebol, ou qualquer outro placar de v\u00eddeo que j\u00e1 tenhas no teu computador.<\/span><\/p>\n<p><span style=\"font-weight: 400;\"><a href=\"https:\/\/www.largedisplaysolutions.com\/pt-pt\/software-para-placares-desportivos\/\">LDSscoreboard<\/a> incorpora um editor de placares de v\u00eddeo que te permitir\u00e1 realizar o trabalho de edi\u00e7\u00e3o de placares de forma r\u00e1pida e simples, arrastando e configurando diferentes elementos como: imagens, v\u00eddeos, textos, etc&#8230; Da mesma forma, lembra-te que esta ferramenta est\u00e1 constantemente a ser desenvolvida e melhorada para proporcionar a melhor experi\u00eancia poss\u00edvel ao utilizador no processo de cria\u00e7\u00e3o e edi\u00e7\u00e3o de marcadores de v\u00eddeo.<\/span><\/p>\n<\/div><\/div><\/div><div class=\"fusion-layout-column fusion_builder_column fusion-builder-column-2 fusion_builder_column_1_6 1_6 fusion-flex-column\" style=\"--awb-bg-size:cover;--awb-width-large:16.666666666667%;--awb-margin-top-large:0px;--awb-spacing-right-large:11.52%;--awb-margin-bottom-large:20px;--awb-spacing-left-large:11.52%;--awb-width-medium:16.666666666667%;--awb-order-medium:0;--awb-spacing-right-medium:11.52%;--awb-spacing-left-medium:11.52%;--awb-width-small:100%;--awb-order-small:0;--awb-spacing-right-small:1.92%;--awb-spacing-left-small:1.92%;\"><div class=\"fusion-column-wrapper fusion-column-has-shadow fusion-flex-justify-content-flex-start fusion-content-layout-column\"><\/div><\/div><\/div><\/div>\n","protected":false},"excerpt":{"rendered":"","protected":false},"author":1,"featured_media":0,"parent":16686,"menu_order":0,"comment_status":"closed","ping_status":"closed","template":"","meta":{"footnotes":""},"class_list":["post-17506","page","type-page","status-publish","hentry"],"yoast_head":"<!-- This site is optimized with the Yoast SEO plugin v27.4 - https:\/\/yoast.com\/product\/yoast-seo-wordpress\/ -->\n<title>V\u00eddeo do placar de beisebol - Large Display Solutions<\/title>\n<meta name=\"description\" content=\"O marcador de v\u00eddeo para basebol, desenvolvido para LDSscoreboard, permite-te ter um sistema para controlar o resultado do jogo.\" \/>\n<meta name=\"robots\" content=\"index, follow, max-snippet:-1, max-image-preview:large, max-video-preview:-1\" \/>\n<link rel=\"canonical\" href=\"https:\/\/www.largedisplaysolutions.com\/pt-pt\/introducao-ao-software-de-placar-desportivo\/video-do-placar-de-beisebol\/\" \/>\n<meta property=\"og:locale\" content=\"pt_PT\" \/>\n<meta property=\"og:type\" content=\"article\" \/>\n<meta property=\"og:title\" content=\"V\u00eddeo do placar de beisebol - Large Display Solutions\" \/>\n<meta property=\"og:description\" content=\"O marcador de v\u00eddeo para basebol, desenvolvido para LDSscoreboard, permite-te ter um sistema para controlar o resultado do jogo.\" \/>\n<meta property=\"og:url\" content=\"https:\/\/www.largedisplaysolutions.com\/pt-pt\/introducao-ao-software-de-placar-desportivo\/video-do-placar-de-beisebol\/\" \/>\n<meta property=\"og:site_name\" content=\"Large Display Solutions\" \/>\n<meta property=\"article:modified_time\" content=\"2024-06-18T21:44:40+00:00\" \/>\n<meta name=\"twitter:card\" content=\"summary_large_image\" \/>\n<meta name=\"twitter:label1\" content=\"Tempo estimado de leitura\" \/>\n\t<meta name=\"twitter:data1\" content=\"2 minutos\" \/>\n<script type=\"application\/ld+json\" class=\"yoast-schema-graph\">{\"@context\":\"https:\\\/\\\/schema.org\",\"@graph\":[{\"@type\":\"WebPage\",\"@id\":\"https:\\\/\\\/www.largedisplaysolutions.com\\\/pt-pt\\\/introducao-ao-software-de-placar-desportivo\\\/video-do-placar-de-beisebol\\\/\",\"url\":\"https:\\\/\\\/www.largedisplaysolutions.com\\\/pt-pt\\\/introducao-ao-software-de-placar-desportivo\\\/video-do-placar-de-beisebol\\\/\",\"name\":\"V\u00eddeo do placar de beisebol - Large Display Solutions\",\"isPartOf\":{\"@id\":\"https:\\\/\\\/www.largedisplaysolutions.com\\\/pt-pt\\\/#website\"},\"datePublished\":\"2024-06-18T21:32:19+00:00\",\"dateModified\":\"2024-06-18T21:44:40+00:00\",\"description\":\"O marcador de v\u00eddeo para basebol, desenvolvido para LDSscoreboard, permite-te ter um sistema para controlar o resultado do jogo.\",\"breadcrumb\":{\"@id\":\"https:\\\/\\\/www.largedisplaysolutions.com\\\/pt-pt\\\/introducao-ao-software-de-placar-desportivo\\\/video-do-placar-de-beisebol\\\/#breadcrumb\"},\"inLanguage\":\"pt-PT\",\"potentialAction\":[{\"@type\":\"ReadAction\",\"target\":[\"https:\\\/\\\/www.largedisplaysolutions.com\\\/pt-pt\\\/introducao-ao-software-de-placar-desportivo\\\/video-do-placar-de-beisebol\\\/\"]}]},{\"@type\":\"BreadcrumbList\",\"@id\":\"https:\\\/\\\/www.largedisplaysolutions.com\\\/pt-pt\\\/introducao-ao-software-de-placar-desportivo\\\/video-do-placar-de-beisebol\\\/#breadcrumb\",\"itemListElement\":[{\"@type\":\"ListItem\",\"position\":1,\"name\":\"Home\",\"item\":\"https:\\\/\\\/www.largedisplaysolutions.com\\\/pt-pt\\\/\"},{\"@type\":\"ListItem\",\"position\":2,\"name\":\"Introdu\u00e7\u00e3o ao software de placar desportivo\",\"item\":\"https:\\\/\\\/www.largedisplaysolutions.com\\\/pt-pt\\\/introducao-ao-software-de-placar-desportivo\\\/\"},{\"@type\":\"ListItem\",\"position\":3,\"name\":\"V\u00eddeo do placar de beisebol\"}]},{\"@type\":\"WebSite\",\"@id\":\"https:\\\/\\\/www.largedisplaysolutions.com\\\/pt-pt\\\/#website\",\"url\":\"https:\\\/\\\/www.largedisplaysolutions.com\\\/pt-pt\\\/\",\"name\":\"Large Display Solutions\",\"description\":\"Software solutions for LED perimeter systems\",\"publisher\":{\"@id\":\"https:\\\/\\\/www.largedisplaysolutions.com\\\/pt-pt\\\/#organization\"},\"potentialAction\":[{\"@type\":\"SearchAction\",\"target\":{\"@type\":\"EntryPoint\",\"urlTemplate\":\"https:\\\/\\\/www.largedisplaysolutions.com\\\/pt-pt\\\/?s={search_term_string}\"},\"query-input\":{\"@type\":\"PropertyValueSpecification\",\"valueRequired\":true,\"valueName\":\"search_term_string\"}}],\"inLanguage\":\"pt-PT\"},{\"@type\":\"Organization\",\"@id\":\"https:\\\/\\\/www.largedisplaysolutions.com\\\/pt-pt\\\/#organization\",\"name\":\"Large Display Solutions\",\"url\":\"https:\\\/\\\/www.largedisplaysolutions.com\\\/pt-pt\\\/\",\"logo\":{\"@type\":\"ImageObject\",\"inLanguage\":\"pt-PT\",\"@id\":\"https:\\\/\\\/www.largedisplaysolutions.com\\\/pt-pt\\\/#\\\/schema\\\/logo\\\/image\\\/\",\"url\":\"https:\\\/\\\/www.largedisplaysolutions.com\\\/wp-content\\\/uploads\\\/2021\\\/06\\\/LogotipoLDS_128x40.png\",\"contentUrl\":\"https:\\\/\\\/www.largedisplaysolutions.com\\\/wp-content\\\/uploads\\\/2021\\\/06\\\/LogotipoLDS_128x40.png\",\"width\":128,\"height\":40,\"caption\":\"Large Display Solutions\"},\"image\":{\"@id\":\"https:\\\/\\\/www.largedisplaysolutions.com\\\/pt-pt\\\/#\\\/schema\\\/logo\\\/image\\\/\"}}]}<\/script>\n<!-- \/ Yoast SEO plugin. -->","yoast_head_json":{"title":"V\u00eddeo do placar de beisebol - Large Display Solutions","description":"O marcador de v\u00eddeo para basebol, desenvolvido para LDSscoreboard, permite-te ter um sistema para controlar o resultado do jogo.","robots":{"index":"index","follow":"follow","max-snippet":"max-snippet:-1","max-image-preview":"max-image-preview:large","max-video-preview":"max-video-preview:-1"},"canonical":"https:\/\/www.largedisplaysolutions.com\/pt-pt\/introducao-ao-software-de-placar-desportivo\/video-do-placar-de-beisebol\/","og_locale":"pt_PT","og_type":"article","og_title":"V\u00eddeo do placar de beisebol - Large Display Solutions","og_description":"O marcador de v\u00eddeo para basebol, desenvolvido para LDSscoreboard, permite-te ter um sistema para controlar o resultado do jogo.","og_url":"https:\/\/www.largedisplaysolutions.com\/pt-pt\/introducao-ao-software-de-placar-desportivo\/video-do-placar-de-beisebol\/","og_site_name":"Large Display Solutions","article_modified_time":"2024-06-18T21:44:40+00:00","twitter_card":"summary_large_image","twitter_misc":{"Tempo estimado de leitura":"2 minutos"},"schema":{"@context":"https:\/\/schema.org","@graph":[{"@type":"WebPage","@id":"https:\/\/www.largedisplaysolutions.com\/pt-pt\/introducao-ao-software-de-placar-desportivo\/video-do-placar-de-beisebol\/","url":"https:\/\/www.largedisplaysolutions.com\/pt-pt\/introducao-ao-software-de-placar-desportivo\/video-do-placar-de-beisebol\/","name":"V\u00eddeo do placar de beisebol - Large Display Solutions","isPartOf":{"@id":"https:\/\/www.largedisplaysolutions.com\/pt-pt\/#website"},"datePublished":"2024-06-18T21:32:19+00:00","dateModified":"2024-06-18T21:44:40+00:00","description":"O marcador de v\u00eddeo para basebol, desenvolvido para LDSscoreboard, permite-te ter um sistema para controlar o resultado do jogo.","breadcrumb":{"@id":"https:\/\/www.largedisplaysolutions.com\/pt-pt\/introducao-ao-software-de-placar-desportivo\/video-do-placar-de-beisebol\/#breadcrumb"},"inLanguage":"pt-PT","potentialAction":[{"@type":"ReadAction","target":["https:\/\/www.largedisplaysolutions.com\/pt-pt\/introducao-ao-software-de-placar-desportivo\/video-do-placar-de-beisebol\/"]}]},{"@type":"BreadcrumbList","@id":"https:\/\/www.largedisplaysolutions.com\/pt-pt\/introducao-ao-software-de-placar-desportivo\/video-do-placar-de-beisebol\/#breadcrumb","itemListElement":[{"@type":"ListItem","position":1,"name":"Home","item":"https:\/\/www.largedisplaysolutions.com\/pt-pt\/"},{"@type":"ListItem","position":2,"name":"Introdu\u00e7\u00e3o ao software de placar desportivo","item":"https:\/\/www.largedisplaysolutions.com\/pt-pt\/introducao-ao-software-de-placar-desportivo\/"},{"@type":"ListItem","position":3,"name":"V\u00eddeo do placar de beisebol"}]},{"@type":"WebSite","@id":"https:\/\/www.largedisplaysolutions.com\/pt-pt\/#website","url":"https:\/\/www.largedisplaysolutions.com\/pt-pt\/","name":"Large Display Solutions","description":"Software solutions for LED perimeter systems","publisher":{"@id":"https:\/\/www.largedisplaysolutions.com\/pt-pt\/#organization"},"potentialAction":[{"@type":"SearchAction","target":{"@type":"EntryPoint","urlTemplate":"https:\/\/www.largedisplaysolutions.com\/pt-pt\/?s={search_term_string}"},"query-input":{"@type":"PropertyValueSpecification","valueRequired":true,"valueName":"search_term_string"}}],"inLanguage":"pt-PT"},{"@type":"Organization","@id":"https:\/\/www.largedisplaysolutions.com\/pt-pt\/#organization","name":"Large Display Solutions","url":"https:\/\/www.largedisplaysolutions.com\/pt-pt\/","logo":{"@type":"ImageObject","inLanguage":"pt-PT","@id":"https:\/\/www.largedisplaysolutions.com\/pt-pt\/#\/schema\/logo\/image\/","url":"https:\/\/www.largedisplaysolutions.com\/wp-content\/uploads\/2021\/06\/LogotipoLDS_128x40.png","contentUrl":"https:\/\/www.largedisplaysolutions.com\/wp-content\/uploads\/2021\/06\/LogotipoLDS_128x40.png","width":128,"height":40,"caption":"Large Display Solutions"},"image":{"@id":"https:\/\/www.largedisplaysolutions.com\/pt-pt\/#\/schema\/logo\/image\/"}}]}},"_links":{"self":[{"href":"https:\/\/www.largedisplaysolutions.com\/pt-pt\/wp-json\/wp\/v2\/pages\/17506","targetHints":{"allow":["GET"]}}],"collection":[{"href":"https:\/\/www.largedisplaysolutions.com\/pt-pt\/wp-json\/wp\/v2\/pages"}],"about":[{"href":"https:\/\/www.largedisplaysolutions.com\/pt-pt\/wp-json\/wp\/v2\/types\/page"}],"author":[{"embeddable":true,"href":"https:\/\/www.largedisplaysolutions.com\/pt-pt\/wp-json\/wp\/v2\/users\/1"}],"replies":[{"embeddable":true,"href":"https:\/\/www.largedisplaysolutions.com\/pt-pt\/wp-json\/wp\/v2\/comments?post=17506"}],"version-history":[{"count":9,"href":"https:\/\/www.largedisplaysolutions.com\/pt-pt\/wp-json\/wp\/v2\/pages\/17506\/revisions"}],"predecessor-version":[{"id":17582,"href":"https:\/\/www.largedisplaysolutions.com\/pt-pt\/wp-json\/wp\/v2\/pages\/17506\/revisions\/17582"}],"up":[{"embeddable":true,"href":"https:\/\/www.largedisplaysolutions.com\/pt-pt\/wp-json\/wp\/v2\/pages\/16686"}],"wp:attachment":[{"href":"https:\/\/www.largedisplaysolutions.com\/pt-pt\/wp-json\/wp\/v2\/media?parent=17506"}],"curies":[{"name":"wp","href":"https:\/\/api.w.org\/{rel}","templated":true}]}}